{"id":606,"date":"2026-01-16T14:42:46","date_gmt":"2026-01-16T13:42:46","guid":{"rendered":"https:\/\/schaedlingsbekaempfung-euregio.de\/karriere\/"},"modified":"2026-02-09T07:10:56","modified_gmt":"2026-02-09T06:10:56","slug":"carriere","status":"publish","type":"page","link":"https:\/\/schaedlingsbekaempfung-euregio.de\/nl\/carriere\/","title":{"rendered":"Carri\u00e8re"},"content":{"rendered":"<section class=\"banner\">\n\n\t<img decoding=\"async\" src=\"https:\/\/schaedlingsbekaempfung-euregio.de\/wp-content\/uploads\/2026\/01\/man-in-protective-gear-outdoors-2026-01-08-06-10-19-utc-1.jpg\" alt=\"Sch\u00e4dlingsbek\u00e4mpfer\">\n\n\t<div class=\"banner_overlay\">\n\n\t\t<div class=\"container\">\n\n\t\t\t<div class=\"row\">\n\n\t\t\t\t<div class=\"col-lg-6 col-md-8 banner_text\">\n\n\t\t\t\t\t<h1>Carri\u00e8re<\/h1>\n<p>Ben je op zoek naar een baan met verantwoordelijkheid en toekomstperspectief? Begin dan je carri\u00e8re bij ons en word onderdeel van een team dat expertise, technologie en passie inzet om veilige en schone resultaten te garanderen.<\/p>\n \n\t\t\t\t<\/div>\n\n\t\t\t<\/div>\n\n\t\t<\/div>\n\n\t<\/div>\n\n<\/section>\n\n\n<div style=\"height:100px\" aria-hidden=\"true\" class=\"wp-block-spacer\"><\/div>\n\n\n<section class=\"text\">\n\t\n\t<div class=\"container\">\n\n\t\t<div class=\"row\">\n\n\t\t\t<div class=\"col-lg-12\">\n\n\t\t\t\t<h2 style=\"text-align: center;\">Waarom wij <strong>trainingen voor ongediertebestrijders aanbieden <em>en waarom jij de juiste persoon voor ons bent<\/em><\/strong><\/h2>\n<p style=\"text-align: center;\">Ongediertebestrijding is belangrijker dan ooit voor de bescherming van het milieu, de volksgezondheid en de consument. Of het nu gaat om voedselproductie, woongebouwen of natuurbehoud, professionele ongediertebestrijders zijn verantwoordelijk voor hygi\u00ebne, veiligheid en naleving van wettelijke voorschriften. Dit beroep combineert technische expertise, biologische kennis en direct contact met mensen, waardoor het een veelzijdige en toekomstbestendige carri\u00e8re is.<\/p>\n\n\t\t\t<\/div>\n\n\t\t<\/div>\n\n\t<\/div>\n\n<\/section>\n\n\n<div style=\"height:100px\" aria-hidden=\"true\" class=\"wp-block-spacer\"><\/div>\n\n\n\n<div class=\"wp-block-group has-white-color has-text-color has-background has-link-color wp-elements-7877789cde02b73e00ef603631f684c1\" style=\"background-color:#021132\"><div class=\"wp-block-group__inner-container is-layout-constrained wp-block-group-is-layout-constrained\"><section class=\"iconbox\">\n\n\t\n\t<div class=\"icons\">\n\n\t\t<div class=\"container\">\n\n\t\t\t<div class=\"row\">\n\n\t\t\t\t\n\t\t\t\t\t\n\t\t\t\t\t\t\n\t\t\t\t\t\t\t<div class=\"col-lg-12 icon_single\">\n\n\t\t\t\t\t\t\n\t\t\t\t\t\t\t<strong><img decoding=\"async\" src=\"https:\/\/schaedlingsbekaempfung-euregio.de\/wp-content\/uploads\/2026\/01\/Vector4.svg\" alt=\"Icon Gl\u00fchbirne\"> Waarom wij trainen<\/strong>\n\n\t\t\t\t\t\t\t<span>Als gevestigd specialistisch bedrijf weten we dat de kwaliteit van ons werk in belangrijke mate afhangt van de mensen die het dagelijks uitvoeren. Daarom investeren we specifiek in jong talent, niet alleen om gekwalificeerde medewerkers voor de toekomst te garanderen, maar ook omdat we onze ervaring en kennis willen doorgeven. Wij staan \u200b\u200bvoor een gedegen, praktische en verantwoorde opleiding, waarbij onze stagiairs vanaf dag \u00e9\u00e9n worden betrokken bij echte werkprocessen en altijd worden begeleid en ondersteund door ervaren professionals.<\/span>\n\n\t\t\t\t\t\t<\/div>\n\n\t\t\t\t\t\t\t\t\n\n\t\t\t\t\t\n\n\t\t\t<\/div>\n\n\t\t<\/div>\n\n\t<\/div>\t\n\n<\/section><\/div><\/div>\n\n\n\n<div style=\"height:100px\" aria-hidden=\"true\" class=\"wp-block-spacer\"><\/div>\n\n\n<section class=\"text\">\n\t\n\t<div class=\"container\">\n\n\t\t<div class=\"row\">\n\n\t\t\t<div class=\"col-lg-12\">\n\n\t\t\t\t<h2 style=\"text-align: center;\">Waarom je je bij ons zou moeten aansluiten<\/h2>\n\n\t\t\t<\/div>\n\n\t\t<\/div>\n\n\t<\/div>\n\n<\/section>\n\n\n<div style=\"height:50px\" aria-hidden=\"true\" class=\"wp-block-spacer\"><\/div>\n\n\n<section class=\"teaser\">\n\t\n\t<div class=\"container\">\n\n\t\t<div class=\"row justify-content-center\">\n\n\t\t\t\n\t\t\t\t\n\t\t\t\t\t<div class=\"col-lg-4 col-md-6 teaser_single\">\n\n\t\t\t\t\t\t<img decoding=\"async\" src=\"https:\/\/schaedlingsbekaempfung-euregio.de\/wp-content\/uploads\/2026\/01\/Vector6.svg\" alt=\"Icon\">\n\n\t\t\t\t\t\t<strong>Perspectief<\/strong>\n\n\t\t\t\t\t\t<span>Ben je op zoek naar een afwisselende baan met echte maatschappelijke relevantie en toekomstperspectieven?<\/span>\n\n\t\t\t\t\t<\/div>\n\n\t\t\t\t\n\t\t\t\t\t<div class=\"col-lg-4 col-md-6 teaser_single\">\n\n\t\t\t\t\t\t<img decoding=\"async\" src=\"https:\/\/schaedlingsbekaempfung-euregio.de\/wp-content\/uploads\/2026\/01\/handshake.svg\" alt=\"Icon Handschlag\">\n\n\t\t\t\t\t\t<strong>Teamwerk<\/strong>\n\n\t\t\t\t\t\t<span>Werk je graag in een team, ben je fysiek fit en heb je interesse in natuur, technologie en hygi\u00ebne?<\/span>\n\n\t\t\t\t\t<\/div>\n\n\t\t\t\t\n\t\t\t\t\t<div class=\"col-lg-4 col-md-6 teaser_single\">\n\n\t\t\t\t\t\t<img decoding=\"async\" src=\"https:\/\/schaedlingsbekaempfung-euregio.de\/wp-content\/uploads\/2026\/01\/Vector5.svg\" alt=\"Icon Stern\">\n\n\t\t\t\t\t\t<strong>Betalen<\/strong>\n\n\t\t\t\t\t\t<span>Wil je een bovengemiddeld salaris verdienen en ben je op zoek naar een baan waar prestaties echt worden erkend en eerlijk beloond?<\/span>\n\n\t\t\t\t\t<\/div>\n\n\t\t\t\t\t\t\t\n\n\t\t\t\t\t\t\n\n\t\t<\/div>\n\n\t<\/div>\n\n<\/section>\n\n\n<div style=\"height:100px\" aria-hidden=\"true\" class=\"wp-block-spacer\"><\/div>\n\n\n\n<div class=\"wp-block-group has-white-color has-text-color has-background has-link-color wp-elements-7396d0b894aa2cc2a43f56a6bbdae366\" style=\"background-color:#021132\"><div class=\"wp-block-group__inner-container is-layout-constrained wp-block-group-is-layout-constrained\"><section class=\"iconbox\">\n\n\t\n\t<div class=\"icons\">\n\n\t\t<div class=\"container\">\n\n\t\t\t<div class=\"row\">\n\n\t\t\t\t\n\t\t\t\t\t\n\t\t\t\t\t\t\n\t\t\t\t\t\t\t<div class=\"col-lg-12 icon_single\">\n\n\t\t\t\t\t\t\n\t\t\t\t\t\t\t<strong><img decoding=\"async\" src=\"https:\/\/schaedlingsbekaempfung-euregio.de\/wp-content\/uploads\/2026\/01\/Vector3.svg\" alt=\"Icon Haken\"> Als de argumenten je overtuigen<\/strong>\n\n\t\t\t\t\t\t\t<span>Dan is een leerwerktraject tot ongediertebestrijder precies wat je zoekt, en wij zijn het perfecte bedrijf daarvoor. Onze leerlingen zijn geen meelopers, maar gewaardeerde teamleden vanaf het allereerste begin. We stimuleren persoonlijke verantwoordelijkheid, ondersteunen professionele ontwikkeling door middel van regelmatige trainingen en bieden onze leerlingen graag een vaste baan aan na succesvolle afronding van het leerwerktraject.<\/span>\n\n\t\t\t\t\t\t<\/div>\n\n\t\t\t\t\t\t\t\t\n\n\t\t\t\t\t\n\n\t\t\t<\/div>\n\n\t\t<\/div>\n\n\t<\/div>\t\n\n<\/section><\/div><\/div>\n\n\n\n<div style=\"height:100px\" aria-hidden=\"true\" class=\"wp-block-spacer\"><\/div>\n\n\n<section class=\"contact\">\n\t\n\t<div class=\"container\">\n\n\t\t<div class=\"row\">\n\n\t\t\t<div class=\"col-lg-5 info_half\">\n\n\t\t\t\t<h2><strong>Solliciteer<\/strong> vandaag nog!<\/h2>\n<p>Word onderdeel van een sterk team met een groot verantwoordelijkheidsgevoel.<\/p>\n\n\t\t\t\t<span><i class=\"fas fa-map-marker-alt\"><\/i>&nbsp;Buschstr. 34, 52146 W\u00fcrselen<\/span>\n\n\t\t\t\t<span><a href=\"tel:+49 171 103 2222\"><i class=\"fas fa-phone-alt\"><\/i>&nbsp;+49 171 103 2222<\/a><\/span>\n\n\t\t\t\t<span><a href=\"mailto:info@schaedlingsbekaempfung-euregio.de\"><i class=\"fas fa-envelope\"><\/i>&nbsp;info@schaedlingsbekaempfung-euregio.de<\/a><\/span>\n\n\t\t\t<\/div>\n\n\t\t\t<div class=\"col-lg-7\">\n\n\t\t\t\t\n<div class=\"wpcf7 no-js\" id=\"wpcf7-f1059-o1\" lang=\"nl-NL\" dir=\"ltr\" data-wpcf7-id=\"1059\">\n<div class=\"screen-reader-response\"><p role=\"status\" aria-live=\"polite\" aria-atomic=\"true\"><\/p> <ul><\/ul><\/div>\n<form action=\"\/nl\/wp-json\/wp\/v2\/pages\/606#wpcf7-f1059-o1\" method=\"post\" class=\"wpcf7-form init\" aria-label=\"Contactformulier\" enctype=\"multipart\/form-data\" novalidate=\"novalidate\" data-status=\"init\">\n<fieldset class=\"hidden-fields-container\"><input type=\"hidden\" name=\"_wpcf7\" value=\"1059\" \/><input type=\"hidden\" name=\"_wpcf7_version\" value=\"6.1.5\" \/><input type=\"hidden\" name=\"_wpcf7_locale\" value=\"nl_NL\" \/><input type=\"hidden\" name=\"_wpcf7_unit_tag\" value=\"wpcf7-f1059-o1\" \/><input type=\"hidden\" name=\"_wpcf7_container_post\" value=\"0\" \/><input type=\"hidden\" name=\"_wpcf7_posted_data_hash\" value=\"\" \/>\n<\/fieldset>\n<div class=\"container p-0\">\n\t<div class=\"row align-items-end\">\n\t\t<div class=\"formfield col-md-6\">\n\t\t\t<p><span class=\"wpcf7-form-control-wrap\" data-name=\"full-name\"><input size=\"40\" maxlength=\"400\" class=\"wpcf7-form-control wpcf7-text wpcf7-validates-as-required\" aria-required=\"true\" aria-invalid=\"false\" placeholder=\"Naam *\" value=\"\" type=\"text\" name=\"full-name\" \/><\/span>\n\t\t\t<\/p>\n\t\t<\/div>\n\t\t<div class=\"formfield col-md-6\">\n\t\t\t<p><span class=\"wpcf7-form-control-wrap\" data-name=\"email\"><input size=\"40\" maxlength=\"400\" class=\"wpcf7-form-control wpcf7-email wpcf7-validates-as-required wpcf7-text wpcf7-validates-as-email\" aria-required=\"true\" aria-invalid=\"false\" placeholder=\"E-Mail *\" value=\"\" type=\"email\" name=\"email\" \/><\/span>\n\t\t\t<\/p>\n\t\t<\/div>\n\t\t<div class=\"formfield col-md-6\">\n\t\t\t<p><span class=\"wpcf7-form-control-wrap\" data-name=\"phone\"><input size=\"40\" maxlength=\"400\" class=\"wpcf7-form-control wpcf7-tel wpcf7-validates-as-required wpcf7-text wpcf7-validates-as-tel\" aria-required=\"true\" aria-invalid=\"false\" placeholder=\"Telefoon *\" value=\"\" type=\"tel\" name=\"phone\" \/><\/span>\n\t\t\t<\/p>\n\t\t<\/div>\n\t\t<div class=\"formfield col-md-6\">\n\t\t\t<p><span class=\"wpcf7-form-control-wrap\" data-name=\"job\"><select class=\"wpcf7-form-control wpcf7-select\" aria-invalid=\"false\" name=\"job\"><option value=\"\">Selecteer baan<\/option><option value=\"Opleiding\">Opleiding<\/option><option value=\"Vaste positie\">Vaste positie<\/option><\/select><\/span>\n\t\t\t<\/p>\n\t\t<\/div>\n\t\t<div class=\"formfield col-md-12\">\n\t\t\t<p><label>Sollicitatie<\/label>\n\t\t\t<\/p>\n\t\t\t<p><span class=\"wpcf7-form-control-wrap\" data-name=\"application\"><input size=\"40\" class=\"wpcf7-form-control wpcf7-file\" accept=\".*\" aria-invalid=\"false\" type=\"file\" name=\"application\" \/><\/span>\n\t\t\t<\/p>\n\t\t<\/div>\n\t\t<div class=\"formfield col-md-12\">\n\t\t\t<p><span class=\"wpcf7-form-control-wrap\" data-name=\"message\"><textarea cols=\"40\" rows=\"10\" maxlength=\"2000\" class=\"wpcf7-form-control wpcf7-textarea wpcf7-validates-as-required\" aria-required=\"true\" aria-invalid=\"false\" placeholder=\"Bericht *\" name=\"message\"><\/textarea><\/span>\n\t\t\t<\/p>\n\t\t<\/div>\n\t\t<div class=\"formfield col-md-12\">\n\t\t\t<p><span class=\"wpcf7-form-control-wrap\" data-name=\"privacy\"><span class=\"wpcf7-form-control wpcf7-acceptance\"><span class=\"wpcf7-list-item\"><label><input type=\"checkbox\" name=\"privacy\" value=\"1\" aria-invalid=\"false\" \/><span class=\"wpcf7-list-item-label\">Ik heb het privacybeleid gelezen. *<\/span><\/label><\/span><\/span><\/span>\n\t\t\t<\/p>\n\t\t<\/div>\n\t\t<div class=\"formfield col-md-12\">\n\t\t\t<p><input class=\"wpcf7-form-control wpcf7-submit has-spinner\" type=\"submit\" value=\"Bericht verzenden\" \/>\n\t\t\t<\/p>\n\t\t<\/div>\n\t<\/div>\n<\/div><div class=\"wpcf7-response-output\" aria-hidden=\"true\"><\/div>\n<\/form>\n<\/div>\n\n\t\t\t<\/div>\n\n\t\t<\/div>\n\n\t<\/div>\n\n<\/section>\n\n\n<div style=\"height:100px\" aria-hidden=\"true\" class=\"wp-block-spacer\"><\/div>\n","protected":false},"excerpt":{"rendered":"","protected":false},"author":1,"featured_media":0,"parent":0,"menu_order":0,"comment_status":"closed","ping_status":"closed","template":"","meta":{"_acf_changed":false,"footnotes":""},"class_list":["post-606","page","type-page","status-publish","hentry"],"acf":[],"yoast_head":"<!-- This site is optimized with the Yoast SEO plugin v27.4 - https:\/\/yoast.com\/product\/yoast-seo-wordpress\/ -->\n<title>Carri\u00e8re - Sch\u00e4dlingsbek\u00e4mpfung Kutsch<\/title>\n<meta name=\"robots\" content=\"index, follow, max-snippet:-1, max-image-preview:large, max-video-preview:-1\" \/>\n<link rel=\"canonical\" href=\"https:\/\/schaedlingsbekaempfung-euregio.de\/nl\/carriere\/\" \/>\n<meta property=\"og:locale\" content=\"nl_NL\" \/>\n<meta property=\"og:type\" content=\"article\" \/>\n<meta property=\"og:title\" content=\"Carri\u00e8re - Sch\u00e4dlingsbek\u00e4mpfung Kutsch\" \/>\n<meta property=\"og:url\" content=\"https:\/\/schaedlingsbekaempfung-euregio.de\/nl\/carriere\/\" \/>\n<meta property=\"og:site_name\" content=\"Sch\u00e4dlingsbek\u00e4mpfung Kutsch\" \/>\n<meta property=\"article:modified_time\" content=\"2026-02-09T06:10:56+00:00\" \/>\n<meta name=\"twitter:card\" content=\"summary_large_image\" \/>\n<script type=\"application\/ld+json\" class=\"yoast-schema-graph\">{\"@context\":\"https:\\\/\\\/schema.org\",\"@graph\":[{\"@type\":\"WebPage\",\"@id\":\"https:\\\/\\\/schaedlingsbekaempfung-euregio.de\\\/nl\\\/carriere\\\/\",\"url\":\"https:\\\/\\\/schaedlingsbekaempfung-euregio.de\\\/nl\\\/carriere\\\/\",\"name\":\"Carri\u00e8re - Sch\u00e4dlingsbek\u00e4mpfung Kutsch\",\"isPartOf\":{\"@id\":\"https:\\\/\\\/schaedlingsbekaempfung-euregio.de\\\/nl\\\/#website\"},\"datePublished\":\"2026-01-16T13:42:46+00:00\",\"dateModified\":\"2026-02-09T06:10:56+00:00\",\"breadcrumb\":{\"@id\":\"https:\\\/\\\/schaedlingsbekaempfung-euregio.de\\\/nl\\\/carriere\\\/#breadcrumb\"},\"inLanguage\":\"nl-NL\",\"potentialAction\":[{\"@type\":\"ReadAction\",\"target\":[\"https:\\\/\\\/schaedlingsbekaempfung-euregio.de\\\/nl\\\/carriere\\\/\"]}]},{\"@type\":\"BreadcrumbList\",\"@id\":\"https:\\\/\\\/schaedlingsbekaempfung-euregio.de\\\/nl\\\/carriere\\\/#breadcrumb\",\"itemListElement\":[{\"@type\":\"ListItem\",\"position\":1,\"name\":\"Start\",\"item\":\"https:\\\/\\\/schaedlingsbekaempfung-euregio.de\\\/nl\\\/\"},{\"@type\":\"ListItem\",\"position\":2,\"name\":\"Carri\u00e8re\"}]},{\"@type\":\"WebSite\",\"@id\":\"https:\\\/\\\/schaedlingsbekaempfung-euregio.de\\\/nl\\\/#website\",\"url\":\"https:\\\/\\\/schaedlingsbekaempfung-euregio.de\\\/nl\\\/\",\"name\":\"Sch\u00e4dlingsbek\u00e4mpfung Henry Kutsch\",\"description\":\"\",\"publisher\":{\"@id\":\"https:\\\/\\\/schaedlingsbekaempfung-euregio.de\\\/nl\\\/#organization\"},\"potentialAction\":[{\"@type\":\"SearchAction\",\"target\":{\"@type\":\"EntryPoint\",\"urlTemplate\":\"https:\\\/\\\/schaedlingsbekaempfung-euregio.de\\\/nl\\\/?s={search_term_string}\"},\"query-input\":{\"@type\":\"PropertyValueSpecification\",\"valueRequired\":true,\"valueName\":\"search_term_string\"}}],\"inLanguage\":\"nl-NL\"},{\"@type\":\"Organization\",\"@id\":\"https:\\\/\\\/schaedlingsbekaempfung-euregio.de\\\/nl\\\/#organization\",\"name\":\"Sch\u00e4dlingsbek\u00e4mpfung Henry Kutsch\",\"url\":\"https:\\\/\\\/schaedlingsbekaempfung-euregio.de\\\/nl\\\/\",\"logo\":{\"@type\":\"ImageObject\",\"inLanguage\":\"nl-NL\",\"@id\":\"https:\\\/\\\/schaedlingsbekaempfung-euregio.de\\\/nl\\\/#\\\/schema\\\/logo\\\/image\\\/\",\"url\":\"https:\\\/\\\/schaedlingsbekaempfung-euregio.de\\\/wp-content\\\/uploads\\\/2026\\\/02\\\/logo_white-bg.svg\",\"contentUrl\":\"https:\\\/\\\/schaedlingsbekaempfung-euregio.de\\\/wp-content\\\/uploads\\\/2026\\\/02\\\/logo_white-bg.svg\",\"width\":1,\"height\":1,\"caption\":\"Sch\u00e4dlingsbek\u00e4mpfung Henry Kutsch\"},\"image\":{\"@id\":\"https:\\\/\\\/schaedlingsbekaempfung-euregio.de\\\/nl\\\/#\\\/schema\\\/logo\\\/image\\\/\"}}]}<\/script>\n<!-- \/ Yoast SEO plugin. -->","yoast_head_json":{"title":"Carri\u00e8re - Sch\u00e4dlingsbek\u00e4mpfung Kutsch","robots":{"index":"index","follow":"follow","max-snippet":"max-snippet:-1","max-image-preview":"max-image-preview:large","max-video-preview":"max-video-preview:-1"},"canonical":"https:\/\/schaedlingsbekaempfung-euregio.de\/nl\/carriere\/","og_locale":"nl_NL","og_type":"article","og_title":"Carri\u00e8re - Sch\u00e4dlingsbek\u00e4mpfung Kutsch","og_url":"https:\/\/schaedlingsbekaempfung-euregio.de\/nl\/carriere\/","og_site_name":"Sch\u00e4dlingsbek\u00e4mpfung Kutsch","article_modified_time":"2026-02-09T06:10:56+00:00","twitter_card":"summary_large_image","schema":{"@context":"https:\/\/schema.org","@graph":[{"@type":"WebPage","@id":"https:\/\/schaedlingsbekaempfung-euregio.de\/nl\/carriere\/","url":"https:\/\/schaedlingsbekaempfung-euregio.de\/nl\/carriere\/","name":"Carri\u00e8re - Sch\u00e4dlingsbek\u00e4mpfung Kutsch","isPartOf":{"@id":"https:\/\/schaedlingsbekaempfung-euregio.de\/nl\/#website"},"datePublished":"2026-01-16T13:42:46+00:00","dateModified":"2026-02-09T06:10:56+00:00","breadcrumb":{"@id":"https:\/\/schaedlingsbekaempfung-euregio.de\/nl\/carriere\/#breadcrumb"},"inLanguage":"nl-NL","potentialAction":[{"@type":"ReadAction","target":["https:\/\/schaedlingsbekaempfung-euregio.de\/nl\/carriere\/"]}]},{"@type":"BreadcrumbList","@id":"https:\/\/schaedlingsbekaempfung-euregio.de\/nl\/carriere\/#breadcrumb","itemListElement":[{"@type":"ListItem","position":1,"name":"Start","item":"https:\/\/schaedlingsbekaempfung-euregio.de\/nl\/"},{"@type":"ListItem","position":2,"name":"Carri\u00e8re"}]},{"@type":"WebSite","@id":"https:\/\/schaedlingsbekaempfung-euregio.de\/nl\/#website","url":"https:\/\/schaedlingsbekaempfung-euregio.de\/nl\/","name":"Sch\u00e4dlingsbek\u00e4mpfung Henry Kutsch","description":"","publisher":{"@id":"https:\/\/schaedlingsbekaempfung-euregio.de\/nl\/#organization"},"potentialAction":[{"@type":"SearchAction","target":{"@type":"EntryPoint","urlTemplate":"https:\/\/schaedlingsbekaempfung-euregio.de\/nl\/?s={search_term_string}"},"query-input":{"@type":"PropertyValueSpecification","valueRequired":true,"valueName":"search_term_string"}}],"inLanguage":"nl-NL"},{"@type":"Organization","@id":"https:\/\/schaedlingsbekaempfung-euregio.de\/nl\/#organization","name":"Sch\u00e4dlingsbek\u00e4mpfung Henry Kutsch","url":"https:\/\/schaedlingsbekaempfung-euregio.de\/nl\/","logo":{"@type":"ImageObject","inLanguage":"nl-NL","@id":"https:\/\/schaedlingsbekaempfung-euregio.de\/nl\/#\/schema\/logo\/image\/","url":"https:\/\/schaedlingsbekaempfung-euregio.de\/wp-content\/uploads\/2026\/02\/logo_white-bg.svg","contentUrl":"https:\/\/schaedlingsbekaempfung-euregio.de\/wp-content\/uploads\/2026\/02\/logo_white-bg.svg","width":1,"height":1,"caption":"Sch\u00e4dlingsbek\u00e4mpfung Henry Kutsch"},"image":{"@id":"https:\/\/schaedlingsbekaempfung-euregio.de\/nl\/#\/schema\/logo\/image\/"}}]}},"_links":{"self":[{"href":"https:\/\/schaedlingsbekaempfung-euregio.de\/nl\/wp-json\/wp\/v2\/pages\/606","targetHints":{"allow":["GET"]}}],"collection":[{"href":"https:\/\/schaedlingsbekaempfung-euregio.de\/nl\/wp-json\/wp\/v2\/pages"}],"about":[{"href":"https:\/\/schaedlingsbekaempfung-euregio.de\/nl\/wp-json\/wp\/v2\/types\/page"}],"author":[{"embeddable":true,"href":"https:\/\/schaedlingsbekaempfung-euregio.de\/nl\/wp-json\/wp\/v2\/users\/1"}],"replies":[{"embeddable":true,"href":"https:\/\/schaedlingsbekaempfung-euregio.de\/nl\/wp-json\/wp\/v2\/comments?post=606"}],"version-history":[{"count":3,"href":"https:\/\/schaedlingsbekaempfung-euregio.de\/nl\/wp-json\/wp\/v2\/pages\/606\/revisions"}],"predecessor-version":[{"id":1138,"href":"https:\/\/schaedlingsbekaempfung-euregio.de\/nl\/wp-json\/wp\/v2\/pages\/606\/revisions\/1138"}],"wp:attachment":[{"href":"https:\/\/schaedlingsbekaempfung-euregio.de\/nl\/wp-json\/wp\/v2\/media?parent=606"}],"curies":[{"name":"wp","href":"https:\/\/api.w.org\/{rel}","templated":true}]}}