{"id":622,"date":"2026-01-16T14:36:09","date_gmt":"2026-01-16T13:36:09","guid":{"rendered":"https:\/\/schaedlingsbekaempfung-euregio.de\/startseite\/"},"modified":"2026-04-24T13:08:33","modified_gmt":"2026-04-24T11:08:33","slug":"page-daccueil","status":"publish","type":"page","link":"https:\/\/schaedlingsbekaempfung-euregio.de\/fr\/","title":{"rendered":"Home"},"content":{"rendered":"<section class=\"hero\">\n\n\t<img decoding=\"async\" src=\"https:\/\/schaedlingsbekaempfung-euregio.de\/wp-content\/uploads\/2026\/04\/banner-2.jpg\" alt=\"\">\n\n\t<div class=\"hero_overlay\">\n\n\t\t<div class=\"container\">\n\n\t\t\t<div class=\"row\">\n\n\t\t\t\t<div class=\"col-lg-8 hero_text\">\n\n\t\t\t\t\t<h1>Lutte antiparasitaire <strong>dans l&rsquo;EUREGIO !<\/strong><\/h1>\n<p>Bienvenue chez Henry Kutsch Pest Control. Nous sommes votre partenaire de confiance pour une lutte antiparasitaire professionnelle et respectueuse de l&rsquo;environnement \u00e0 Aix-la-Chapelle et ses environs. Forts de nombreuses ann\u00e9es d&rsquo;exp\u00e9rience, nous aidons les particuliers, les entreprises et les soci\u00e9t\u00e9s de gestion immobili\u00e8re \u00e0 \u00e9liminer les nuisibles rapidement, discr\u00e8tement et durablement.<\/p>\n\n\t\t\t\t\t<a class=\"button button_white\" target=\"_blank\" href=\"https:\/\/wa.me\/1711032222\"><i class=\"fab fa-whatsapp\"><\/i>&nbsp;Contacter sur WhatsApp<\/a>\n\n\t\t\t\t\t<a class=\"button\" target=\"\" href=\"tel:00491711032222\">Appelez maintenant!<\/a>\n\n\t\t\t\t<\/div>\n\n\t\t\t\t\n\t\t\t\t\t<div class=\"col-lg-12 hero_logos\">\n\n\t\t\t\t\t\t<ul>\n\n\t\t\t\t\t\t\t\n\t\t\t\t\t\t\t\t<li>\n\t\t\t\t\t\t\t\t\t<img decoding=\"async\" src=\"https:\/\/schaedlingsbekaempfung-euregio.de\/wp-content\/uploads\/2026\/01\/ihk_geprueft.jpg\" alt=\"Logo IHK\">\n\t\t\t\t\t\t\t\t<\/li>\n\n\t\t\t\t\t\t\t\n\t\t\t\t\t\t\t\t<li>\n\t\t\t\t\t\t\t\t\t<img decoding=\"async\" src=\"https:\/\/schaedlingsbekaempfung-euregio.de\/wp-content\/uploads\/2026\/01\/ihk_azubi.jpg\" alt=\"Logo Ausbilder\">\n\t\t\t\t\t\t\t\t<\/li>\n\n\t\t\t\t\t\t\t\n\t\t\t\t\t\t<\/ul>\n\n\t\t\t\t\t<\/div>\t\t\t\t\t\n\n\t\t\t\t\n\t\t\t<\/div>\n\n\t\t<\/div>\n\n\t<\/div>\n\n<\/section>\n\n\n<div style=\"height:100px\" aria-hidden=\"true\" class=\"wp-block-spacer\"><\/div>\n\n\n<section class=\"teaser\">\n\t\n\t<div class=\"container\">\n\n\t\t<div class=\"row justify-content-center\">\n\n\t\t\t\n\t\t\t\t\n\t\t\t\t\t<div class=\"col-lg-4 col-md-6 teaser_single\">\n\n\t\t\t\t\t\t<img decoding=\"async\" src=\"https:\/\/schaedlingsbekaempfung-euregio.de\/wp-content\/uploads\/2026\/01\/check_circle_unread.svg\" alt=\"Icon Haken im Kreis\">\n\n\t\t\t\t\t\t<strong>Lutte professionnelle contre les nuisibles<\/strong>\n\n\t\t\t\t\t\t<span>Qu&rsquo;il s&rsquo;agisse de fourmis dans la cuisine, de gu\u00eapes dans la maison, de souris \u00e0 la cave ou d&rsquo;autres visiteurs ind\u00e9sirables, nous proposons des solutions efficaces et adapt\u00e9es \u00e0 votre situation. Nous utilisons des m\u00e9thodes modernes, \u00e9cologiques et s\u00fbres, sans danger pour les personnes et les animaux domestiques.<\/span>\n\n\t\t\t\t\t<\/div>\n\n\t\t\t\t\n\t\t\t\t\t<div class=\"col-lg-4 col-md-6 teaser_single\">\n\n\t\t\t\t\t\t<img decoding=\"async\" src=\"https:\/\/schaedlingsbekaempfung-euregio.de\/wp-content\/uploads\/2026\/01\/handshake.svg\" alt=\"Icon Handschlag\">\n\n\t\t\t\t\t\t<strong>Prix \u200b\u200bjustes et conseils personnalis\u00e9s<\/strong>\n\n\t\t\t\t\t\t<span>Avec nous, vous b\u00e9n\u00e9ficiez non seulement d&rsquo;une d\u00e9sinsectisation rapide et efficace, mais aussi de tarifs justes et transparents. Nous prenons le temps de r\u00e9pondre \u00e0 vos questions et de vous expliquer clairement les \u00e9tapes n\u00e9cessaires pour garantir une protection durable contre les nuisibles dans votre maison ou votre entreprise.<\/span>\n\n\t\t\t\t\t<\/div>\n\n\t\t\t\t\n\t\t\t\t\t<div class=\"col-lg-4 col-md-6 teaser_single\">\n\n\t\t\t\t\t\t<img decoding=\"async\" src=\"https:\/\/schaedlingsbekaempfung-euregio.de\/wp-content\/uploads\/2026\/01\/beenhere.svg\" alt=\"Icon Check\">\n\n\t\t\t\t\t\t<strong>Local \u00e0 Aix-la-Chapelle et arriv\u00e9e rapide<\/strong>\n\n\t\t\t\t\t\t<span>Entreprise locale de lutte antiparasitaire bas\u00e9e \u00e0 Aix-la-Chapelle, nous intervenons rapidement et connaissons parfaitement les probl\u00e8mes de nuisibles courants dans la r\u00e9gion. Notre proximit\u00e9 vous garantit une assistance rapide et un service personnalis\u00e9 pr\u00e8s de chez vous. Notre service d&rsquo;identification est gratuit\u00a0!<\/span>\n\n\t\t\t\t\t<\/div>\n\n\t\t\t\t\t\t\t\n\n\t\t\t\t\t\t\n\n\t\t<\/div>\n\n\t<\/div>\n\n<\/section>\n\n\n<div style=\"height:70px\" aria-hidden=\"true\" class=\"wp-block-spacer\"><\/div>\n\n\n\n<div class=\"wp-block-group has-white-color has-text-color has-background has-link-color wp-elements-2a7bb30a936f8ff4543527e577286a98\" style=\"background-color:#021132\"><div class=\"wp-block-group__inner-container is-layout-constrained wp-block-group-is-layout-constrained\">\n<div class=\"wp-block-columns is-layout-flex wp-container-core-columns-is-layout-9d6595d7 wp-block-columns-is-layout-flex\">\n<div class=\"wp-block-column is-layout-flow wp-block-column-is-layout-flow\"><section class=\"accordion\">\n\t\n\t<div class=\"container\">\n\n\t\t<div class=\"row\">\n\n\t\t\t\n\t\t\t\t<div class=\"col-lg-12 introduction\">\n\n\t\t\t\t\t<h2>Votre expert en lutte antiparasitaire respectueuse de l&rsquo;environnement<\/h2>\n<p>Notre expertise se traduit par une lutte antiparasitaire professionnelle, une intervention rapide et des solutions durables. Nous travaillons avec fiabilit\u00e9 et discr\u00e9tion, et adaptons nos services \u00e0 vos besoins sp\u00e9cifiques.<\/p>\n\n\t\t\t\t<\/div>\n\n\t\t\t\n\t\t\t<div class=\"col-lg-12\">\n\n\t\t\t\t\n\t\t\t\t\t\t<div class=\"accordion_single\">\n\n\t\t\t\t\t\t\t<div class=\"accordion_title\">\n\n\t\t\t\t\t\t\t\t<h3>Lutte antiparasitaire rapide et discr\u00e8te<\/h3>\n\n\t\t\t\t\t\t\t\t<i class=\"fas fa-chevron-down\"><\/i>\n\n\t\t\t\t\t\t\t<\/div>\n\n\t\t\t\t\t\t\t<div class=\"accordion_content\">\n\n\t\t\t\t\t\t\t\t<p>Notre service de d\u00e9sinsectisation est rapide, fiable et d&rsquo;une discr\u00e9tion absolue. D\u00e8s que vous nous contactez, nous intervenons rapidement et fixons un rendez-vous afin d&#8217;emp\u00eacher la propagation de l&rsquo;infestation. Sur place, nous proc\u00e9dons avec professionnalisme et efficacit\u00e9 pour identifier la source du probl\u00e8me et mettre en \u0153uvre la solution appropri\u00e9e. Nous veillons tout particuli\u00e8rement \u00e0 travailler discr\u00e8tement afin de ne pas attirer l&rsquo;attention de vos voisins ou de votre lieu de travail. Gr\u00e2ce \u00e0 des m\u00e9thodes efficaces et \u00e9prouv\u00e9es, nous garantissons non seulement l&rsquo;\u00e9limination des nuisibles, mais aussi leur maintien \u00e0 distance d\u00e9finitif.<\/p>\n\n\t\t\t\t\t\t\t\t\n\t\t\t\t\t\t\t\t\t<a class=\"button\" target=\"\" href=\"https:\/\/schaedlingsbekaempfung-euregio.de\/fr\/services\/\">Services<\/a>\t\t\t\t\t\t\t\t\t\n\t\t\t\t\t\t\t\t\n\t\t\t\t\t\t\t<\/div>\t\t\t\t\t\t\t\n\n\t\t\t\t\t\t<\/div>\n\n\t\t\t\t\t\n\t\t\t\t\t\t<div class=\"accordion_single\">\n\n\t\t\t\t\t\t\t<div class=\"accordion_title\">\n\n\t\t\t\t\t\t\t\t<h3>Prix \u200b\u200b\u00e9quitable<\/h3>\n\n\t\t\t\t\t\t\t\t<i class=\"fas fa-chevron-down\"><\/i>\n\n\t\t\t\t\t\t\t<\/div>\n\n\t\t\t\t\t\t\t<div class=\"accordion_content\">\n\n\t\t\t\t\t\t\t\t<p>Avec nous, vous b\u00e9n\u00e9ficiez de tarifs justes et transparents. Avant m\u00eame le d\u00e9but des travaux, nous vous informons clairement des co\u00fbts potentiels et de l&rsquo;\u00e9tendue des mesures pr\u00e9vues, afin que vous sachiez exactement \u00e0 quoi vous attendre. Nous privil\u00e9gions les solutions efficaces et pertinentes aux options superflues, car votre probl\u00e8me de nuisibles doit \u00eatre r\u00e9solu durablement sans surco\u00fbt. Ainsi, vous profitez d&rsquo;une d\u00e9sinsectisation professionnelle \u00e0 un prix raisonnable, avec une grille tarifaire claire et honn\u00eate.<\/p>\n\n\t\t\t\t\t\t\t\t\n\t\t\t\t\t\t\t\t\t<a class=\"button\" target=\"\" href=\"https:\/\/schaedlingsbekaempfung-euregio.de\/fr\/contact\/\">Contact<\/a>\t\t\t\t\t\t\t\t\t\n\t\t\t\t\t\t\t\t\n\t\t\t\t\t\t\t<\/div>\t\t\t\t\t\t\t\n\n\t\t\t\t\t\t<\/div>\n\n\t\t\t\t\t\n\t\t\t\t\t\t<div class=\"accordion_single\">\n\n\t\t\t\t\t\t\t<div class=\"accordion_title\">\n\n\t\t\t\t\t\t\t\t<h3>Identification gratuite des nuisibles<\/h3>\n\n\t\t\t\t\t\t\t\t<i class=\"fas fa-chevron-down\"><\/i>\n\n\t\t\t\t\t\t\t<\/div>\n\n\t\t\t\t\t\t\t<div class=\"accordion_content\">\n\n\t\t\t\t\t\t\t\t<p>Gr\u00e2ce \u00e0 notre service gratuit d&rsquo;identification des nuisibles, vous identifierez rapidement le type de parasite et conna\u00eetrez la marche \u00e0 suivre. Il est souvent difficile pour un particulier de faire la diff\u00e9rence entre un visiteur inoffensif et une infestation importante. Pour nous permettre de vous aider encore plus rapidement, vous pouvez nous envoyer facilement des photos ou de courtes vid\u00e9os du parasite ou de la zone touch\u00e9e via WhatsApp. Nous \u00e9valuerons la situation avec professionnalisme, vous fournirons un premier diagnostic et vous expliquerons clairement les prochaines \u00e9tapes recommand\u00e9es. Ainsi, vous \u00e9vitez les d\u00e9penses inutiles, agissez au plus vite et trouvez rapidement la solution adapt\u00e9e.<\/p>\n\n\t\t\t\t\t\t\t\t\n\t\t\t\t\t\t\t\t\t<a class=\"button\" target=\"_blank\" href=\"https:\/\/wa.me\/1711032222\">Message WhatsApp<\/a>\t\t\t\t\t\t\t\t\t\n\t\t\t\t\t\t\t\t\n\t\t\t\t\t\t\t<\/div>\t\t\t\t\t\t\t\n\n\t\t\t\t\t\t<\/div>\n\n\t\t\t\t\t\n\t\t\t\t\t\t<div class=\"accordion_single\">\n\n\t\t\t\t\t\t\t<div class=\"accordion_title\">\n\n\t\t\t\t\t\t\t\t<h3>Contr\u00f4leur antiparasitaire certifi\u00e9 IHK<\/h3>\n\n\t\t\t\t\t\t\t\t<i class=\"fas fa-chevron-down\"><\/i>\n\n\t\t\t\t\t\t\t<\/div>\n\n\t\t\t\t\t\t\t<div class=\"accordion_content\">\n\n\t\t\t\t\t\t\t\t<p>En tant qu&rsquo;experts en lutte antiparasitaire certifi\u00e9s par la Chambre de commerce et d&rsquo;industrie de Hong Kong (IHK), nous vous offrons une comp\u00e9tence professionnelle, des qualifications v\u00e9rifi\u00e9es et une approche rigoureuse. Gr\u00e2ce \u00e0 des formations reconnues et \u00e0 une formation continue r\u00e9guli\u00e8re, nous ma\u00eetrisons parfaitement les proc\u00e9dures en vigueur, les exigences l\u00e9gales et les m\u00e9thodes de lutte antiparasitaire s\u00fbres. Ainsi, toutes nos interventions sont r\u00e9alis\u00e9es avec professionnalisme, efficacit\u00e9 et responsabilit\u00e9. Notre objectif est non seulement de r\u00e9soudre votre probl\u00e8me de nuisibles rapidement, mais aussi de pr\u00e9venir toute infestation future, pour que vous retrouviez une tranquillit\u00e9 d&rsquo;esprit totale.<\/p>\n\n\t\t\t\t\t\t\t\t\n\t\t\t\t\t\t\t\t\t<a class=\"button\" target=\"\" href=\"https:\/\/schaedlingsbekaempfung-euregio.de\/fr\/a-propos-de-nous\/\">\u00c0 propos de nous<\/a>\t\t\t\t\t\t\t\t\t\n\t\t\t\t\t\t\t\t\n\t\t\t\t\t\t\t<\/div>\t\t\t\t\t\t\t\n\n\t\t\t\t\t\t<\/div>\n\n\t\t\t\t\t\n\t\t\t\t\t\t<div class=\"accordion_single\">\n\n\t\t\t\t\t\t\t<div class=\"accordion_title\">\n\n\t\t\t\t\t\t\t\t<h3>Analyse coh\u00e9rente des causes profondes<\/h3>\n\n\t\t\t\t\t\t\t\t<i class=\"fas fa-chevron-down\"><\/i>\n\n\t\t\t\t\t\t\t<\/div>\n\n\t\t\t\t\t\t\t<div class=\"accordion_content\">\n\n\t\t\t\t\t\t\t\t<p>Pour nous, une lutte antiparasitaire efficace ne se limite pas \u00e0 l&rsquo;\u00e9limination rapide des nuisibles visibles. C&rsquo;est pourquoi nous nous attachons \u00e0 traiter la cause profonde du probl\u00e8me et \u00e0 en identifier l&rsquo;origine. Nous analysons sur place comment l&rsquo;infestation a d\u00e9but\u00e9, o\u00f9 les nuisibles se cachent et comment ils p\u00e9n\u00e8trent dans le b\u00e2timent. Nous mettons ensuite en \u0153uvre les mesures appropri\u00e9es pour non seulement \u00e9radiquer l&rsquo;infestation actuelle, mais aussi pr\u00e9venir durablement toute r\u00e9cidive. Selon la situation, cela peut inclure des mesures pr\u00e9ventives telles que le colmatage des points d&rsquo;entr\u00e9e, l&rsquo;\u00e9limination des sources de nourriture ou des recommandations sp\u00e9cifiques pour une pr\u00e9vention quotidienne. Ainsi, vous b\u00e9n\u00e9ficiez d&rsquo;une solution \u00e0 long terme et non d&rsquo;un simple soulagement d&rsquo;urgence.<\/p>\n\n\t\t\t\t\t\t\t\t\n\t\t\t\t\t\t\t\t\t<a class=\"button\" target=\"\" href=\"https:\/\/schaedlingsbekaempfung-euregio.de\/fr\/services\/\">Services<\/a>\t\t\t\t\t\t\t\t\t\n\t\t\t\t\t\t\t\t\n\t\t\t\t\t\t\t<\/div>\t\t\t\t\t\t\t\n\n\t\t\t\t\t\t<\/div>\n\n\t\t\t\t\t\n\t\t\t\t\t\t<div class=\"accordion_single\">\n\n\t\t\t\t\t\t\t<div class=\"accordion_title\">\n\n\t\t\t\t\t\t\t\t<h3>Conseils comp\u00e9tents<\/h3>\n\n\t\t\t\t\t\t\t\t<i class=\"fas fa-chevron-down\"><\/i>\n\n\t\t\t\t\t\t\t<\/div>\n\n\t\t\t\t\t\t\t<div class=\"accordion_content\">\n\n\t\t\t\t\t\t\t\t<p>Avec nous, vous b\u00e9n\u00e9ficierez de conseils d&rsquo;experts, honn\u00eates et adapt\u00e9s \u00e0 votre situation. Nous prenons le temps de r\u00e9pondre clairement \u00e0 vos questions et d&rsquo;\u00e9valuer pr\u00e9cis\u00e9ment l&rsquo;infestation afin que vous sachiez exactement quelles mesures prendre. Nous vous expliquerons en toute transparence le processus de traitement, les causes possibles et comment pr\u00e9venir efficacement toute infestation future. Notre objectif est que vous vous sentiez bien inform\u00e9 et en confiance, que ce soit pour un probl\u00e8me urgent ou une pr\u00e9vention \u00e0 long terme.<\/p>\n\n\t\t\t\t\t\t\t\t\n\t\t\t\t\t\t\t\t\t<a class=\"button\" target=\"\" href=\"https:\/\/schaedlingsbekaempfung-euregio.de\/fr\/contact\/\">Contact<\/a>\t\t\t\t\t\t\t\t\t\n\t\t\t\t\t\t\t\t\n\t\t\t\t\t\t\t<\/div>\t\t\t\t\t\t\t\n\n\t\t\t\t\t\t<\/div>\n\n\t\t\t\t\t\n\t\t\t<\/div>\n\n\t\t<\/div>\n\n\t<\/div>\n\n<\/section><\/div>\n\n\n\n<div class=\"wp-block-column is-layout-flow wp-block-column-is-layout-flow\"><div class=\"container h-100\">\n\n\t<div class=\"row h-100\">\n\n\t\t<div class=\"col-lg-12 h-100\">\n\n\t\t\t<div class=\"imagewrap\">\n\n\t\t\t\t<img decoding=\"async\" src=\"https:\/\/schaedlingsbekaempfung-euregio.de\/wp-content\/uploads\/2026\/01\/aachen.jpg\" alt=\"Aachener Dom\">\n\n\t\t\t<\/div>\n\n\t\t<\/div>\n\n\t<\/div>\n\n<\/div><\/div>\n<\/div>\n<\/div><\/div>\n\n\n\n<div style=\"height:100px\" aria-hidden=\"true\" class=\"wp-block-spacer\"><\/div>\n\n\n<section class=\"cta\">\n\t\n\t<div class=\"container\">\n\n\t\t<div class=\"row\">\n\n\t\t\t<div class=\"col-lg-8 offset-lg-2\">\n\n\t\t\t\t<h2>Lutte antiparasitaire <strong>dans l&rsquo;EUREGIO!<\/strong><\/h2>\n<p>Notre service de lutte antiparasitaire \u00e9cologique est d\u00e9sormais accessible \u00e0 tous \u00e0 Aix-la-Chapelle et ses environs\u00a0! Contactez-nous d\u00e8s maintenant pour une identification gratuite des nuisibles.<\/p>\n\n\t\t\t\t\n\t\t\t\t\t<a class=\"button\" href=\"https:\/\/schaedlingsbekaempfung-euregio.de\/fr\/contact\/\" target=\"\">Demander un devis<\/a>\n\n\t\t\t\t\n\t\t\t<\/div>\n\n\t\t<\/div>\n\n\t<\/div>\n\n<\/section>\n\n\n<div style=\"height:100px\" aria-hidden=\"true\" class=\"wp-block-spacer\"><\/div>\n","protected":false},"excerpt":{"rendered":"","protected":false},"author":1,"featured_media":0,"parent":0,"menu_order":0,"comment_status":"closed","ping_status":"closed","template":"","meta":{"_acf_changed":false,"footnotes":""},"class_list":["post-622","page","type-page","status-publish","hentry"],"acf":[],"yoast_head":"<!-- This site is optimized with the Yoast SEO plugin v27.4 - https:\/\/yoast.com\/product\/yoast-seo-wordpress\/ -->\n<title>Home - Sch\u00e4dlingsbek\u00e4mpfung Kutsch<\/title>\n<meta name=\"robots\" content=\"index, follow, max-snippet:-1, max-image-preview:large, max-video-preview:-1\" \/>\n<link rel=\"canonical\" href=\"https:\/\/schaedlingsbekaempfung-euregio.de\/fr\/\" \/>\n<meta property=\"og:locale\" content=\"fr_FR\" \/>\n<meta property=\"og:type\" content=\"article\" \/>\n<meta property=\"og:title\" content=\"Home - Sch\u00e4dlingsbek\u00e4mpfung Kutsch\" \/>\n<meta property=\"og:url\" content=\"https:\/\/schaedlingsbekaempfung-euregio.de\/fr\/\" \/>\n<meta property=\"og:site_name\" content=\"Sch\u00e4dlingsbek\u00e4mpfung Kutsch\" \/>\n<meta property=\"article:modified_time\" content=\"2026-04-24T11:08:33+00:00\" \/>\n<meta name=\"twitter:card\" content=\"summary_large_image\" \/>\n<meta name=\"twitter:label1\" content=\"Dur\u00e9e de lecture estim\u00e9e\" \/>\n\t<meta name=\"twitter:data1\" content=\"6 minutes\" \/>\n<script type=\"application\/ld+json\" class=\"yoast-schema-graph\">{\"@context\":\"https:\\\/\\\/schema.org\",\"@graph\":[{\"@type\":\"WebPage\",\"@id\":\"https:\\\/\\\/schaedlingsbekaempfung-euregio.de\\\/fr\\\/\",\"url\":\"https:\\\/\\\/schaedlingsbekaempfung-euregio.de\\\/fr\\\/\",\"name\":\"Home - Sch\u00e4dlingsbek\u00e4mpfung Kutsch\",\"isPartOf\":{\"@id\":\"https:\\\/\\\/schaedlingsbekaempfung-euregio.de\\\/fr\\\/#website\"},\"datePublished\":\"2026-01-16T13:36:09+00:00\",\"dateModified\":\"2026-04-24T11:08:33+00:00\",\"breadcrumb\":{\"@id\":\"https:\\\/\\\/schaedlingsbekaempfung-euregio.de\\\/fr\\\/#breadcrumb\"},\"inLanguage\":\"fr-FR\",\"potentialAction\":[{\"@type\":\"ReadAction\",\"target\":[\"https:\\\/\\\/schaedlingsbekaempfung-euregio.de\\\/fr\\\/\"]}]},{\"@type\":\"BreadcrumbList\",\"@id\":\"https:\\\/\\\/schaedlingsbekaempfung-euregio.de\\\/fr\\\/#breadcrumb\",\"itemListElement\":[{\"@type\":\"ListItem\",\"position\":1,\"name\":\"Start\",\"item\":\"https:\\\/\\\/schaedlingsbekaempfung-euregio.de\\\/fr\\\/\"},{\"@type\":\"ListItem\",\"position\":2,\"name\":\"Home\"}]},{\"@type\":\"WebSite\",\"@id\":\"https:\\\/\\\/schaedlingsbekaempfung-euregio.de\\\/fr\\\/#website\",\"url\":\"https:\\\/\\\/schaedlingsbekaempfung-euregio.de\\\/fr\\\/\",\"name\":\"Sch\u00e4dlingsbek\u00e4mpfung Henry Kutsch\",\"description\":\"\",\"publisher\":{\"@id\":\"https:\\\/\\\/schaedlingsbekaempfung-euregio.de\\\/fr\\\/#organization\"},\"potentialAction\":[{\"@type\":\"SearchAction\",\"target\":{\"@type\":\"EntryPoint\",\"urlTemplate\":\"https:\\\/\\\/schaedlingsbekaempfung-euregio.de\\\/fr\\\/?s={search_term_string}\"},\"query-input\":{\"@type\":\"PropertyValueSpecification\",\"valueRequired\":true,\"valueName\":\"search_term_string\"}}],\"inLanguage\":\"fr-FR\"},{\"@type\":\"Organization\",\"@id\":\"https:\\\/\\\/schaedlingsbekaempfung-euregio.de\\\/fr\\\/#organization\",\"name\":\"Sch\u00e4dlingsbek\u00e4mpfung Henry Kutsch\",\"url\":\"https:\\\/\\\/schaedlingsbekaempfung-euregio.de\\\/fr\\\/\",\"logo\":{\"@type\":\"ImageObject\",\"inLanguage\":\"fr-FR\",\"@id\":\"https:\\\/\\\/schaedlingsbekaempfung-euregio.de\\\/fr\\\/#\\\/schema\\\/logo\\\/image\\\/\",\"url\":\"https:\\\/\\\/schaedlingsbekaempfung-euregio.de\\\/wp-content\\\/uploads\\\/2026\\\/02\\\/logo_white-bg.svg\",\"contentUrl\":\"https:\\\/\\\/schaedlingsbekaempfung-euregio.de\\\/wp-content\\\/uploads\\\/2026\\\/02\\\/logo_white-bg.svg\",\"width\":1,\"height\":1,\"caption\":\"Sch\u00e4dlingsbek\u00e4mpfung Henry Kutsch\"},\"image\":{\"@id\":\"https:\\\/\\\/schaedlingsbekaempfung-euregio.de\\\/fr\\\/#\\\/schema\\\/logo\\\/image\\\/\"}}]}<\/script>\n<!-- \/ Yoast SEO plugin. -->","yoast_head_json":{"title":"Home - Sch\u00e4dlingsbek\u00e4mpfung Kutsch","robots":{"index":"index","follow":"follow","max-snippet":"max-snippet:-1","max-image-preview":"max-image-preview:large","max-video-preview":"max-video-preview:-1"},"canonical":"https:\/\/schaedlingsbekaempfung-euregio.de\/fr\/","og_locale":"fr_FR","og_type":"article","og_title":"Home - Sch\u00e4dlingsbek\u00e4mpfung Kutsch","og_url":"https:\/\/schaedlingsbekaempfung-euregio.de\/fr\/","og_site_name":"Sch\u00e4dlingsbek\u00e4mpfung Kutsch","article_modified_time":"2026-04-24T11:08:33+00:00","twitter_card":"summary_large_image","twitter_misc":{"Dur\u00e9e de lecture estim\u00e9e":"6 minutes"},"schema":{"@context":"https:\/\/schema.org","@graph":[{"@type":"WebPage","@id":"https:\/\/schaedlingsbekaempfung-euregio.de\/fr\/","url":"https:\/\/schaedlingsbekaempfung-euregio.de\/fr\/","name":"Home - Sch\u00e4dlingsbek\u00e4mpfung Kutsch","isPartOf":{"@id":"https:\/\/schaedlingsbekaempfung-euregio.de\/fr\/#website"},"datePublished":"2026-01-16T13:36:09+00:00","dateModified":"2026-04-24T11:08:33+00:00","breadcrumb":{"@id":"https:\/\/schaedlingsbekaempfung-euregio.de\/fr\/#breadcrumb"},"inLanguage":"fr-FR","potentialAction":[{"@type":"ReadAction","target":["https:\/\/schaedlingsbekaempfung-euregio.de\/fr\/"]}]},{"@type":"BreadcrumbList","@id":"https:\/\/schaedlingsbekaempfung-euregio.de\/fr\/#breadcrumb","itemListElement":[{"@type":"ListItem","position":1,"name":"Start","item":"https:\/\/schaedlingsbekaempfung-euregio.de\/fr\/"},{"@type":"ListItem","position":2,"name":"Home"}]},{"@type":"WebSite","@id":"https:\/\/schaedlingsbekaempfung-euregio.de\/fr\/#website","url":"https:\/\/schaedlingsbekaempfung-euregio.de\/fr\/","name":"Sch\u00e4dlingsbek\u00e4mpfung Henry Kutsch","description":"","publisher":{"@id":"https:\/\/schaedlingsbekaempfung-euregio.de\/fr\/#organization"},"potentialAction":[{"@type":"SearchAction","target":{"@type":"EntryPoint","urlTemplate":"https:\/\/schaedlingsbekaempfung-euregio.de\/fr\/?s={search_term_string}"},"query-input":{"@type":"PropertyValueSpecification","valueRequired":true,"valueName":"search_term_string"}}],"inLanguage":"fr-FR"},{"@type":"Organization","@id":"https:\/\/schaedlingsbekaempfung-euregio.de\/fr\/#organization","name":"Sch\u00e4dlingsbek\u00e4mpfung Henry Kutsch","url":"https:\/\/schaedlingsbekaempfung-euregio.de\/fr\/","logo":{"@type":"ImageObject","inLanguage":"fr-FR","@id":"https:\/\/schaedlingsbekaempfung-euregio.de\/fr\/#\/schema\/logo\/image\/","url":"https:\/\/schaedlingsbekaempfung-euregio.de\/wp-content\/uploads\/2026\/02\/logo_white-bg.svg","contentUrl":"https:\/\/schaedlingsbekaempfung-euregio.de\/wp-content\/uploads\/2026\/02\/logo_white-bg.svg","width":1,"height":1,"caption":"Sch\u00e4dlingsbek\u00e4mpfung Henry Kutsch"},"image":{"@id":"https:\/\/schaedlingsbekaempfung-euregio.de\/fr\/#\/schema\/logo\/image\/"}}]}},"_links":{"self":[{"href":"https:\/\/schaedlingsbekaempfung-euregio.de\/fr\/wp-json\/wp\/v2\/pages\/622","targetHints":{"allow":["GET"]}}],"collection":[{"href":"https:\/\/schaedlingsbekaempfung-euregio.de\/fr\/wp-json\/wp\/v2\/pages"}],"about":[{"href":"https:\/\/schaedlingsbekaempfung-euregio.de\/fr\/wp-json\/wp\/v2\/types\/page"}],"author":[{"embeddable":true,"href":"https:\/\/schaedlingsbekaempfung-euregio.de\/fr\/wp-json\/wp\/v2\/users\/1"}],"replies":[{"embeddable":true,"href":"https:\/\/schaedlingsbekaempfung-euregio.de\/fr\/wp-json\/wp\/v2\/comments?post=622"}],"version-history":[{"count":11,"href":"https:\/\/schaedlingsbekaempfung-euregio.de\/fr\/wp-json\/wp\/v2\/pages\/622\/revisions"}],"predecessor-version":[{"id":1356,"href":"https:\/\/schaedlingsbekaempfung-euregio.de\/fr\/wp-json\/wp\/v2\/pages\/622\/revisions\/1356"}],"wp:attachment":[{"href":"https:\/\/schaedlingsbekaempfung-euregio.de\/fr\/wp-json\/wp\/v2\/media?parent=622"}],"curies":[{"name":"wp","href":"https:\/\/api.w.org\/{rel}","templated":true}]}}