{"id":616,"date":"2026-01-16T14:42:40","date_gmt":"2026-01-16T13:42:40","guid":{"rendered":"https:\/\/schaedlingsbekaempfung-euregio.de\/leistungen\/"},"modified":"2026-02-09T07:24:45","modified_gmt":"2026-02-09T06:24:45","slug":"services","status":"publish","type":"page","link":"https:\/\/schaedlingsbekaempfung-euregio.de\/fr\/services\/","title":{"rendered":"Services"},"content":{"rendered":"<section class=\"banner\">\n\n\t<img decoding=\"async\" src=\"https:\/\/schaedlingsbekaempfung-euregio.de\/wp-content\/uploads\/2026\/01\/gardener-scheduled-spring-time-insecticide-and-fun-2026-01-08-23-40-58-utc.jpg\" alt=\"Sch\u00e4dlingsbek\u00e4mpfer\">\n\n\t<div class=\"banner_overlay\">\n\n\t\t<div class=\"container\">\n\n\t\t\t<div class=\"row\">\n\n\t\t\t\t<div class=\"col-lg-6 col-md-8 banner_text\">\n\n\t\t\t\t\t<h1>Services<\/h1>\n<p>Notre gamme de services couvre diverses cat\u00e9gories et propose des solutions adapt\u00e9es \u00e0 la lutte antiparasitaire, \u00e0 la pr\u00e9vention et aux services sp\u00e9cialis\u00e9s. Nous travaillons avec fiabilit\u00e9 et professionnalisme, et personnalisons nos services en fonction de votre situation particuli\u00e8re.<\/p>\n \n\t\t\t\t<\/div>\n\n\t\t\t<\/div>\n\n\t\t<\/div>\n\n\t<\/div>\n\n<\/section>\n\n\n<div style=\"height:100px\" aria-hidden=\"true\" class=\"wp-block-spacer\"><\/div>\n\n\n<section class=\"text\">\n\t\n\t<div class=\"container\">\n\n\t\t<div class=\"row\">\n\n\t\t\t<div class=\"col-lg-12\">\n\n\t\t\t\t<h2 style=\"text-align: center;\">Notre offre de services <strong>couvre <em>diff\u00e9rentes cat\u00e9gories<\/em><\/strong><\/h2>\n<p style=\"text-align: center;\">Notre gamme de services couvre diverses cat\u00e9gories et offre une assistance professionnelle pour pratiquement tous les probl\u00e8mes de nuisibles. Insectes, rongeurs ou autres intrus ind\u00e9sirables, nous assurons une d\u00e9sinsectisation rapide et efficace. Notre priorit\u00e9 est de vous apporter un soulagement imm\u00e9diat, mais aussi d&rsquo;identifier la cause de l&rsquo;infestation et de garantir une protection durable.<\/p>\n<p style=\"text-align: center;\">Outre la d\u00e9sinsectisation d&rsquo;urgence, nos services incluent \u00e9galement des mesures pr\u00e9ventives et des prestations sp\u00e9cialis\u00e9es. Selon vos besoins, nous proposons notamment la gestion de la faune sauvage, la protection des b\u00e2timents et des espaces ext\u00e9rieurs, ainsi que des services de d\u00e9sinfection professionnels suite \u00e0 une contamination ou une infestation. Gr\u00e2ce \u00e0 des technologies modernes, des formations r\u00e9guli\u00e8res et des conseils personnalis\u00e9s, nous vous garantissons une solution parfaitement adapt\u00e9e \u00e0 votre situation.<\/p>\n\n\t\t\t<\/div>\n\n\t\t<\/div>\n\n\t<\/div>\n\n<\/section>\n\n\n<div style=\"height:100px\" aria-hidden=\"true\" class=\"wp-block-spacer\"><\/div>\n\n\n\n<div class=\"wp-block-group has-white-color has-text-color has-background has-link-color wp-elements-1c9acc90a7f77bf5e66e34c913192018\" style=\"background-color:#021132\"><div class=\"wp-block-group__inner-container is-layout-constrained wp-block-group-is-layout-constrained\"><section class=\"cards\">\n\t\n\t<div class=\"container\">\n\n\t\t<div class=\"row\">\n\n\t\t\t\n\t\t\t\t\n\t\t\t\t\t<div class=\"col-lg-4 col-md-6 card_single\">\n\n\t\t\t\t\t\t<a href=\"https:\/\/schaedlingsbekaempfung-euregio.de\/fr\/services\/fourmis\/\">\n\n\t\t\t\t\t\t\t<img decoding=\"async\" src=\"https:\/\/schaedlingsbekaempfung-euregio.de\/wp-content\/uploads\/2026\/01\/ameise.png\" alt=\"Icon Ameise\">\n\n\t\t\t\t\t\t\t<strong><span>Fourmis<\/span><i class=\"fas fa-arrow-right\"><\/i><\/strong>\n\n\t\t\t\t\t\t<\/a>\n\n\t\t\t\t\t<\/div>\n\n\t\t\t\t\n\t\t\t\t\t<div class=\"col-lg-4 col-md-6 card_single\">\n\n\t\t\t\t\t\t<a href=\"https:\/\/schaedlingsbekaempfung-euregio.de\/fr\/services\/mouches\/\">\n\n\t\t\t\t\t\t\t<img decoding=\"async\" src=\"https:\/\/schaedlingsbekaempfung-euregio.de\/wp-content\/uploads\/2026\/01\/fliege.png\" alt=\"Icon Fliege\">\n\n\t\t\t\t\t\t\t<strong><span>Mouches<\/span><i class=\"fas fa-arrow-right\"><\/i><\/strong>\n\n\t\t\t\t\t\t<\/a>\n\n\t\t\t\t\t<\/div>\n\n\t\t\t\t\n\t\t\t\t\t<div class=\"col-lg-4 col-md-6 card_single\">\n\n\t\t\t\t\t\t<a href=\"https:\/\/schaedlingsbekaempfung-euregio.de\/fr\/services\/puces\/\">\n\n\t\t\t\t\t\t\t<img decoding=\"async\" src=\"https:\/\/schaedlingsbekaempfung-euregio.de\/wp-content\/uploads\/2026\/01\/floh.png\" alt=\"Icon Floh\">\n\n\t\t\t\t\t\t\t<strong><span>Puces<\/span><i class=\"fas fa-arrow-right\"><\/i><\/strong>\n\n\t\t\t\t\t\t<\/a>\n\n\t\t\t\t\t<\/div>\n\n\t\t\t\t\n\t\t\t\t\t<div class=\"col-lg-4 col-md-6 card_single\">\n\n\t\t\t\t\t\t<a href=\"https:\/\/schaedlingsbekaempfung-euregio.de\/fr\/services\/frelon-asiatique\/\">\n\n\t\t\t\t\t\t\t<img decoding=\"async\" src=\"https:\/\/schaedlingsbekaempfung-euregio.de\/wp-content\/uploads\/2026\/01\/hornisse.png\" alt=\"Icon Hornisse\">\n\n\t\t\t\t\t\t\t<strong><span>Frelon asiatique<\/span><i class=\"fas fa-arrow-right\"><\/i><\/strong>\n\n\t\t\t\t\t\t<\/a>\n\n\t\t\t\t\t<\/div>\n\n\t\t\t\t\n\t\t\t\t\t<div class=\"col-lg-4 col-md-6 card_single\">\n\n\t\t\t\t\t\t<a href=\"https:\/\/schaedlingsbekaempfung-euregio.de\/fr\/services\/souris\/\">\n\n\t\t\t\t\t\t\t<img decoding=\"async\" src=\"https:\/\/schaedlingsbekaempfung-euregio.de\/wp-content\/uploads\/2026\/01\/maus.png\" alt=\"Icon Maus\">\n\n\t\t\t\t\t\t\t<strong><span>Souris<\/span><i class=\"fas fa-arrow-right\"><\/i><\/strong>\n\n\t\t\t\t\t\t<\/a>\n\n\t\t\t\t\t<\/div>\n\n\t\t\t\t\n\t\t\t\t\t<div class=\"col-lg-4 col-md-6 card_single\">\n\n\t\t\t\t\t\t<a href=\"https:\/\/schaedlingsbekaempfung-euregio.de\/fr\/services\/coleopteres\/\">\n\n\t\t\t\t\t\t\t<img decoding=\"async\" src=\"https:\/\/schaedlingsbekaempfung-euregio.de\/wp-content\/uploads\/2026\/01\/kaefer.png\" alt=\"Icon K\u00e4fer\">\n\n\t\t\t\t\t\t\t<strong><span>Col\u00e9opt\u00e8res<\/span><i class=\"fas fa-arrow-right\"><\/i><\/strong>\n\n\t\t\t\t\t\t<\/a>\n\n\t\t\t\t\t<\/div>\n\n\t\t\t\t\n\t\t\t\t\t<div class=\"col-lg-4 col-md-6 card_single\">\n\n\t\t\t\t\t\t<a href=\"https:\/\/schaedlingsbekaempfung-euregio.de\/fr\/services\/martres-et-ratons-laveurs\/\">\n\n\t\t\t\t\t\t\t<img decoding=\"async\" src=\"https:\/\/schaedlingsbekaempfung-euregio.de\/wp-content\/uploads\/2026\/01\/marder.png\" alt=\"Icon Marder\">\n\n\t\t\t\t\t\t\t<strong><span>Martres et ratons laveurs<\/span><i class=\"fas fa-arrow-right\"><\/i><\/strong>\n\n\t\t\t\t\t\t<\/a>\n\n\t\t\t\t\t<\/div>\n\n\t\t\t\t\n\t\t\t\t\t<div class=\"col-lg-4 col-md-6 card_single\">\n\n\t\t\t\t\t\t<a href=\"https:\/\/schaedlingsbekaempfung-euregio.de\/fr\/services\/mites\/\">\n\n\t\t\t\t\t\t\t<img decoding=\"async\" src=\"https:\/\/schaedlingsbekaempfung-euregio.de\/wp-content\/uploads\/2026\/01\/motte.png\" alt=\"Icon Motte\">\n\n\t\t\t\t\t\t\t<strong><span>Mites<\/span><i class=\"fas fa-arrow-right\"><\/i><\/strong>\n\n\t\t\t\t\t\t<\/a>\n\n\t\t\t\t\t<\/div>\n\n\t\t\t\t\n\t\t\t\t\t<div class=\"col-lg-4 col-md-6 card_single\">\n\n\t\t\t\t\t\t<a href=\"https:\/\/schaedlingsbekaempfung-euregio.de\/fr\/services\/rats\/\">\n\n\t\t\t\t\t\t\t<img decoding=\"async\" src=\"https:\/\/schaedlingsbekaempfung-euregio.de\/wp-content\/uploads\/2026\/01\/ratte.png\" alt=\"Icon Ratte\">\n\n\t\t\t\t\t\t\t<strong><span>Rats<\/span><i class=\"fas fa-arrow-right\"><\/i><\/strong>\n\n\t\t\t\t\t\t<\/a>\n\n\t\t\t\t\t<\/div>\n\n\t\t\t\t\n\t\t\t\t\t<div class=\"col-lg-4 col-md-6 card_single\">\n\n\t\t\t\t\t\t<a href=\"https:\/\/schaedlingsbekaempfung-euregio.de\/fr\/services\/cafards\/\">\n\n\t\t\t\t\t\t\t<img decoding=\"async\" src=\"https:\/\/schaedlingsbekaempfung-euregio.de\/wp-content\/uploads\/2026\/01\/schabe.png\" alt=\"Icon Schabe\">\n\n\t\t\t\t\t\t\t<strong><span>Cafards<\/span><i class=\"fas fa-arrow-right\"><\/i><\/strong>\n\n\t\t\t\t\t\t<\/a>\n\n\t\t\t\t\t<\/div>\n\n\t\t\t\t\n\t\t\t\t\t<div class=\"col-lg-4 col-md-6 card_single\">\n\n\t\t\t\t\t\t<a href=\"https:\/\/schaedlingsbekaempfung-euregio.de\/fr\/services\/poissons-dargent-et-poissons-de-papier\/\">\n\n\t\t\t\t\t\t\t<img decoding=\"async\" src=\"https:\/\/schaedlingsbekaempfung-euregio.de\/wp-content\/uploads\/2026\/01\/silberfisch.png\" alt=\"Icon Silberfisch\">\n\n\t\t\t\t\t\t\t<strong><span>Poissons d&rsquo;argent et poissons de papier<\/span><i class=\"fas fa-arrow-right\"><\/i><\/strong>\n\n\t\t\t\t\t\t<\/a>\n\n\t\t\t\t\t<\/div>\n\n\t\t\t\t\n\t\t\t\t\t<div class=\"col-lg-4 col-md-6 card_single\">\n\n\t\t\t\t\t\t<a href=\"https:\/\/schaedlingsbekaempfung-euregio.de\/fr\/services\/pigeons\/\">\n\n\t\t\t\t\t\t\t<img decoding=\"async\" src=\"https:\/\/schaedlingsbekaempfung-euregio.de\/wp-content\/uploads\/2026\/01\/taube.png\" alt=\"Icon Taube\">\n\n\t\t\t\t\t\t\t<strong><span>Pigeons<\/span><i class=\"fas fa-arrow-right\"><\/i><\/strong>\n\n\t\t\t\t\t\t<\/a>\n\n\t\t\t\t\t<\/div>\n\n\t\t\t\t\n\t\t\t\t\t<div class=\"col-lg-4 col-md-6 card_single\">\n\n\t\t\t\t\t\t<a href=\"https:\/\/schaedlingsbekaempfung-euregio.de\/fr\/services\/punaises\/\">\n\n\t\t\t\t\t\t\t<img decoding=\"async\" src=\"https:\/\/schaedlingsbekaempfung-euregio.de\/wp-content\/uploads\/2026\/01\/wanze.png\" alt=\"Icon K\u00e4fer\">\n\n\t\t\t\t\t\t\t<strong><span>Punaises<\/span><i class=\"fas fa-arrow-right\"><\/i><\/strong>\n\n\t\t\t\t\t\t<\/a>\n\n\t\t\t\t\t<\/div>\n\n\t\t\t\t\n\t\t\t\t\t<div class=\"col-lg-4 col-md-6 card_single\">\n\n\t\t\t\t\t\t<a href=\"https:\/\/schaedlingsbekaempfung-euregio.de\/fr\/services\/guepes\/\">\n\n\t\t\t\t\t\t\t<img decoding=\"async\" src=\"https:\/\/schaedlingsbekaempfung-euregio.de\/wp-content\/uploads\/2026\/01\/wespe.png\" alt=\"Icon Hornisse\">\n\n\t\t\t\t\t\t\t<strong><span>Gu\u00eapes<\/span><i class=\"fas fa-arrow-right\"><\/i><\/strong>\n\n\t\t\t\t\t\t<\/a>\n\n\t\t\t\t\t<\/div>\n\n\t\t\t\t\t\t\t\n\n\t\t\t\t\n\n\t\t\t<div class=\"col-lg-4 col-md-6 card_single\" style=\"align-self: center;\">\n\n\t\t\t\t<h3>Autres pr\u00e9occupations<\/h3>\n<p>Vous avez d&rsquo;autres questions ou vous n&rsquo;\u00eates pas s\u00fbr du type de parasite auquel vous avez affaire\u00a0? N&rsquo;h\u00e9sitez pas \u00e0 nous contacter\u00a0; nous vous conseillerons rapidement et facilement.<\/p>\n\n\t\t\t\t<a class=\"button\" target=\"_blank\" href=\"https:\/\/wa.me\/1711032222\"><i class=\"fab fa-whatsapp\"><\/i>&nbsp;Contactez-moi sur WhatsApp<\/a>\n\n\t\t\t<\/div>\t\t\t\t\t\n\n\t\t<\/div>\n\n\t<\/div>\n\n<\/section><\/div><\/div>\n\n\n\n<div style=\"height:100px\" aria-hidden=\"true\" class=\"wp-block-spacer\"><\/div>\n\n\n<section class=\"quote\">\n\t\n\t<div class=\"container\">\n\n\t\t<div class=\"col-lg-12\">\n\n\t\t\t<div class=\"quote\">\n\n\t\t\t\t<p>\u00ab Avec passion pour les gens, les animaux et l\u2019environnement. <strong>Pour un foyer <em>o\u00f9 vous vous sentirez \u00e0 nouveau bien. \u00bb<\/em><\/strong><\/p>\n\t\t\t\t\n\t\t\t<\/div>\n\n\t\t\t<span class=\"author\">~ Henry Kutsch<\/span>\n\n\t\t<\/div>\n\n\t<\/div>\n\n<\/section>\n\n\n<div style=\"height:100px\" aria-hidden=\"true\" class=\"wp-block-spacer\"><\/div>\n\n\n\n<div class=\"wp-block-group has-white-color has-text-color has-background has-link-color wp-elements-a5c0e1a9b8114d69c26e4b5b49dd94ee\" style=\"background-color:#021132\"><div class=\"wp-block-group__inner-container is-layout-constrained wp-block-group-is-layout-constrained\"><section class=\"accordion\">\n\t\n\t<div class=\"container\">\n\n\t\t<div class=\"row\">\n\n\t\t\t\n\t\t\t\t<div class=\"col-lg-12 introduction\">\n\n\t\t\t\t\t<h2>De plus, nous offrons les services suivants\u00a0:<\/h2>\n\n\t\t\t\t<\/div>\n\n\t\t\t\n\t\t\t<div class=\"col-lg-12\">\n\n\t\t\t\t\n\t\t\t\t\t\t<div class=\"accordion_single\">\n\n\t\t\t\t\t\t\t<div class=\"accordion_title\">\n\n\t\t\t\t\t\t\t\t<h3>Protection des plantes<\/h3>\n\n\t\t\t\t\t\t\t\t<i class=\"fas fa-chevron-down\"><\/i>\n\n\t\t\t\t\t\t\t<\/div>\n\n\t\t\t\t\t\t\t<div class=\"accordion_content\">\n\n\t\t\t\t\t\t\t\t<p>En mati\u00e8re de protection des v\u00e9g\u00e9taux, nous vous accompagnons pour prot\u00e9ger efficacement vos plantes, massifs et arbres contre les ravageurs et les infestations. Qu&rsquo;il s&rsquo;agisse de la teigne du buis, de limaces, de campagnols ou d&rsquo;autres nuisibles, nous \u00e9valuons la situation sur place et choisissons la solution la plus adapt\u00e9e et efficace. Nous privil\u00e9gions une application professionnelle et respectueuse de l&rsquo;environnement des produits afin de prot\u00e9ger durablement vos plantes et de pr\u00e9venir tout dommage futur.<\/p>\n\n\t\t\t\t\t\t\t\t\n\t\t\t\t\t\t\t\t\t<a class=\"button\" target=\"\" href=\"https:\/\/schaedlingsbekaempfung-euregio.de\/fr\/contact\/\">Contact<\/a>\t\t\t\t\t\t\t\t\t\n\t\t\t\t\t\t\t\t\n\t\t\t\t\t\t\t<\/div>\t\t\t\t\t\t\t\n\n\t\t\t\t\t\t<\/div>\n\n\t\t\t\t\t\n\t\t\t\t\t\t<div class=\"accordion_single\">\n\n\t\t\t\t\t\t\t<div class=\"accordion_title\">\n\n\t\t\t\t\t\t\t\t<h3>Protection du bois<\/h3>\n\n\t\t\t\t\t\t\t\t<i class=\"fas fa-chevron-down\"><\/i>\n\n\t\t\t\t\t\t\t<\/div>\n\n\t\t\t\t\t\t\t<div class=\"accordion_content\">\n\n\t\t\t\t\t\t\t\t<p>En mati\u00e8re de pr\u00e9servation du bois, nous vous aidons \u00e0 conserver durablement vos \u00e9l\u00e9ments en bois et \u00e0 les prot\u00e9ger des dommages. Qu&rsquo;il s&rsquo;agisse de charpentes, d&rsquo;escaliers, de meubles ou d&rsquo;autres structures en bois, nous r\u00e9alisons une \u00e9valuation professionnelle de la situation et d\u00e9tectons rapidement toute infestation ou risque li\u00e9 aux insectes xylophages. Nous mettons ensuite en \u0153uvre des mesures cibl\u00e9es, pr\u00e9ventives et curatives, afin de garantir la protection permanente de votre bois et d&rsquo;\u00e9viter des dommages plus importants.<\/p>\n\n\t\t\t\t\t\t\t\t\n\t\t\t\t\t\t\t\t\t<a class=\"button\" target=\"\" href=\"https:\/\/schaedlingsbekaempfung-euregio.de\/fr\/contact\/\">Renseignez-vous maintenant<\/a>\t\t\t\t\t\t\t\t\t\n\t\t\t\t\t\t\t\t\n\t\t\t\t\t\t\t<\/div>\t\t\t\t\t\t\t\n\n\t\t\t\t\t\t<\/div>\n\n\t\t\t\t\t\n\t\t\t\t\t\t<div class=\"accordion_single\">\n\n\t\t\t\t\t\t\t<div class=\"accordion_title\">\n\n\t\t\t\t\t\t\t\t<h3>D\u00e9sinfection\/\u00c9limination des odeurs<\/h3>\n\n\t\t\t\t\t\t\t\t<i class=\"fas fa-chevron-down\"><\/i>\n\n\t\t\t\t\t\t\t<\/div>\n\n\t\t\t\t\t\t\t<div class=\"accordion_content\">\n\n\t\t\t\t\t\t\t\t<p>En mati\u00e8re de d\u00e9sinfection et d&rsquo;\u00e9limination des odeurs, nous garantissons la salubrit\u00e9 et la r\u00e9utilisation optimale des pi\u00e8ces apr\u00e8s une infestation ou une contamination. En tant que technicien agr\u00e9\u00e9, je r\u00e9alise une d\u00e9sinfection professionnelle des surfaces et des pi\u00e8ces afin d&rsquo;\u00e9liminer efficacement germes, bact\u00e9ries et agents pathog\u00e8nes potentiels. Nous proposons \u00e9galement un service professionnel d&rsquo;\u00e9limination des odeurs pour neutraliser durablement les mauvaises odeurs et cr\u00e9er un environnement int\u00e9rieur sain et frais.<\/p>\n\n\t\t\t\t\t\t\t\t\n\t\t\t\t\t\t\t\t\t<a class=\"button\" target=\"\" href=\"https:\/\/schaedlingsbekaempfung-euregio.de\/fr\/contact\/\">Prendre contact<\/a>\t\t\t\t\t\t\t\t\t\n\t\t\t\t\t\t\t\t\n\t\t\t\t\t\t\t<\/div>\t\t\t\t\t\t\t\n\n\t\t\t\t\t\t<\/div>\n\n\t\t\t\t\t\n\t\t\t<\/div>\n\n\t\t<\/div>\n\n\t<\/div>\n\n<\/section><\/div><\/div>\n\n\n\n<div style=\"height:100px\" aria-hidden=\"true\" class=\"wp-block-spacer\"><\/div>\n\n\n<section class=\"contact\">\n\t\n\t<div class=\"container\">\n\n\t\t<div class=\"row\">\n\n\t\t\t<div class=\"col-lg-5 info_half\">\n\n\t\t\t\t<h2>N&rsquo;h\u00e9sitez pas \u00e0 <strong>nous contacter \u00e0 tout moment!<\/strong><\/h2>\n<p>Nous r\u00e9pondons g\u00e9n\u00e9ralement \u00e0 votre demande dans les 24 heures.<\/p>\n\n\t\t\t\t<span><i class=\"fas fa-map-marker-alt\"><\/i>&nbsp;Buschstr. 34, 52146 W\u00fcrselen<\/span>\n\n\t\t\t\t<span><a href=\"tel:+49 171 103 2222\"><i class=\"fas fa-phone-alt\"><\/i>&nbsp;+49 171 103 2222<\/a><\/span>\n\n\t\t\t\t<span><a href=\"mailto:info@schaedlingsbekaempfung-euregio.de\"><i class=\"fas fa-envelope\"><\/i>&nbsp;info@schaedlingsbekaempfung-euregio.de<\/a><\/span>\n\n\t\t\t<\/div>\n\n\t\t\t<div class=\"col-lg-7\">\n\n\t\t\t\t\n<div class=\"wpcf7 no-js\" id=\"wpcf7-f1058-o1\" lang=\"fr-FR\" dir=\"ltr\" data-wpcf7-id=\"1058\">\n<div class=\"screen-reader-response\"><p role=\"status\" aria-live=\"polite\" aria-atomic=\"true\"><\/p> <ul><\/ul><\/div>\n<form action=\"\/fr\/wp-json\/wp\/v2\/pages\/616#wpcf7-f1058-o1\" method=\"post\" class=\"wpcf7-form init\" aria-label=\"Formulaire de contact\" novalidate=\"novalidate\" data-status=\"init\">\n<fieldset class=\"hidden-fields-container\"><input type=\"hidden\" name=\"_wpcf7\" value=\"1058\" \/><input type=\"hidden\" name=\"_wpcf7_version\" value=\"6.1.5\" \/><input type=\"hidden\" name=\"_wpcf7_locale\" value=\"fr_FR\" \/><input type=\"hidden\" name=\"_wpcf7_unit_tag\" value=\"wpcf7-f1058-o1\" \/><input type=\"hidden\" name=\"_wpcf7_container_post\" value=\"0\" \/><input type=\"hidden\" name=\"_wpcf7_posted_data_hash\" value=\"\" \/>\n<\/fieldset>\n<div class=\"container p-0\">\n\t<div class=\"row\">\n\t\t<div class=\"formfield col-md-6\">\n\t\t\t<p><span class=\"wpcf7-form-control-wrap\" data-name=\"full-name\"><input size=\"40\" maxlength=\"400\" class=\"wpcf7-form-control wpcf7-text wpcf7-validates-as-required\" aria-required=\"true\" aria-invalid=\"false\" placeholder=\"Nom *\" value=\"\" type=\"text\" name=\"full-name\" \/><\/span>\n\t\t\t<\/p>\n\t\t<\/div>\n\t\t<div class=\"formfield col-md-6\">\n\t\t\t<p><span class=\"wpcf7-form-control-wrap\" data-name=\"email\"><input size=\"40\" maxlength=\"400\" class=\"wpcf7-form-control wpcf7-email wpcf7-validates-as-required wpcf7-text wpcf7-validates-as-email\" aria-required=\"true\" aria-invalid=\"false\" placeholder=\"E-Mail *\" value=\"\" type=\"email\" name=\"email\" \/><\/span>\n\t\t\t<\/p>\n\t\t<\/div>\n\t\t<div class=\"formfield col-md-6\">\n\t\t\t<p><span class=\"wpcf7-form-control-wrap\" data-name=\"phone\"><input size=\"40\" maxlength=\"400\" class=\"wpcf7-form-control wpcf7-tel wpcf7-validates-as-required wpcf7-text wpcf7-validates-as-tel\" aria-required=\"true\" aria-invalid=\"false\" placeholder=\"T\u00e9l\u00e9phone *\" value=\"\" type=\"tel\" name=\"phone\" \/><\/span>\n\t\t\t<\/p>\n\t\t<\/div>\n\t\t<div class=\"formfield col-md-6\">\n\t\t\t<p><span class=\"wpcf7-form-control-wrap\" data-name=\"company\"><input size=\"40\" maxlength=\"400\" class=\"wpcf7-form-control wpcf7-text\" aria-invalid=\"false\" placeholder=\"Entreprise\" value=\"\" type=\"text\" name=\"company\" \/><\/span>\n\t\t\t<\/p>\n\t\t<\/div>\n\t\t<div class=\"formfield col-md-12\">\n\t\t\t<p><span class=\"wpcf7-form-control-wrap\" data-name=\"message\"><textarea cols=\"40\" rows=\"10\" maxlength=\"2000\" class=\"wpcf7-form-control wpcf7-textarea wpcf7-validates-as-required\" aria-required=\"true\" aria-invalid=\"false\" placeholder=\"Message *\" name=\"message\"><\/textarea><\/span>\n\t\t\t<\/p>\n\t\t<\/div>\n\t\t<div class=\"formfield col-md-12\">\n\t\t\t<p><span class=\"wpcf7-form-control-wrap\" data-name=\"privacy\"><span class=\"wpcf7-form-control wpcf7-acceptance\"><span class=\"wpcf7-list-item\"><label><input type=\"checkbox\" name=\"privacy\" value=\"1\" aria-invalid=\"false\" \/><span class=\"wpcf7-list-item-label\">J&rsquo;ai lu la politique de confidentialit\u00e9. *<\/span><\/label><\/span><\/span><\/span>\n\t\t\t<\/p>\n\t\t<\/div>\n\t\t<div class=\"formfield col-md-12\">\n\t\t\t<p><input class=\"wpcf7-form-control wpcf7-submit has-spinner\" type=\"submit\" value=\"Envoyer un message\" \/>\n\t\t\t<\/p>\n\t\t<\/div>\n\t<\/div>\n<\/div><div class=\"wpcf7-response-output\" aria-hidden=\"true\"><\/div>\n<\/form>\n<\/div>\n\n\t\t\t<\/div>\n\n\t\t<\/div>\n\n\t<\/div>\n\n<\/section>\n\n\n<div style=\"height:100px\" aria-hidden=\"true\" class=\"wp-block-spacer\"><\/div>\n","protected":false},"excerpt":{"rendered":"","protected":false},"author":1,"featured_media":0,"parent":0,"menu_order":0,"comment_status":"closed","ping_status":"closed","template":"","meta":{"_acf_changed":false,"footnotes":""},"class_list":["post-616","page","type-page","status-publish","hentry"],"acf":[],"yoast_head":"<!-- This site is optimized with the Yoast SEO plugin v27.4 - https:\/\/yoast.com\/product\/yoast-seo-wordpress\/ -->\n<title>Services - Sch\u00e4dlingsbek\u00e4mpfung Kutsch<\/title>\n<meta name=\"robots\" content=\"index, follow, max-snippet:-1, max-image-preview:large, max-video-preview:-1\" \/>\n<link rel=\"canonical\" href=\"https:\/\/schaedlingsbekaempfung-euregio.de\/fr\/services\/\" \/>\n<meta property=\"og:locale\" content=\"fr_FR\" \/>\n<meta property=\"og:type\" content=\"article\" \/>\n<meta property=\"og:title\" content=\"Services - Sch\u00e4dlingsbek\u00e4mpfung Kutsch\" \/>\n<meta property=\"og:url\" content=\"https:\/\/schaedlingsbekaempfung-euregio.de\/fr\/services\/\" \/>\n<meta property=\"og:site_name\" content=\"Sch\u00e4dlingsbek\u00e4mpfung Kutsch\" \/>\n<meta property=\"article:modified_time\" content=\"2026-02-09T06:24:45+00:00\" \/>\n<meta name=\"twitter:card\" content=\"summary_large_image\" \/>\n<script type=\"application\/ld+json\" class=\"yoast-schema-graph\">{\"@context\":\"https:\\\/\\\/schema.org\",\"@graph\":[{\"@type\":\"WebPage\",\"@id\":\"https:\\\/\\\/schaedlingsbekaempfung-euregio.de\\\/fr\\\/services\\\/\",\"url\":\"https:\\\/\\\/schaedlingsbekaempfung-euregio.de\\\/fr\\\/services\\\/\",\"name\":\"Services - Sch\u00e4dlingsbek\u00e4mpfung Kutsch\",\"isPartOf\":{\"@id\":\"https:\\\/\\\/schaedlingsbekaempfung-euregio.de\\\/fr\\\/#website\"},\"datePublished\":\"2026-01-16T13:42:40+00:00\",\"dateModified\":\"2026-02-09T06:24:45+00:00\",\"breadcrumb\":{\"@id\":\"https:\\\/\\\/schaedlingsbekaempfung-euregio.de\\\/fr\\\/services\\\/#breadcrumb\"},\"inLanguage\":\"fr-FR\",\"potentialAction\":[{\"@type\":\"ReadAction\",\"target\":[\"https:\\\/\\\/schaedlingsbekaempfung-euregio.de\\\/fr\\\/services\\\/\"]}]},{\"@type\":\"BreadcrumbList\",\"@id\":\"https:\\\/\\\/schaedlingsbekaempfung-euregio.de\\\/fr\\\/services\\\/#breadcrumb\",\"itemListElement\":[{\"@type\":\"ListItem\",\"position\":1,\"name\":\"Start\",\"item\":\"https:\\\/\\\/schaedlingsbekaempfung-euregio.de\\\/fr\\\/\"},{\"@type\":\"ListItem\",\"position\":2,\"name\":\"Services\"}]},{\"@type\":\"WebSite\",\"@id\":\"https:\\\/\\\/schaedlingsbekaempfung-euregio.de\\\/fr\\\/#website\",\"url\":\"https:\\\/\\\/schaedlingsbekaempfung-euregio.de\\\/fr\\\/\",\"name\":\"Sch\u00e4dlingsbek\u00e4mpfung Henry Kutsch\",\"description\":\"\",\"publisher\":{\"@id\":\"https:\\\/\\\/schaedlingsbekaempfung-euregio.de\\\/fr\\\/#organization\"},\"potentialAction\":[{\"@type\":\"SearchAction\",\"target\":{\"@type\":\"EntryPoint\",\"urlTemplate\":\"https:\\\/\\\/schaedlingsbekaempfung-euregio.de\\\/fr\\\/?s={search_term_string}\"},\"query-input\":{\"@type\":\"PropertyValueSpecification\",\"valueRequired\":true,\"valueName\":\"search_term_string\"}}],\"inLanguage\":\"fr-FR\"},{\"@type\":\"Organization\",\"@id\":\"https:\\\/\\\/schaedlingsbekaempfung-euregio.de\\\/fr\\\/#organization\",\"name\":\"Sch\u00e4dlingsbek\u00e4mpfung Henry Kutsch\",\"url\":\"https:\\\/\\\/schaedlingsbekaempfung-euregio.de\\\/fr\\\/\",\"logo\":{\"@type\":\"ImageObject\",\"inLanguage\":\"fr-FR\",\"@id\":\"https:\\\/\\\/schaedlingsbekaempfung-euregio.de\\\/fr\\\/#\\\/schema\\\/logo\\\/image\\\/\",\"url\":\"https:\\\/\\\/schaedlingsbekaempfung-euregio.de\\\/wp-content\\\/uploads\\\/2026\\\/02\\\/logo_white-bg.svg\",\"contentUrl\":\"https:\\\/\\\/schaedlingsbekaempfung-euregio.de\\\/wp-content\\\/uploads\\\/2026\\\/02\\\/logo_white-bg.svg\",\"width\":1,\"height\":1,\"caption\":\"Sch\u00e4dlingsbek\u00e4mpfung Henry Kutsch\"},\"image\":{\"@id\":\"https:\\\/\\\/schaedlingsbekaempfung-euregio.de\\\/fr\\\/#\\\/schema\\\/logo\\\/image\\\/\"}}]}<\/script>\n<!-- \/ Yoast SEO plugin. -->","yoast_head_json":{"title":"Services - Sch\u00e4dlingsbek\u00e4mpfung Kutsch","robots":{"index":"index","follow":"follow","max-snippet":"max-snippet:-1","max-image-preview":"max-image-preview:large","max-video-preview":"max-video-preview:-1"},"canonical":"https:\/\/schaedlingsbekaempfung-euregio.de\/fr\/services\/","og_locale":"fr_FR","og_type":"article","og_title":"Services - Sch\u00e4dlingsbek\u00e4mpfung Kutsch","og_url":"https:\/\/schaedlingsbekaempfung-euregio.de\/fr\/services\/","og_site_name":"Sch\u00e4dlingsbek\u00e4mpfung Kutsch","article_modified_time":"2026-02-09T06:24:45+00:00","twitter_card":"summary_large_image","schema":{"@context":"https:\/\/schema.org","@graph":[{"@type":"WebPage","@id":"https:\/\/schaedlingsbekaempfung-euregio.de\/fr\/services\/","url":"https:\/\/schaedlingsbekaempfung-euregio.de\/fr\/services\/","name":"Services - Sch\u00e4dlingsbek\u00e4mpfung Kutsch","isPartOf":{"@id":"https:\/\/schaedlingsbekaempfung-euregio.de\/fr\/#website"},"datePublished":"2026-01-16T13:42:40+00:00","dateModified":"2026-02-09T06:24:45+00:00","breadcrumb":{"@id":"https:\/\/schaedlingsbekaempfung-euregio.de\/fr\/services\/#breadcrumb"},"inLanguage":"fr-FR","potentialAction":[{"@type":"ReadAction","target":["https:\/\/schaedlingsbekaempfung-euregio.de\/fr\/services\/"]}]},{"@type":"BreadcrumbList","@id":"https:\/\/schaedlingsbekaempfung-euregio.de\/fr\/services\/#breadcrumb","itemListElement":[{"@type":"ListItem","position":1,"name":"Start","item":"https:\/\/schaedlingsbekaempfung-euregio.de\/fr\/"},{"@type":"ListItem","position":2,"name":"Services"}]},{"@type":"WebSite","@id":"https:\/\/schaedlingsbekaempfung-euregio.de\/fr\/#website","url":"https:\/\/schaedlingsbekaempfung-euregio.de\/fr\/","name":"Sch\u00e4dlingsbek\u00e4mpfung Henry Kutsch","description":"","publisher":{"@id":"https:\/\/schaedlingsbekaempfung-euregio.de\/fr\/#organization"},"potentialAction":[{"@type":"SearchAction","target":{"@type":"EntryPoint","urlTemplate":"https:\/\/schaedlingsbekaempfung-euregio.de\/fr\/?s={search_term_string}"},"query-input":{"@type":"PropertyValueSpecification","valueRequired":true,"valueName":"search_term_string"}}],"inLanguage":"fr-FR"},{"@type":"Organization","@id":"https:\/\/schaedlingsbekaempfung-euregio.de\/fr\/#organization","name":"Sch\u00e4dlingsbek\u00e4mpfung Henry Kutsch","url":"https:\/\/schaedlingsbekaempfung-euregio.de\/fr\/","logo":{"@type":"ImageObject","inLanguage":"fr-FR","@id":"https:\/\/schaedlingsbekaempfung-euregio.de\/fr\/#\/schema\/logo\/image\/","url":"https:\/\/schaedlingsbekaempfung-euregio.de\/wp-content\/uploads\/2026\/02\/logo_white-bg.svg","contentUrl":"https:\/\/schaedlingsbekaempfung-euregio.de\/wp-content\/uploads\/2026\/02\/logo_white-bg.svg","width":1,"height":1,"caption":"Sch\u00e4dlingsbek\u00e4mpfung Henry Kutsch"},"image":{"@id":"https:\/\/schaedlingsbekaempfung-euregio.de\/fr\/#\/schema\/logo\/image\/"}}]}},"_links":{"self":[{"href":"https:\/\/schaedlingsbekaempfung-euregio.de\/fr\/wp-json\/wp\/v2\/pages\/616","targetHints":{"allow":["GET"]}}],"collection":[{"href":"https:\/\/schaedlingsbekaempfung-euregio.de\/fr\/wp-json\/wp\/v2\/pages"}],"about":[{"href":"https:\/\/schaedlingsbekaempfung-euregio.de\/fr\/wp-json\/wp\/v2\/types\/page"}],"author":[{"embeddable":true,"href":"https:\/\/schaedlingsbekaempfung-euregio.de\/fr\/wp-json\/wp\/v2\/users\/1"}],"replies":[{"embeddable":true,"href":"https:\/\/schaedlingsbekaempfung-euregio.de\/fr\/wp-json\/wp\/v2\/comments?post=616"}],"version-history":[{"count":14,"href":"https:\/\/schaedlingsbekaempfung-euregio.de\/fr\/wp-json\/wp\/v2\/pages\/616\/revisions"}],"predecessor-version":[{"id":1331,"href":"https:\/\/schaedlingsbekaempfung-euregio.de\/fr\/wp-json\/wp\/v2\/pages\/616\/revisions\/1331"}],"wp:attachment":[{"href":"https:\/\/schaedlingsbekaempfung-euregio.de\/fr\/wp-json\/wp\/v2\/media?parent=616"}],"curies":[{"name":"wp","href":"https:\/\/api.w.org\/{rel}","templated":true}]}}