{"id":580,"date":"2026-01-16T15:40:59","date_gmt":"2026-01-16T14:40:59","guid":{"rendered":"https:\/\/schaedlingsbekaempfung-euregio.de\/ueber-uns\/"},"modified":"2026-04-24T13:29:45","modified_gmt":"2026-04-24T11:29:45","slug":"a-propos-de-nous","status":"publish","type":"page","link":"https:\/\/schaedlingsbekaempfung-euregio.de\/fr\/a-propos-de-nous\/","title":{"rendered":"\u00c0 propos de nous"},"content":{"rendered":"<section class=\"banner\">\n\n\t<img decoding=\"async\" src=\"https:\/\/schaedlingsbekaempfung-euregio.de\/wp-content\/uploads\/2026\/01\/insecticide-garden-job-theme-2026-01-08-23-43-50-utc.jpg\" alt=\"Sch\u00e4dlingsbek\u00e4mpfer\">\n\n\t<div class=\"banner_overlay\">\n\n\t\t<div class=\"container\">\n\n\t\t\t<div class=\"row\">\n\n\t\t\t\t<div class=\"col-lg-6 col-md-8 banner_text\">\n\n\t\t\t\t\t<h1>\u00c0 propos de nous<\/h1>\n<p>En tant que partenaire fiable pour la lutte antiparasitaire \u00e0 Aix-la-Chapelle, nous nous engageons \u00e0 vous apporter une aide rapide, une comp\u00e9tence professionnelle et des solutions durables, personnalis\u00e9es, discr\u00e8tes et \u00e9quitables.<\/p>\n \n\t\t\t\t<\/div>\n\n\t\t\t<\/div>\n\n\t\t<\/div>\n\n\t<\/div>\n\n<\/section>\n\n\n<div style=\"height:100px\" aria-hidden=\"true\" class=\"wp-block-spacer\"><\/div>\n\n\n<section class=\"text\">\n\t\n\t<div class=\"container\">\n\n\t\t<div class=\"row\">\n\n\t\t\t<div class=\"col-lg-12\">\n\n\t\t\t\t<h2 style=\"text-align: center;\">Votre sp\u00e9cialiste en lutte antiparasitaire, <strong>passionn\u00e9 et <em>amoureux de la nature<\/em><\/strong><\/h2>\n<p style=\"text-align: center;\">D\u00e8s mon plus jeune \u00e2ge, j&rsquo;\u00e9tais fascin\u00e9 par le monde des insectes et des animaux. Alors que d&rsquo;autres pr\u00e9f\u00e9raient garder leurs distances, je voulais comprendre leur mode de vie et leurs comportements. \u00c0 14 ans, j&rsquo;ai effectu\u00e9 mon premier stage scolaire dans une entreprise de d\u00e9sinsectisation et de d\u00e9ratisation, et j&rsquo;ai \u00e9t\u00e9 imm\u00e9diatement conquis. Les ann\u00e9es suivantes, j&rsquo;ai r\u00e9alis\u00e9 d&rsquo;autres stages et travaill\u00e9 r\u00e9guli\u00e8rement comme saisonnier dans ce secteur pendant les vacances d&rsquo;\u00e9t\u00e9. Tr\u00e8s t\u00f4t, j&rsquo;ai su que je voulais aider les gens \u00e0 retrouver des foyers sains, propres et sereins.<\/p>\n<p style=\"text-align: center;\">Aujourd&rsquo;hui, chez <strong>Henry Kutsch Pest Control Aachen<\/strong>, nous nous engageons \u00e0 vous offrir une intervention rapide, un service discret et des solutions durables. Nous utilisons des technologies modernes et des m\u00e9thodes \u00e9prouv\u00e9es, en respectant les normes les plus r\u00e9centes. Notre \u00e9quipe participe r\u00e9guli\u00e8rement \u00e0 des formations continues afin de garantir une mise en \u0153uvre fiable et professionnelle des nouvelles m\u00e9thodes, des normes de s\u00e9curit\u00e9 et des exigences l\u00e9gales.<\/p>\n<p style=\"text-align: center;\">De plus, nous pouvons vous aider en cas de probl\u00e8mes li\u00e9s aux animaux sauvages tels que les martres ou les ratons laveurs. Gr\u00e2ce \u00e0 nos qualifications suppl\u00e9mentaires en mati\u00e8re de chasse, nous pouvons vous fournir des conseils d&rsquo;experts et vous recommander les mesures appropri\u00e9es pour une solution s\u00fbre et respectueuse du bien-\u00eatre animal. Par ailleurs, nous sommes agr\u00e9\u00e9s par l&rsquo;\u00c9tat pour la d\u00e9sinfection et proposons des services professionnels de d\u00e9sinfection des surfaces et des locaux, notamment apr\u00e8s une contamination ou une infestation de nuisibles.<\/p>\n<p style=\"text-align: center;\">Pour toute question ou demande d&rsquo;assistance imm\u00e9diate, n&rsquo;h\u00e9sitez pas \u00e0 nous contacter.<\/p>\n\n\t\t\t<\/div>\n\n\t\t<\/div>\n\n\t<\/div>\n\n<\/section>\n\n\n<div style=\"height:100px\" aria-hidden=\"true\" class=\"wp-block-spacer\"><\/div>\n\n\n\n<div class=\"wp-block-group has-white-color has-text-color has-background has-link-color wp-elements-8f378b0688b269da144a46415069448d\" style=\"background-color:#021132\"><div class=\"wp-block-group__inner-container is-layout-constrained wp-block-group-is-layout-constrained\"><section class=\"iconbox\">\n\n\t\n\t\t<div class=\"introduction\">\n\n\t\t\t<div class=\"container\">\n\n\t\t\t\t<div class=\"row\">\n\n\t\t\t\t\t<div class=\"col-lg-6\">\n\n\t\t\t\t\t\t<h2>De la passion au m\u00e9tier<\/h2>\n<p>J&rsquo;ai combin\u00e9 ma passion pour les animaux et les insectes avec des technologies modernes et respectueuses de l&rsquo;environnement pour cr\u00e9er ma propre entreprise. Mon objectif principal reste:<\/p>\n\n\t\t\t\t\t<\/div>\n\n\t\t\t\t<\/div>\n\n\t\t\t<\/div>\n\n\t\t<\/div>\n\n\t\n\t<div class=\"icons\">\n\n\t\t<div class=\"container\">\n\n\t\t\t<div class=\"row\">\n\n\t\t\t\t\n\t\t\t\t\t\n\t\t\t\t\t\t\n\t\t\t\t\t\t\t<div class=\"col-lg-6 icon_single\">\n\n\t\t\t\t\t\t\n\t\t\t\t\t\t\t<strong><img decoding=\"async\" src=\"https:\/\/schaedlingsbekaempfung-euregio.de\/wp-content\/uploads\/2026\/01\/Vector.svg\" alt=\"Icon Baum\"> Respect de la nature<\/strong>\n\n\t\t\t\t\t\t\t<span><\/span>\n\n\t\t\t\t\t\t<\/div>\n\n\t\t\t\t\t\n\t\t\t\t\t\t\n\t\t\t\t\t\t\t<div class=\"col-lg-6 icon_single\">\n\n\t\t\t\t\t\t\n\t\t\t\t\t\t\t<strong><img decoding=\"async\" src=\"https:\/\/schaedlingsbekaempfung-euregio.de\/wp-content\/uploads\/2026\/01\/Vector2.svg\" alt=\"Icon Euro\"> Des prix transparents et \u00e9quitables<\/strong>\n\n\t\t\t\t\t\t\t<span><\/span>\n\n\t\t\t\t\t\t<\/div>\n\n\t\t\t\t\t\n\t\t\t\t\t\t\n\t\t\t\t\t\t\t<div class=\"col-lg-6 icon_single\">\n\n\t\t\t\t\t\t\n\t\t\t\t\t\t\t<strong><img decoding=\"async\" src=\"https:\/\/schaedlingsbekaempfung-euregio.de\/wp-content\/uploads\/2026\/01\/Vector1.svg\" alt=\"Icon High-Five\"> Des m\u00e9thodes s\u00fbres et durables<\/strong>\n\n\t\t\t\t\t\t\t<span><\/span>\n\n\t\t\t\t\t\t<\/div>\n\n\t\t\t\t\t\n\t\t\t\t\t\t\n\t\t\t\t\t\t\t<div class=\"col-lg-6 icon_single\">\n\n\t\t\t\t\t\t\n\t\t\t\t\t\t\t<strong><img decoding=\"async\" src=\"https:\/\/schaedlingsbekaempfung-euregio.de\/wp-content\/uploads\/2026\/01\/Vector3.svg\" alt=\"Icon Haken\"> Clients satisfaits<\/strong>\n\n\t\t\t\t\t\t\t<span><\/span>\n\n\t\t\t\t\t\t<\/div>\n\n\t\t\t\t\t\t\t\t\n\n\t\t\t\t\t\n\n\t\t\t<\/div>\n\n\t\t<\/div>\n\n\t<\/div>\t\n\n<\/section><\/div><\/div>\n\n\n\n<div style=\"height:100px\" aria-hidden=\"true\" class=\"wp-block-spacer\"><\/div>\n\n\n\n<div class=\"wp-block-columns is-layout-flex wp-container-core-columns-is-layout-9d6595d7 wp-block-columns-is-layout-flex\">\n<div class=\"wp-block-column is-layout-flow wp-block-column-is-layout-flow\" style=\"flex-basis:60%\"><section class=\"text\">\n\t\n\t<div class=\"container\">\n\n\t\t<div class=\"row\">\n\n\t\t\t<div class=\"col-lg-12\">\n\n\t\t\t\t<h2>Ma <strong>promesse personnelle envers vous<\/strong><\/h2>\n<p>Lorsque vous me contactez, vous serez mis en relation directement avec moi, Henry Kutsch, le propri\u00e9taire, et non avec un service anonyme. Je prendrai le temps de comprendre vos besoins, de vous \u00e9couter attentivement et d&rsquo;avoir une vision claire de votre situation. Je vous expliquerai chaque \u00e9tape de mani\u00e8re claire et transparente, afin que vous sachiez toujours quelles mesures sont appropri\u00e9es et pourquoi elles sont prises.<\/p>\n<p>Il est important pour moi non seulement d&rsquo;intervenir rapidement, mais aussi de trouver une solution v\u00e9ritablement efficace sur le long terme. C&rsquo;est pourquoi je travaille avec discr\u00e9tion, fiabilit\u00e9 et rigueur, qu&rsquo;il s&rsquo;agisse d&rsquo;une urgence ou d&rsquo;un probl\u00e8me r\u00e9current. Si vous le souhaitez, je peux \u00e9galement vous donner des conseils pratiques de pr\u00e9vention pour \u00e9viter le retour des nuisibles.<\/p>\n<p>Fourmis, gu\u00eapes, souris, rats ou autres nuisibles\u00a0: je trouverai une solution personnalis\u00e9e et adapt\u00e9e \u00e0 chaque probl\u00e8me. Gr\u00e2ce \u00e0 mes nombreuses ann\u00e9es d&rsquo;exp\u00e9rience et \u00e0 ma certification de la Chambre de Commerce et d&rsquo;Industrie (CCI), vous pouvez compter sur un service de d\u00e9sinsectisation expert, s\u00fbr et professionnel.<\/p>\n\n\t\t\t<\/div>\n\n\t\t<\/div>\n\n\t<\/div>\n\n<\/section>\n\n\n<div style=\"height:15px\" aria-hidden=\"true\" class=\"wp-block-spacer\"><\/div>\n\n\n<section class=\"certificates\">\n\t\n\t<div class=\"container\">\n\n\t\t<div class=\"row\">\n\n\t\t\t<div class=\"col-lg-12\">\n\n\t\t\t\t<ul>\n\t\t\t\t\t\n\t\t\t\t\t\n\t\t\t\t\t\t\n\t\t\t\t\t\t\t<li>\n\t\t\t\t\t\t\t\t<a href=\"https:\/\/schaedlingsbekaempfung-euregio.de\/wp-content\/uploads\/2026\/04\/c9fad96a-3a7c-48e1-ae09-89cc953b402f.jpg\" data-lightbox=\"gallery\">\n\n\t\t\t\t\t\t\t\t\t<img decoding=\"async\" src=\"https:\/\/schaedlingsbekaempfung-euregio.de\/wp-content\/uploads\/2026\/04\/c9fad96a-3a7c-48e1-ae09-89cc953b402f.jpg\" alt=\"\">\n\n\t\t\t\t\t\t\t\t<\/a>\n\n\t\t\t\t\t\t\t<\/li>\n\n\t\t\t\t\t\t\n\t\t\t\t\t\t\t<li>\n\t\t\t\t\t\t\t\t<a href=\"https:\/\/schaedlingsbekaempfung-euregio.de\/wp-content\/uploads\/2026\/04\/IHK-Zeugnis-scaled.jpg\" data-lightbox=\"gallery\">\n\n\t\t\t\t\t\t\t\t\t<img decoding=\"async\" src=\"https:\/\/schaedlingsbekaempfung-euregio.de\/wp-content\/uploads\/2026\/04\/IHK-Zeugnis-scaled.jpg\" alt=\"\">\n\n\t\t\t\t\t\t\t\t<\/a>\n\n\t\t\t\t\t\t\t<\/li>\n\n\t\t\t\t\t\t\n\t\t\t\t\t\t\t<li>\n\t\t\t\t\t\t\t\t<a href=\"https:\/\/schaedlingsbekaempfung-euregio.de\/wp-content\/uploads\/2026\/04\/Aevo-scaled.jpg\" data-lightbox=\"gallery\">\n\n\t\t\t\t\t\t\t\t\t<img decoding=\"async\" src=\"https:\/\/schaedlingsbekaempfung-euregio.de\/wp-content\/uploads\/2026\/04\/Aevo-scaled.jpg\" alt=\"\">\n\n\t\t\t\t\t\t\t\t<\/a>\n\n\t\t\t\t\t\t\t<\/li>\n\n\t\t\t\t\t\t\n\t\t\t\t\t\t\t<li>\n\t\t\t\t\t\t\t\t<a href=\"https:\/\/schaedlingsbekaempfung-euregio.de\/wp-content\/uploads\/2026\/04\/wirbeltiere_2-scaled.jpg\" data-lightbox=\"gallery\">\n\n\t\t\t\t\t\t\t\t\t<img decoding=\"async\" src=\"https:\/\/schaedlingsbekaempfung-euregio.de\/wp-content\/uploads\/2026\/04\/wirbeltiere_2-scaled.jpg\" alt=\"\">\n\n\t\t\t\t\t\t\t\t<\/a>\n\n\t\t\t\t\t\t\t<\/li>\n\n\t\t\t\t\t\t\n\t\t\t\t\t\t\t<li>\n\t\t\t\t\t\t\t\t<a href=\"https:\/\/schaedlingsbekaempfung-euregio.de\/wp-content\/uploads\/2026\/04\/wirbeltiere-scaled.jpg\" data-lightbox=\"gallery\">\n\n\t\t\t\t\t\t\t\t\t<img decoding=\"async\" src=\"https:\/\/schaedlingsbekaempfung-euregio.de\/wp-content\/uploads\/2026\/04\/wirbeltiere-scaled.jpg\" alt=\"\">\n\n\t\t\t\t\t\t\t\t<\/a>\n\n\t\t\t\t\t\t\t<\/li>\n\n\t\t\t\t\t\t\n\t\t\t\t\t\t\t<li>\n\t\t\t\t\t\t\t\t<a href=\"https:\/\/schaedlingsbekaempfung-euregio.de\/wp-content\/uploads\/2026\/04\/fangjagd.jpg\" data-lightbox=\"gallery\">\n\n\t\t\t\t\t\t\t\t\t<img decoding=\"async\" src=\"https:\/\/schaedlingsbekaempfung-euregio.de\/wp-content\/uploads\/2026\/04\/fangjagd.jpg\" alt=\"\">\n\n\t\t\t\t\t\t\t\t<\/a>\n\n\t\t\t\t\t\t\t<\/li>\n\n\t\t\t\t\t\t\n\t\t\t\t\t\t\t<li>\n\t\t\t\t\t\t\t\t<a href=\"https:\/\/schaedlingsbekaempfung-euregio.de\/wp-content\/uploads\/2026\/04\/ameisen-scaled.jpg\" data-lightbox=\"gallery\">\n\n\t\t\t\t\t\t\t\t\t<img decoding=\"async\" src=\"https:\/\/schaedlingsbekaempfung-euregio.de\/wp-content\/uploads\/2026\/04\/ameisen-scaled.jpg\" alt=\"\">\n\n\t\t\t\t\t\t\t\t<\/a>\n\n\t\t\t\t\t\t\t<\/li>\n\n\t\t\t\t\t\t\t\t\t\n\n\t\t\t\t\t\t\n\n\t\t\t\t<\/ul>\n\n\t\t\t<\/div>\n\n\t\t<\/div>\n\n\t<\/div>\n\n<\/section><\/div>\n\n\n\n<div class=\"wp-block-column is-layout-flow wp-block-column-is-layout-flow\" style=\"flex-basis:40%\"><div class=\"container h-100\">\n\n\t<div class=\"row h-100\">\n\n\t\t<div class=\"col-lg-12 h-100\">\n\n\t\t\t<div class=\"imagewrap\">\n\n\t\t\t\t<img decoding=\"async\" src=\"https:\/\/schaedlingsbekaempfung-euregio.de\/wp-content\/uploads\/2026\/01\/henry-kutsch_portrait.jpg\" alt=\"Portrait Henry Kutsch\">\n\n\t\t\t<\/div>\n\n\t\t<\/div>\n\n\t<\/div>\n\n<\/div><\/div>\n<\/div>\n\n\n\n<div style=\"height:100px\" aria-hidden=\"true\" class=\"wp-block-spacer\"><\/div>\n\n\n\n<div class=\"wp-block-group has-white-color has-text-color has-background has-link-color wp-elements-ec41797b49f6e1a67b768c98880c65d9\" style=\"background-color:#021132\"><div class=\"wp-block-group__inner-container is-layout-constrained wp-block-group-is-layout-constrained\"><section class=\"quote\">\n\t\n\t<div class=\"container\">\n\n\t\t<div class=\"col-lg-12\">\n\n\t\t\t<div class=\"quote\">\n\n\t\t\t\t<p>\u00ab Avec passion pour les gens, les animaux et l\u2019environnement. <strong>Pour un foyer o\u00f9 vous vous sentirez \u00e0 nouveau bien. \u00bb<\/strong><\/p>\n\t\t\t\t\n\t\t\t<\/div>\n\n\t\t\t<span class=\"author\">~ Henry Kutsch<\/span>\n\n\t\t<\/div>\n\n\t<\/div>\n\n<\/section><\/div><\/div>\n\n\n\n<div style=\"height:100px\" aria-hidden=\"true\" class=\"wp-block-spacer\"><\/div>\n\n\n<section class=\"contact\">\n\t\n\t<div class=\"container\">\n\n\t\t<div class=\"row\">\n\n\t\t\t<div class=\"col-lg-5 info_half\">\n\n\t\t\t\t<h2>N&rsquo;h\u00e9sitez pas \u00e0 <strong>nous contacter \u00e0 tout moment!<\/strong><\/h2>\n<p>Nous r\u00e9pondons g\u00e9n\u00e9ralement \u00e0 votre demande dans les 24 heures.<\/p>\n\n\t\t\t\t<span><i class=\"fas fa-map-marker-alt\"><\/i>&nbsp;Buschstr. 34, 52146 W\u00fcrselen<\/span>\n\n\t\t\t\t<span><a href=\"tel:+49 171 103 2222\"><i class=\"fas fa-phone-alt\"><\/i>&nbsp;+49 171 103 2222<\/a><\/span>\n\n\t\t\t\t<span><a href=\"mailto:info@schaedlingsbekaempfung-euregio.de\"><i class=\"fas fa-envelope\"><\/i>&nbsp;info@schaedlingsbekaempfung-euregio.de<\/a><\/span>\n\n\t\t\t<\/div>\n\n\t\t\t<div class=\"col-lg-7\">\n\n\t\t\t\t\n<div class=\"wpcf7 no-js\" id=\"wpcf7-f1058-o1\" lang=\"fr-FR\" dir=\"ltr\" data-wpcf7-id=\"1058\">\n<div class=\"screen-reader-response\"><p role=\"status\" aria-live=\"polite\" aria-atomic=\"true\"><\/p> <ul><\/ul><\/div>\n<form action=\"\/fr\/wp-json\/wp\/v2\/pages\/580#wpcf7-f1058-o1\" method=\"post\" class=\"wpcf7-form init\" aria-label=\"Formulaire de contact\" novalidate=\"novalidate\" data-status=\"init\">\n<fieldset class=\"hidden-fields-container\"><input type=\"hidden\" name=\"_wpcf7\" value=\"1058\" \/><input type=\"hidden\" name=\"_wpcf7_version\" value=\"6.1.5\" \/><input type=\"hidden\" name=\"_wpcf7_locale\" value=\"fr_FR\" \/><input type=\"hidden\" name=\"_wpcf7_unit_tag\" value=\"wpcf7-f1058-o1\" \/><input type=\"hidden\" name=\"_wpcf7_container_post\" value=\"0\" \/><input type=\"hidden\" name=\"_wpcf7_posted_data_hash\" value=\"\" \/>\n<\/fieldset>\n<div class=\"container p-0\">\n\t<div class=\"row\">\n\t\t<div class=\"formfield col-md-6\">\n\t\t\t<p><span class=\"wpcf7-form-control-wrap\" data-name=\"full-name\"><input size=\"40\" maxlength=\"400\" class=\"wpcf7-form-control wpcf7-text wpcf7-validates-as-required\" aria-required=\"true\" aria-invalid=\"false\" placeholder=\"Nom *\" value=\"\" type=\"text\" name=\"full-name\" \/><\/span>\n\t\t\t<\/p>\n\t\t<\/div>\n\t\t<div class=\"formfield col-md-6\">\n\t\t\t<p><span class=\"wpcf7-form-control-wrap\" data-name=\"email\"><input size=\"40\" maxlength=\"400\" class=\"wpcf7-form-control wpcf7-email wpcf7-validates-as-required wpcf7-text wpcf7-validates-as-email\" aria-required=\"true\" aria-invalid=\"false\" placeholder=\"E-Mail *\" value=\"\" type=\"email\" name=\"email\" \/><\/span>\n\t\t\t<\/p>\n\t\t<\/div>\n\t\t<div class=\"formfield col-md-6\">\n\t\t\t<p><span class=\"wpcf7-form-control-wrap\" data-name=\"phone\"><input size=\"40\" maxlength=\"400\" class=\"wpcf7-form-control wpcf7-tel wpcf7-validates-as-required wpcf7-text wpcf7-validates-as-tel\" aria-required=\"true\" aria-invalid=\"false\" placeholder=\"T\u00e9l\u00e9phone *\" value=\"\" type=\"tel\" name=\"phone\" \/><\/span>\n\t\t\t<\/p>\n\t\t<\/div>\n\t\t<div class=\"formfield col-md-6\">\n\t\t\t<p><span class=\"wpcf7-form-control-wrap\" data-name=\"company\"><input size=\"40\" maxlength=\"400\" class=\"wpcf7-form-control wpcf7-text\" aria-invalid=\"false\" placeholder=\"Entreprise\" value=\"\" type=\"text\" name=\"company\" \/><\/span>\n\t\t\t<\/p>\n\t\t<\/div>\n\t\t<div class=\"formfield col-md-12\">\n\t\t\t<p><span class=\"wpcf7-form-control-wrap\" data-name=\"message\"><textarea cols=\"40\" rows=\"10\" maxlength=\"2000\" class=\"wpcf7-form-control wpcf7-textarea wpcf7-validates-as-required\" aria-required=\"true\" aria-invalid=\"false\" placeholder=\"Message *\" name=\"message\"><\/textarea><\/span>\n\t\t\t<\/p>\n\t\t<\/div>\n\t\t<div class=\"formfield col-md-12\">\n\t\t\t<p><span class=\"wpcf7-form-control-wrap\" data-name=\"privacy\"><span class=\"wpcf7-form-control wpcf7-acceptance\"><span class=\"wpcf7-list-item\"><label><input type=\"checkbox\" name=\"privacy\" value=\"1\" aria-invalid=\"false\" \/><span class=\"wpcf7-list-item-label\">J&rsquo;ai lu la politique de confidentialit\u00e9. *<\/span><\/label><\/span><\/span><\/span>\n\t\t\t<\/p>\n\t\t<\/div>\n\t\t<div class=\"formfield col-md-12\">\n\t\t\t<p><input class=\"wpcf7-form-control wpcf7-submit has-spinner\" type=\"submit\" value=\"Envoyer un message\" \/>\n\t\t\t<\/p>\n\t\t<\/div>\n\t<\/div>\n<\/div><div class=\"wpcf7-response-output\" aria-hidden=\"true\"><\/div>\n<\/form>\n<\/div>\n\n\t\t\t<\/div>\n\n\t\t<\/div>\n\n\t<\/div>\n\n<\/section>\n\n\n<div style=\"height:100px\" aria-hidden=\"true\" class=\"wp-block-spacer\"><\/div>\n","protected":false},"excerpt":{"rendered":"","protected":false},"author":1,"featured_media":0,"parent":0,"menu_order":0,"comment_status":"closed","ping_status":"closed","template":"","meta":{"_acf_changed":false,"footnotes":""},"class_list":["post-580","page","type-page","status-publish","hentry"],"acf":[],"yoast_head":"<!-- This site is optimized with the Yoast SEO plugin v27.4 - https:\/\/yoast.com\/product\/yoast-seo-wordpress\/ -->\n<title>\u00c0 propos de nous - Sch\u00e4dlingsbek\u00e4mpfung Kutsch<\/title>\n<meta name=\"robots\" content=\"index, follow, max-snippet:-1, max-image-preview:large, max-video-preview:-1\" \/>\n<link rel=\"canonical\" href=\"https:\/\/schaedlingsbekaempfung-euregio.de\/fr\/a-propos-de-nous\/\" \/>\n<meta property=\"og:locale\" content=\"fr_FR\" \/>\n<meta property=\"og:type\" content=\"article\" \/>\n<meta property=\"og:title\" content=\"\u00c0 propos de nous - Sch\u00e4dlingsbek\u00e4mpfung Kutsch\" \/>\n<meta property=\"og:url\" content=\"https:\/\/schaedlingsbekaempfung-euregio.de\/fr\/a-propos-de-nous\/\" \/>\n<meta property=\"og:site_name\" content=\"Sch\u00e4dlingsbek\u00e4mpfung Kutsch\" \/>\n<meta property=\"article:modified_time\" content=\"2026-04-24T11:29:45+00:00\" \/>\n<meta name=\"twitter:card\" content=\"summary_large_image\" \/>\n<meta name=\"twitter:label1\" content=\"Dur\u00e9e de lecture estim\u00e9e\" \/>\n\t<meta name=\"twitter:data1\" content=\"5 minutes\" \/>\n<script type=\"application\/ld+json\" class=\"yoast-schema-graph\">{\"@context\":\"https:\\\/\\\/schema.org\",\"@graph\":[{\"@type\":\"WebPage\",\"@id\":\"https:\\\/\\\/schaedlingsbekaempfung-euregio.de\\\/fr\\\/a-propos-de-nous\\\/\",\"url\":\"https:\\\/\\\/schaedlingsbekaempfung-euregio.de\\\/fr\\\/a-propos-de-nous\\\/\",\"name\":\"\u00c0 propos de nous - Sch\u00e4dlingsbek\u00e4mpfung Kutsch\",\"isPartOf\":{\"@id\":\"https:\\\/\\\/schaedlingsbekaempfung-euregio.de\\\/fr\\\/#website\"},\"datePublished\":\"2026-01-16T14:40:59+00:00\",\"dateModified\":\"2026-04-24T11:29:45+00:00\",\"breadcrumb\":{\"@id\":\"https:\\\/\\\/schaedlingsbekaempfung-euregio.de\\\/fr\\\/a-propos-de-nous\\\/#breadcrumb\"},\"inLanguage\":\"fr-FR\",\"potentialAction\":[{\"@type\":\"ReadAction\",\"target\":[\"https:\\\/\\\/schaedlingsbekaempfung-euregio.de\\\/fr\\\/a-propos-de-nous\\\/\"]}]},{\"@type\":\"BreadcrumbList\",\"@id\":\"https:\\\/\\\/schaedlingsbekaempfung-euregio.de\\\/fr\\\/a-propos-de-nous\\\/#breadcrumb\",\"itemListElement\":[{\"@type\":\"ListItem\",\"position\":1,\"name\":\"Start\",\"item\":\"https:\\\/\\\/schaedlingsbekaempfung-euregio.de\\\/fr\\\/\"},{\"@type\":\"ListItem\",\"position\":2,\"name\":\"\u00c0 propos de nous\"}]},{\"@type\":\"WebSite\",\"@id\":\"https:\\\/\\\/schaedlingsbekaempfung-euregio.de\\\/fr\\\/#website\",\"url\":\"https:\\\/\\\/schaedlingsbekaempfung-euregio.de\\\/fr\\\/\",\"name\":\"Sch\u00e4dlingsbek\u00e4mpfung Henry Kutsch\",\"description\":\"\",\"publisher\":{\"@id\":\"https:\\\/\\\/schaedlingsbekaempfung-euregio.de\\\/fr\\\/#organization\"},\"potentialAction\":[{\"@type\":\"SearchAction\",\"target\":{\"@type\":\"EntryPoint\",\"urlTemplate\":\"https:\\\/\\\/schaedlingsbekaempfung-euregio.de\\\/fr\\\/?s={search_term_string}\"},\"query-input\":{\"@type\":\"PropertyValueSpecification\",\"valueRequired\":true,\"valueName\":\"search_term_string\"}}],\"inLanguage\":\"fr-FR\"},{\"@type\":\"Organization\",\"@id\":\"https:\\\/\\\/schaedlingsbekaempfung-euregio.de\\\/fr\\\/#organization\",\"name\":\"Sch\u00e4dlingsbek\u00e4mpfung Henry Kutsch\",\"url\":\"https:\\\/\\\/schaedlingsbekaempfung-euregio.de\\\/fr\\\/\",\"logo\":{\"@type\":\"ImageObject\",\"inLanguage\":\"fr-FR\",\"@id\":\"https:\\\/\\\/schaedlingsbekaempfung-euregio.de\\\/fr\\\/#\\\/schema\\\/logo\\\/image\\\/\",\"url\":\"https:\\\/\\\/schaedlingsbekaempfung-euregio.de\\\/wp-content\\\/uploads\\\/2026\\\/02\\\/logo_white-bg.svg\",\"contentUrl\":\"https:\\\/\\\/schaedlingsbekaempfung-euregio.de\\\/wp-content\\\/uploads\\\/2026\\\/02\\\/logo_white-bg.svg\",\"width\":1,\"height\":1,\"caption\":\"Sch\u00e4dlingsbek\u00e4mpfung Henry Kutsch\"},\"image\":{\"@id\":\"https:\\\/\\\/schaedlingsbekaempfung-euregio.de\\\/fr\\\/#\\\/schema\\\/logo\\\/image\\\/\"}}]}<\/script>\n<!-- \/ Yoast SEO plugin. -->","yoast_head_json":{"title":"\u00c0 propos de nous - Sch\u00e4dlingsbek\u00e4mpfung Kutsch","robots":{"index":"index","follow":"follow","max-snippet":"max-snippet:-1","max-image-preview":"max-image-preview:large","max-video-preview":"max-video-preview:-1"},"canonical":"https:\/\/schaedlingsbekaempfung-euregio.de\/fr\/a-propos-de-nous\/","og_locale":"fr_FR","og_type":"article","og_title":"\u00c0 propos de nous - Sch\u00e4dlingsbek\u00e4mpfung Kutsch","og_url":"https:\/\/schaedlingsbekaempfung-euregio.de\/fr\/a-propos-de-nous\/","og_site_name":"Sch\u00e4dlingsbek\u00e4mpfung Kutsch","article_modified_time":"2026-04-24T11:29:45+00:00","twitter_card":"summary_large_image","twitter_misc":{"Dur\u00e9e de lecture estim\u00e9e":"5 minutes"},"schema":{"@context":"https:\/\/schema.org","@graph":[{"@type":"WebPage","@id":"https:\/\/schaedlingsbekaempfung-euregio.de\/fr\/a-propos-de-nous\/","url":"https:\/\/schaedlingsbekaempfung-euregio.de\/fr\/a-propos-de-nous\/","name":"\u00c0 propos de nous - Sch\u00e4dlingsbek\u00e4mpfung Kutsch","isPartOf":{"@id":"https:\/\/schaedlingsbekaempfung-euregio.de\/fr\/#website"},"datePublished":"2026-01-16T14:40:59+00:00","dateModified":"2026-04-24T11:29:45+00:00","breadcrumb":{"@id":"https:\/\/schaedlingsbekaempfung-euregio.de\/fr\/a-propos-de-nous\/#breadcrumb"},"inLanguage":"fr-FR","potentialAction":[{"@type":"ReadAction","target":["https:\/\/schaedlingsbekaempfung-euregio.de\/fr\/a-propos-de-nous\/"]}]},{"@type":"BreadcrumbList","@id":"https:\/\/schaedlingsbekaempfung-euregio.de\/fr\/a-propos-de-nous\/#breadcrumb","itemListElement":[{"@type":"ListItem","position":1,"name":"Start","item":"https:\/\/schaedlingsbekaempfung-euregio.de\/fr\/"},{"@type":"ListItem","position":2,"name":"\u00c0 propos de nous"}]},{"@type":"WebSite","@id":"https:\/\/schaedlingsbekaempfung-euregio.de\/fr\/#website","url":"https:\/\/schaedlingsbekaempfung-euregio.de\/fr\/","name":"Sch\u00e4dlingsbek\u00e4mpfung Henry Kutsch","description":"","publisher":{"@id":"https:\/\/schaedlingsbekaempfung-euregio.de\/fr\/#organization"},"potentialAction":[{"@type":"SearchAction","target":{"@type":"EntryPoint","urlTemplate":"https:\/\/schaedlingsbekaempfung-euregio.de\/fr\/?s={search_term_string}"},"query-input":{"@type":"PropertyValueSpecification","valueRequired":true,"valueName":"search_term_string"}}],"inLanguage":"fr-FR"},{"@type":"Organization","@id":"https:\/\/schaedlingsbekaempfung-euregio.de\/fr\/#organization","name":"Sch\u00e4dlingsbek\u00e4mpfung Henry Kutsch","url":"https:\/\/schaedlingsbekaempfung-euregio.de\/fr\/","logo":{"@type":"ImageObject","inLanguage":"fr-FR","@id":"https:\/\/schaedlingsbekaempfung-euregio.de\/fr\/#\/schema\/logo\/image\/","url":"https:\/\/schaedlingsbekaempfung-euregio.de\/wp-content\/uploads\/2026\/02\/logo_white-bg.svg","contentUrl":"https:\/\/schaedlingsbekaempfung-euregio.de\/wp-content\/uploads\/2026\/02\/logo_white-bg.svg","width":1,"height":1,"caption":"Sch\u00e4dlingsbek\u00e4mpfung Henry Kutsch"},"image":{"@id":"https:\/\/schaedlingsbekaempfung-euregio.de\/fr\/#\/schema\/logo\/image\/"}}]}},"_links":{"self":[{"href":"https:\/\/schaedlingsbekaempfung-euregio.de\/fr\/wp-json\/wp\/v2\/pages\/580","targetHints":{"allow":["GET"]}}],"collection":[{"href":"https:\/\/schaedlingsbekaempfung-euregio.de\/fr\/wp-json\/wp\/v2\/pages"}],"about":[{"href":"https:\/\/schaedlingsbekaempfung-euregio.de\/fr\/wp-json\/wp\/v2\/types\/page"}],"author":[{"embeddable":true,"href":"https:\/\/schaedlingsbekaempfung-euregio.de\/fr\/wp-json\/wp\/v2\/users\/1"}],"replies":[{"embeddable":true,"href":"https:\/\/schaedlingsbekaempfung-euregio.de\/fr\/wp-json\/wp\/v2\/comments?post=580"}],"version-history":[{"count":5,"href":"https:\/\/schaedlingsbekaempfung-euregio.de\/fr\/wp-json\/wp\/v2\/pages\/580\/revisions"}],"predecessor-version":[{"id":1396,"href":"https:\/\/schaedlingsbekaempfung-euregio.de\/fr\/wp-json\/wp\/v2\/pages\/580\/revisions\/1396"}],"wp:attachment":[{"href":"https:\/\/schaedlingsbekaempfung-euregio.de\/fr\/wp-json\/wp\/v2\/media?parent=580"}],"curies":[{"name":"wp","href":"https:\/\/api.w.org\/{rel}","templated":true}]}}