{"id":571,"date":"2026-01-19T14:49:00","date_gmt":"2026-01-19T13:49:00","guid":{"rendered":"https:\/\/schaedlingsbekaempfung-euregio.de\/maeuse\/"},"modified":"2026-02-09T07:20:17","modified_gmt":"2026-02-09T06:20:17","slug":"souris","status":"publish","type":"page","link":"https:\/\/schaedlingsbekaempfung-euregio.de\/fr\/services\/souris\/","title":{"rendered":"Souris"},"content":{"rendered":"<section class=\"banner\">\n\n\t<img decoding=\"async\" src=\"https:\/\/schaedlingsbekaempfung-euregio.de\/wp-content\/uploads\/2026\/01\/mouse-1708347_1280.jpg\" alt=\"Maus\">\n\n\t<div class=\"banner_overlay\">\n\n\t\t<div class=\"container\">\n\n\t\t\t<div class=\"row\">\n\n\t\t\t\t<div class=\"col-lg-6 col-md-8 banner_text\">\n\n\t\t\t\t\t<h1>Souris<\/h1>\n<p>La pr\u00e9sence de souris dans votre maison ou votre entreprise est non seulement une nuisance, mais peut aussi causer des d\u00e9g\u00e2ts et pr\u00e9senter un risque pour l&rsquo;hygi\u00e8ne. Nous vous aidons rapidement et efficacement \u00e0 \u00e9radiquer l&rsquo;infestation et \u00e0 d\u00e9barrasser d\u00e9finitivement votre propri\u00e9t\u00e9 des souris.<\/p>\n \n\t\t\t\t<\/div>\n\n\t\t\t<\/div>\n\n\t\t<\/div>\n\n\t<\/div>\n\n<\/section>\n\n\n<div style=\"height:100px\" aria-hidden=\"true\" class=\"wp-block-spacer\"><\/div>\n\n\n<section class=\"text\">\n\t\n\t<div class=\"container\">\n\n\t\t<div class=\"row\">\n\n\t\t\t<div class=\"col-lg-12\">\n\n\t\t\t\t<h2 style=\"text-align: center;\">Notre offre de services <strong>est ax\u00e9e sur <em>le contr\u00f4le de la souris<\/em><\/strong><\/h2>\n<p style=\"text-align: center;\">Les souris peuvent para\u00eetre inoffensives, mais elles peuvent causer des d\u00e9g\u00e2ts consid\u00e9rables. Elles rongent les c\u00e2bles, les meubles et les mat\u00e9riaux isolants, et contaminent les aliments par leurs excr\u00e9ments et autres marques de mastication. Outre les dommages mat\u00e9riels, elles repr\u00e9sentent \u00e9galement un risque sanitaire, car elles peuvent transmettre des agents pathog\u00e8nes. Une infestation de souris ne doit donc pas \u00eatre prise \u00e0 la l\u00e9g\u00e8re.<\/p>\n\n\t\t\t<\/div>\n\n\t\t<\/div>\n\n\t<\/div>\n\n<\/section>\n\n\n<div style=\"height:100px\" aria-hidden=\"true\" class=\"wp-block-spacer\"><\/div>\n\n\n\n<div class=\"wp-block-group has-white-color has-text-color has-background has-link-color wp-elements-e83596e436d4686fc9d0ab913442d0c6\" style=\"background-color:#021132\"><div class=\"wp-block-group__inner-container is-layout-constrained wp-block-group-is-layout-constrained\"><section class=\"accordion\">\n\t\n\t<div class=\"container\">\n\n\t\t<div class=\"row\">\n\n\t\t\t\n\t\t\t\t<div class=\"col-lg-12 introduction\">\n\n\t\t\t\t\t<h2>Toutes les informations importantes<\/h2>\n\n\t\t\t\t<\/div>\n\n\t\t\t\n\t\t\t<div class=\"col-lg-12\">\n\n\t\t\t\t\n\t\t\t\t\t\t<div class=\"accordion_single\">\n\n\t\t\t\t\t\t\t<div class=\"accordion_title\">\n\n\t\t\t\t\t\t\t\t<h3>Comment reconna\u00eetre une possible infestation de souris<\/h3>\n\n\t\t\t\t\t\t\t\t<i class=\"fas fa-chevron-down\"><\/i>\n\n\t\t\t\t\t\t\t<\/div>\n\n\t\t\t\t\t\t\t<div class=\"accordion_content\">\n\n\t\t\t\t\t\t\t\t<p>Souvent, une infestation de souris passe inaper\u00e7ue au d\u00e9but. Nombreux sont ceux qui signalent des bruits ou des signes inhabituels qui les alertent. Les souris \u00e9tant nocturnes et tr\u00e8s adaptables, une infestation se propage g\u00e9n\u00e9ralement plus vite qu&rsquo;on ne le pense. Si vous soup\u00e7onnez la pr\u00e9sence de souris dans votre maison, votre jardin ou votre entreprise, n&rsquo;h\u00e9sitez pas \u00e0 nous contacter. Nous \u00e9valuerons la situation avec professionnalisme et discr\u00e9tion.<\/p>\n\n\t\t\t\t\t\t\t\t\n\t\t\t\t\t\t\t<\/div>\t\t\t\t\t\t\t\n\n\t\t\t\t\t\t<\/div>\n\n\t\t\t\t\t\n\t\t\t\t\t\t<div class=\"accordion_single\">\n\n\t\t\t\t\t\t\t<div class=\"accordion_title\">\n\n\t\t\t\t\t\t\t\t<h3>Pourquoi l&rsquo;aide professionnelle est importante<\/h3>\n\n\t\t\t\t\t\t\t\t<i class=\"fas fa-chevron-down\"><\/i>\n\n\t\t\t\t\t\t\t<\/div>\n\n\t\t\t\t\t\t\t<div class=\"accordion_content\">\n\n\t\t\t\t\t\t\t\t<p>Les souris se reproduisent rapidement et trouvent refuge m\u00eame dans les plus petites fissures. Les rem\u00e8des maison classiques ou les pi\u00e8ges du commerce n&rsquo;offrent g\u00e9n\u00e9ralement qu&rsquo;un soulagement temporaire. Nous poss\u00e9dons l&rsquo;expertise, l&rsquo;exp\u00e9rience et l&rsquo;\u00e9quipement n\u00e9cessaires pour lutter efficacement et durablement contre les souris et, surtout, pr\u00e9venir toute nouvelle infestation.<\/p>\n\n\t\t\t\t\t\t\t\t\n\t\t\t\t\t\t\t<\/div>\t\t\t\t\t\t\t\n\n\t\t\t\t\t\t<\/div>\n\n\t\t\t\t\t\n\t\t\t\t\t\t<div class=\"accordion_single\">\n\n\t\t\t\t\t\t\t<div class=\"accordion_title\">\n\n\t\t\t\t\t\t\t\t<h3>Notre approche<\/h3>\n\n\t\t\t\t\t\t\t\t<i class=\"fas fa-chevron-down\"><\/i>\n\n\t\t\t\t\t\t\t<\/div>\n\n\t\t\t\t\t\t\t<div class=\"accordion_content\">\n\n\t\t\t\t\t\t\t\t<p>Nous sommes des experts en lutte antiparasitaire certifi\u00e9s IHK et proposons quotidiennement des services de d\u00e9ratisation s\u00fbrs et efficaces \u00e0 Aix-la-Chapelle et ses environs. Notre approche est syst\u00e9matique et responsable\u00a0:<\/p>\n<ol>\n<li>Inspection approfondie des zones infest\u00e9es<\/li>\n<li>Traitement cibl\u00e9 par des m\u00e9thodes professionnelles<\/li>\n<li>Inspections de suivi et mesures pr\u00e9ventives pour \u00e9viter toute r\u00e9infestation<\/li>\n<\/ol>\n<p>Nous travaillons avec discr\u00e9tion, propret\u00e9 et le plus grand respect des personnes et des animaux.<\/p>\n\n\t\t\t\t\t\t\t\t\n\t\t\t\t\t\t\t<\/div>\t\t\t\t\t\t\t\n\n\t\t\t\t\t\t<\/div>\n\n\t\t\t\t\t\n\t\t\t<\/div>\n\n\t\t<\/div>\n\n\t<\/div>\n\n<\/section><\/div><\/div>\n\n\n\n<div style=\"height:100px\" aria-hidden=\"true\" class=\"wp-block-spacer\"><\/div>\n\n\n<section class=\"contact\">\n\t\n\t<div class=\"container\">\n\n\t\t<div class=\"row\">\n\n\t\t\t<div class=\"col-lg-5 info_half\">\n\n\t\t\t\t<h2>N&rsquo;h\u00e9sitez pas \u00e0 <strong>nous contacter \u00e0 tout moment!<\/strong><\/h2>\n<p>Que ce soit chez un particulier, dans un restaurant ou un commerce, nous intervenons rapidement, efficacement et sans complications administratives inutiles. Contactez-nous si vous soup\u00e7onnez une infestation de souris. Nous serons ravis de vous conseiller et de trouver une solution durable.<\/p>\n\n\t\t\t\t<span><i class=\"fas fa-map-marker-alt\"><\/i>&nbsp;Buschstr. 34, 52146 W\u00fcrselen<\/span>\n\n\t\t\t\t<span><a href=\"tel:+49 171 103 2222\"><i class=\"fas fa-phone-alt\"><\/i>&nbsp;+49 171 103 2222<\/a><\/span>\n\n\t\t\t\t<span><a href=\"mailto:info@schaedlingsbekaempfung-euregio.de\"><i class=\"fas fa-envelope\"><\/i>&nbsp;info@schaedlingsbekaempfung-euregio.de<\/a><\/span>\n\n\t\t\t<\/div>\n\n\t\t\t<div class=\"col-lg-7\">\n\n\t\t\t\t\n<div class=\"wpcf7 no-js\" id=\"wpcf7-f1058-o1\" lang=\"fr-FR\" dir=\"ltr\" data-wpcf7-id=\"1058\">\n<div class=\"screen-reader-response\"><p role=\"status\" aria-live=\"polite\" aria-atomic=\"true\"><\/p> <ul><\/ul><\/div>\n<form action=\"\/fr\/wp-json\/wp\/v2\/pages\/571#wpcf7-f1058-o1\" method=\"post\" class=\"wpcf7-form init\" aria-label=\"Formulaire de contact\" novalidate=\"novalidate\" data-status=\"init\">\n<fieldset class=\"hidden-fields-container\"><input type=\"hidden\" name=\"_wpcf7\" value=\"1058\" \/><input type=\"hidden\" name=\"_wpcf7_version\" value=\"6.1.5\" \/><input type=\"hidden\" name=\"_wpcf7_locale\" value=\"fr_FR\" \/><input type=\"hidden\" name=\"_wpcf7_unit_tag\" value=\"wpcf7-f1058-o1\" \/><input type=\"hidden\" name=\"_wpcf7_container_post\" value=\"0\" \/><input type=\"hidden\" name=\"_wpcf7_posted_data_hash\" value=\"\" \/>\n<\/fieldset>\n<div class=\"container p-0\">\n\t<div class=\"row\">\n\t\t<div class=\"formfield col-md-6\">\n\t\t\t<p><span class=\"wpcf7-form-control-wrap\" data-name=\"full-name\"><input size=\"40\" maxlength=\"400\" class=\"wpcf7-form-control wpcf7-text wpcf7-validates-as-required\" aria-required=\"true\" aria-invalid=\"false\" placeholder=\"Nom *\" value=\"\" type=\"text\" name=\"full-name\" \/><\/span>\n\t\t\t<\/p>\n\t\t<\/div>\n\t\t<div class=\"formfield col-md-6\">\n\t\t\t<p><span class=\"wpcf7-form-control-wrap\" data-name=\"email\"><input size=\"40\" maxlength=\"400\" class=\"wpcf7-form-control wpcf7-email wpcf7-validates-as-required wpcf7-text wpcf7-validates-as-email\" aria-required=\"true\" aria-invalid=\"false\" placeholder=\"E-Mail *\" value=\"\" type=\"email\" name=\"email\" \/><\/span>\n\t\t\t<\/p>\n\t\t<\/div>\n\t\t<div class=\"formfield col-md-6\">\n\t\t\t<p><span class=\"wpcf7-form-control-wrap\" data-name=\"phone\"><input size=\"40\" maxlength=\"400\" class=\"wpcf7-form-control wpcf7-tel wpcf7-validates-as-required wpcf7-text wpcf7-validates-as-tel\" aria-required=\"true\" aria-invalid=\"false\" placeholder=\"T\u00e9l\u00e9phone *\" value=\"\" type=\"tel\" name=\"phone\" \/><\/span>\n\t\t\t<\/p>\n\t\t<\/div>\n\t\t<div class=\"formfield col-md-6\">\n\t\t\t<p><span class=\"wpcf7-form-control-wrap\" data-name=\"company\"><input size=\"40\" maxlength=\"400\" class=\"wpcf7-form-control wpcf7-text\" aria-invalid=\"false\" placeholder=\"Entreprise\" value=\"\" type=\"text\" name=\"company\" \/><\/span>\n\t\t\t<\/p>\n\t\t<\/div>\n\t\t<div class=\"formfield col-md-12\">\n\t\t\t<p><span class=\"wpcf7-form-control-wrap\" data-name=\"message\"><textarea cols=\"40\" rows=\"10\" maxlength=\"2000\" class=\"wpcf7-form-control wpcf7-textarea wpcf7-validates-as-required\" aria-required=\"true\" aria-invalid=\"false\" placeholder=\"Message *\" name=\"message\"><\/textarea><\/span>\n\t\t\t<\/p>\n\t\t<\/div>\n\t\t<div class=\"formfield col-md-12\">\n\t\t\t<p><span class=\"wpcf7-form-control-wrap\" data-name=\"privacy\"><span class=\"wpcf7-form-control wpcf7-acceptance\"><span class=\"wpcf7-list-item\"><label><input type=\"checkbox\" name=\"privacy\" value=\"1\" aria-invalid=\"false\" \/><span class=\"wpcf7-list-item-label\">J&rsquo;ai lu la politique de confidentialit\u00e9. *<\/span><\/label><\/span><\/span><\/span>\n\t\t\t<\/p>\n\t\t<\/div>\n\t\t<div class=\"formfield col-md-12\">\n\t\t\t<p><input class=\"wpcf7-form-control wpcf7-submit has-spinner\" type=\"submit\" value=\"Envoyer un message\" \/>\n\t\t\t<\/p>\n\t\t<\/div>\n\t<\/div>\n<\/div><div class=\"wpcf7-response-output\" aria-hidden=\"true\"><\/div>\n<\/form>\n<\/div>\n\n\t\t\t<\/div>\n\n\t\t<\/div>\n\n\t<\/div>\n\n<\/section>\n\n\n<div style=\"height:100px\" aria-hidden=\"true\" class=\"wp-block-spacer\"><\/div>\n","protected":false},"excerpt":{"rendered":"","protected":false},"author":1,"featured_media":0,"parent":616,"menu_order":0,"comment_status":"closed","ping_status":"closed","template":"","meta":{"_acf_changed":false,"footnotes":""},"class_list":["post-571","page","type-page","status-publish","hentry"],"acf":[],"yoast_head":"<!-- This site is optimized with the Yoast SEO plugin v27.4 - https:\/\/yoast.com\/product\/yoast-seo-wordpress\/ -->\n<title>Souris - Sch\u00e4dlingsbek\u00e4mpfung Kutsch<\/title>\n<meta name=\"robots\" content=\"index, follow, max-snippet:-1, max-image-preview:large, max-video-preview:-1\" \/>\n<link rel=\"canonical\" href=\"https:\/\/schaedlingsbekaempfung-euregio.de\/fr\/services\/souris\/\" \/>\n<meta property=\"og:locale\" content=\"fr_FR\" \/>\n<meta property=\"og:type\" content=\"article\" \/>\n<meta property=\"og:title\" content=\"Souris - Sch\u00e4dlingsbek\u00e4mpfung Kutsch\" \/>\n<meta property=\"og:url\" content=\"https:\/\/schaedlingsbekaempfung-euregio.de\/fr\/services\/souris\/\" \/>\n<meta property=\"og:site_name\" content=\"Sch\u00e4dlingsbek\u00e4mpfung Kutsch\" \/>\n<meta property=\"article:modified_time\" content=\"2026-02-09T06:20:17+00:00\" \/>\n<meta name=\"twitter:card\" content=\"summary_large_image\" \/>\n<script type=\"application\/ld+json\" class=\"yoast-schema-graph\">{\"@context\":\"https:\\\/\\\/schema.org\",\"@graph\":[{\"@type\":\"WebPage\",\"@id\":\"https:\\\/\\\/schaedlingsbekaempfung-euregio.de\\\/fr\\\/services\\\/souris\\\/\",\"url\":\"https:\\\/\\\/schaedlingsbekaempfung-euregio.de\\\/fr\\\/services\\\/souris\\\/\",\"name\":\"Souris - Sch\u00e4dlingsbek\u00e4mpfung Kutsch\",\"isPartOf\":{\"@id\":\"https:\\\/\\\/schaedlingsbekaempfung-euregio.de\\\/fr\\\/#website\"},\"datePublished\":\"2026-01-19T13:49:00+00:00\",\"dateModified\":\"2026-02-09T06:20:17+00:00\",\"breadcrumb\":{\"@id\":\"https:\\\/\\\/schaedlingsbekaempfung-euregio.de\\\/fr\\\/services\\\/souris\\\/#breadcrumb\"},\"inLanguage\":\"fr-FR\",\"potentialAction\":[{\"@type\":\"ReadAction\",\"target\":[\"https:\\\/\\\/schaedlingsbekaempfung-euregio.de\\\/fr\\\/services\\\/souris\\\/\"]}]},{\"@type\":\"BreadcrumbList\",\"@id\":\"https:\\\/\\\/schaedlingsbekaempfung-euregio.de\\\/fr\\\/services\\\/souris\\\/#breadcrumb\",\"itemListElement\":[{\"@type\":\"ListItem\",\"position\":1,\"name\":\"Start\",\"item\":\"https:\\\/\\\/schaedlingsbekaempfung-euregio.de\\\/fr\\\/\"},{\"@type\":\"ListItem\",\"position\":2,\"name\":\"Services\",\"item\":\"https:\\\/\\\/schaedlingsbekaempfung-euregio.de\\\/fr\\\/services\\\/\"},{\"@type\":\"ListItem\",\"position\":3,\"name\":\"Souris\"}]},{\"@type\":\"WebSite\",\"@id\":\"https:\\\/\\\/schaedlingsbekaempfung-euregio.de\\\/fr\\\/#website\",\"url\":\"https:\\\/\\\/schaedlingsbekaempfung-euregio.de\\\/fr\\\/\",\"name\":\"Sch\u00e4dlingsbek\u00e4mpfung Henry Kutsch\",\"description\":\"\",\"publisher\":{\"@id\":\"https:\\\/\\\/schaedlingsbekaempfung-euregio.de\\\/fr\\\/#organization\"},\"potentialAction\":[{\"@type\":\"SearchAction\",\"target\":{\"@type\":\"EntryPoint\",\"urlTemplate\":\"https:\\\/\\\/schaedlingsbekaempfung-euregio.de\\\/fr\\\/?s={search_term_string}\"},\"query-input\":{\"@type\":\"PropertyValueSpecification\",\"valueRequired\":true,\"valueName\":\"search_term_string\"}}],\"inLanguage\":\"fr-FR\"},{\"@type\":\"Organization\",\"@id\":\"https:\\\/\\\/schaedlingsbekaempfung-euregio.de\\\/fr\\\/#organization\",\"name\":\"Sch\u00e4dlingsbek\u00e4mpfung Henry Kutsch\",\"url\":\"https:\\\/\\\/schaedlingsbekaempfung-euregio.de\\\/fr\\\/\",\"logo\":{\"@type\":\"ImageObject\",\"inLanguage\":\"fr-FR\",\"@id\":\"https:\\\/\\\/schaedlingsbekaempfung-euregio.de\\\/fr\\\/#\\\/schema\\\/logo\\\/image\\\/\",\"url\":\"https:\\\/\\\/schaedlingsbekaempfung-euregio.de\\\/wp-content\\\/uploads\\\/2026\\\/02\\\/logo_white-bg.svg\",\"contentUrl\":\"https:\\\/\\\/schaedlingsbekaempfung-euregio.de\\\/wp-content\\\/uploads\\\/2026\\\/02\\\/logo_white-bg.svg\",\"width\":1,\"height\":1,\"caption\":\"Sch\u00e4dlingsbek\u00e4mpfung Henry Kutsch\"},\"image\":{\"@id\":\"https:\\\/\\\/schaedlingsbekaempfung-euregio.de\\\/fr\\\/#\\\/schema\\\/logo\\\/image\\\/\"}}]}<\/script>\n<!-- \/ Yoast SEO plugin. -->","yoast_head_json":{"title":"Souris - Sch\u00e4dlingsbek\u00e4mpfung Kutsch","robots":{"index":"index","follow":"follow","max-snippet":"max-snippet:-1","max-image-preview":"max-image-preview:large","max-video-preview":"max-video-preview:-1"},"canonical":"https:\/\/schaedlingsbekaempfung-euregio.de\/fr\/services\/souris\/","og_locale":"fr_FR","og_type":"article","og_title":"Souris - Sch\u00e4dlingsbek\u00e4mpfung Kutsch","og_url":"https:\/\/schaedlingsbekaempfung-euregio.de\/fr\/services\/souris\/","og_site_name":"Sch\u00e4dlingsbek\u00e4mpfung Kutsch","article_modified_time":"2026-02-09T06:20:17+00:00","twitter_card":"summary_large_image","schema":{"@context":"https:\/\/schema.org","@graph":[{"@type":"WebPage","@id":"https:\/\/schaedlingsbekaempfung-euregio.de\/fr\/services\/souris\/","url":"https:\/\/schaedlingsbekaempfung-euregio.de\/fr\/services\/souris\/","name":"Souris - Sch\u00e4dlingsbek\u00e4mpfung Kutsch","isPartOf":{"@id":"https:\/\/schaedlingsbekaempfung-euregio.de\/fr\/#website"},"datePublished":"2026-01-19T13:49:00+00:00","dateModified":"2026-02-09T06:20:17+00:00","breadcrumb":{"@id":"https:\/\/schaedlingsbekaempfung-euregio.de\/fr\/services\/souris\/#breadcrumb"},"inLanguage":"fr-FR","potentialAction":[{"@type":"ReadAction","target":["https:\/\/schaedlingsbekaempfung-euregio.de\/fr\/services\/souris\/"]}]},{"@type":"BreadcrumbList","@id":"https:\/\/schaedlingsbekaempfung-euregio.de\/fr\/services\/souris\/#breadcrumb","itemListElement":[{"@type":"ListItem","position":1,"name":"Start","item":"https:\/\/schaedlingsbekaempfung-euregio.de\/fr\/"},{"@type":"ListItem","position":2,"name":"Services","item":"https:\/\/schaedlingsbekaempfung-euregio.de\/fr\/services\/"},{"@type":"ListItem","position":3,"name":"Souris"}]},{"@type":"WebSite","@id":"https:\/\/schaedlingsbekaempfung-euregio.de\/fr\/#website","url":"https:\/\/schaedlingsbekaempfung-euregio.de\/fr\/","name":"Sch\u00e4dlingsbek\u00e4mpfung Henry Kutsch","description":"","publisher":{"@id":"https:\/\/schaedlingsbekaempfung-euregio.de\/fr\/#organization"},"potentialAction":[{"@type":"SearchAction","target":{"@type":"EntryPoint","urlTemplate":"https:\/\/schaedlingsbekaempfung-euregio.de\/fr\/?s={search_term_string}"},"query-input":{"@type":"PropertyValueSpecification","valueRequired":true,"valueName":"search_term_string"}}],"inLanguage":"fr-FR"},{"@type":"Organization","@id":"https:\/\/schaedlingsbekaempfung-euregio.de\/fr\/#organization","name":"Sch\u00e4dlingsbek\u00e4mpfung Henry Kutsch","url":"https:\/\/schaedlingsbekaempfung-euregio.de\/fr\/","logo":{"@type":"ImageObject","inLanguage":"fr-FR","@id":"https:\/\/schaedlingsbekaempfung-euregio.de\/fr\/#\/schema\/logo\/image\/","url":"https:\/\/schaedlingsbekaempfung-euregio.de\/wp-content\/uploads\/2026\/02\/logo_white-bg.svg","contentUrl":"https:\/\/schaedlingsbekaempfung-euregio.de\/wp-content\/uploads\/2026\/02\/logo_white-bg.svg","width":1,"height":1,"caption":"Sch\u00e4dlingsbek\u00e4mpfung Henry Kutsch"},"image":{"@id":"https:\/\/schaedlingsbekaempfung-euregio.de\/fr\/#\/schema\/logo\/image\/"}}]}},"_links":{"self":[{"href":"https:\/\/schaedlingsbekaempfung-euregio.de\/fr\/wp-json\/wp\/v2\/pages\/571","targetHints":{"allow":["GET"]}}],"collection":[{"href":"https:\/\/schaedlingsbekaempfung-euregio.de\/fr\/wp-json\/wp\/v2\/pages"}],"about":[{"href":"https:\/\/schaedlingsbekaempfung-euregio.de\/fr\/wp-json\/wp\/v2\/types\/page"}],"author":[{"embeddable":true,"href":"https:\/\/schaedlingsbekaempfung-euregio.de\/fr\/wp-json\/wp\/v2\/users\/1"}],"replies":[{"embeddable":true,"href":"https:\/\/schaedlingsbekaempfung-euregio.de\/fr\/wp-json\/wp\/v2\/comments?post=571"}],"version-history":[{"count":1,"href":"https:\/\/schaedlingsbekaempfung-euregio.de\/fr\/wp-json\/wp\/v2\/pages\/571\/revisions"}],"predecessor-version":[{"id":1204,"href":"https:\/\/schaedlingsbekaempfung-euregio.de\/fr\/wp-json\/wp\/v2\/pages\/571\/revisions\/1204"}],"up":[{"embeddable":true,"href":"https:\/\/schaedlingsbekaempfung-euregio.de\/fr\/wp-json\/wp\/v2\/pages\/616"}],"wp:attachment":[{"href":"https:\/\/schaedlingsbekaempfung-euregio.de\/fr\/wp-json\/wp\/v2\/media?parent=571"}],"curies":[{"name":"wp","href":"https:\/\/api.w.org\/{rel}","templated":true}]}}