{"id":517,"date":"2026-01-19T14:50:53","date_gmt":"2026-01-19T13:50:53","guid":{"rendered":"https:\/\/schaedlingsbekaempfung-euregio.de\/fliegen\/"},"modified":"2026-02-09T07:19:44","modified_gmt":"2026-02-09T06:19:44","slug":"mouches","status":"publish","type":"page","link":"https:\/\/schaedlingsbekaempfung-euregio.de\/fr\/services\/mouches\/","title":{"rendered":"Mouches"},"content":{"rendered":"<section class=\"banner\">\n\n\t<img decoding=\"async\" src=\"https:\/\/schaedlingsbekaempfung-euregio.de\/wp-content\/uploads\/2026\/01\/jin-yeong-kim-f98dJ8VkuTk-unsplash.jpg\" alt=\"Fliege\">\n\n\t<div class=\"banner_overlay\">\n\n\t\t<div class=\"container\">\n\n\t\t\t<div class=\"row\">\n\n\t\t\t\t<div class=\"col-lg-6 col-md-8 banner_text\">\n\n\t\t\t\t\t<h1>Mouches<\/h1>\n<p>Les mouches dans votre maison ou votre entreprise sont non seulement une nuisance, mais repr\u00e9sentent \u00e9galement un risque sanitaire. Elles peuvent propager des agents pathog\u00e8nes et contaminer les aliments et les surfaces. Nous vous aidons \u00e0 \u00e9radiquer rapidement et efficacement l&rsquo;infestation et \u00e0 garantir des locaux d\u00e9finitivement exempts de mouches.<\/p>\n \n\t\t\t\t<\/div>\n\n\t\t\t<\/div>\n\n\t\t<\/div>\n\n\t<\/div>\n\n<\/section>\n\n\n<div style=\"height:100px\" aria-hidden=\"true\" class=\"wp-block-spacer\"><\/div>\n\n\n<section class=\"text\">\n\t\n\t<div class=\"container\">\n\n\t\t<div class=\"row\">\n\n\t\t\t<div class=\"col-lg-12\">\n\n\t\t\t\t<h2 style=\"text-align: center;\">Notre offre de <strong>services est ax\u00e9e sur : <em>la lutte contre les mouches<\/em><\/strong><\/h2>\n<p style=\"text-align: center;\">Les mouches et les moustiques ne sont pas seulement une nuisance, mais aussi des vecteurs potentiels de maladies. Les mouches se nourrissent souvent de d\u00e9chets, d&rsquo;excr\u00e9ments et d&rsquo;aliments en d\u00e9composition. Ce faisant, elles ing\u00e8rent des bact\u00e9ries, des germes et des agents pathog\u00e8nes qu&rsquo;elles diss\u00e9minent ensuite sur les surfaces et les aliments. C&rsquo;est ainsi qu&rsquo;elles peuvent transmettre des maladies comme la salmonellose, la typho\u00efde, la tuberculose, le chol\u00e9ra ou les infections \u00e0 E. coli.<\/p>\n<p style=\"text-align: center;\">Les moustiques sont \u00e9galement plus qu&rsquo;une simple nuisance. Leurs piq\u00fbres peuvent provoquer des d\u00e9mangeaisons, des inflammations et, dans de rares cas, transmettre des maladies tropicales dangereuses comme la dengue ou le paludisme. Une forte infestation ne doit donc pas \u00eatre sous-estim\u00e9e, mais au contraire, \u00eatre ma\u00eetris\u00e9e.<\/p>\n\n\t\t\t<\/div>\n\n\t\t<\/div>\n\n\t<\/div>\n\n<\/section>\n\n\n<div style=\"height:100px\" aria-hidden=\"true\" class=\"wp-block-spacer\"><\/div>\n\n\n\n<div class=\"wp-block-group has-white-color has-text-color has-background has-link-color wp-elements-01486786809035698bf3ecb1d3e44605\" style=\"background-color:#021132\"><div class=\"wp-block-group__inner-container is-layout-constrained wp-block-group-is-layout-constrained\"><section class=\"accordion\">\n\t\n\t<div class=\"container\">\n\n\t\t<div class=\"row\">\n\n\t\t\t\n\t\t\t\t<div class=\"col-lg-12 introduction\">\n\n\t\t\t\t\t<h2>Toutes les informations importantes<\/h2>\n\n\t\t\t\t<\/div>\n\n\t\t\t\n\t\t\t<div class=\"col-lg-12\">\n\n\t\t\t\t\n\t\t\t\t\t\t<div class=\"accordion_single\">\n\n\t\t\t\t\t\t\t<div class=\"accordion_title\">\n\n\t\t\t\t\t\t\t\t<h3>Comment reconna\u00eetre une possible infestation de mouches<\/h3>\n\n\t\t\t\t\t\t\t\t<i class=\"fas fa-chevron-down\"><\/i>\n\n\t\t\t\t\t\t\t<\/div>\n\n\t\t\t\t\t\t\t<div class=\"accordion_content\">\n\n\t\t\t\t\t\t\t\t<p>Une mouche isol\u00e9e est g\u00e9n\u00e9ralement inoffensive. Cependant, l&rsquo;apparition soudaine de nombreuses mouches ou moustiques indique souvent la pr\u00e9sence d&rsquo;un lieu de reproduction cach\u00e9. Parmi les signes typiques, on note une activit\u00e9 accrue des mouches dans les cuisines, les zones de poubelles ou les garde-manger. La pr\u00e9sence d&rsquo;excr\u00e9ments de mouches sur les murs, les \u00e9tag\u00e8res ou les aliments, ainsi que de larves ou d&rsquo;asticots dans les canalisations, les poubelles ou les mati\u00e8res organiques, est \u00e9galement un indicateur d&rsquo;infestation.<\/p>\n<p>Un bourdonnement dans les pi\u00e8ces chaudes ou pr\u00e8s des fen\u00eatres constitue un autre signe d&rsquo;alerte courant. Si vous observez de tels signes, il est important d&rsquo;agir rapidement afin d&rsquo;\u00e9viter toute propagation.<\/p>\n\n\t\t\t\t\t\t\t\t\n\t\t\t\t\t\t\t<\/div>\t\t\t\t\t\t\t\n\n\t\t\t\t\t\t<\/div>\n\n\t\t\t\t\t\n\t\t\t\t\t\t<div class=\"accordion_single\">\n\n\t\t\t\t\t\t\t<div class=\"accordion_title\">\n\n\t\t\t\t\t\t\t\t<h3>Pourquoi l&rsquo;aide professionnelle est importante<\/h3>\n\n\t\t\t\t\t\t\t\t<i class=\"fas fa-chevron-down\"><\/i>\n\n\t\t\t\t\t\t\t<\/div>\n\n\t\t\t\t\t\t\t<div class=\"accordion_content\">\n\n\t\t\t\t\t\t\t\t<p>Les mouches et les moustiques se reproduisent tr\u00e8s rapidement. Une seule femelle peut pondre plusieurs centaines d&rsquo;\u0153ufs. Les rem\u00e8des maison courants et les pi\u00e8ges \u00e0 mouches ne ciblent g\u00e9n\u00e9ralement que les insectes adultes, et non leurs larves ni leurs lieux de reproduction.<\/p>\n<p>Une lutte durable exige une expertise et une analyse cibl\u00e9e des causes profondes. C&rsquo;est la seule fa\u00e7on d&rsquo;\u00e9liminer d\u00e9finitivement l&rsquo;infestation sans mettre en danger les personnes, les animaux domestiques ou l&rsquo;environnement.<\/p>\n\n\t\t\t\t\t\t\t\t\n\t\t\t\t\t\t\t<\/div>\t\t\t\t\t\t\t\n\n\t\t\t\t\t\t<\/div>\n\n\t\t\t\t\t\n\t\t\t\t\t\t<div class=\"accordion_single\">\n\n\t\t\t\t\t\t\t<div class=\"accordion_title\">\n\n\t\t\t\t\t\t\t\t<h3>Notre approche<\/h3>\n\n\t\t\t\t\t\t\t\t<i class=\"fas fa-chevron-down\"><\/i>\n\n\t\t\t\t\t\t\t<\/div>\n\n\t\t\t\t\t\t\t<div class=\"accordion_content\">\n\n\t\t\t\t\t\t\t\t<p>Experts certifi\u00e9s en lutte antiparasitaire (IHK), nous proposons des solutions s\u00fbres et durables \u00e0 Aix-la-Chapelle et ses environs. Notre intervention d\u00e9bute par une inspection approfondie des pi\u00e8ces infest\u00e9es et de leurs alentours. Nous proc\u00e9dons ensuite \u00e0 des traitements cibl\u00e9s et respectueux de l&rsquo;environnement. Enfin, nous vous prodiguons des conseils complets sur les mesures pr\u00e9ventives \u00e0 adopter pour \u00e9liminer d\u00e9finitivement tout risque de prolif\u00e9ration d&rsquo;insectes.<\/p>\n<p>Nous intervenons efficacement, discr\u00e8tement et avec des m\u00e9thodes modernes pour garantir un environnement sain et exempt d&rsquo;insectes.<\/p>\n\n\t\t\t\t\t\t\t\t\n\t\t\t\t\t\t\t<\/div>\t\t\t\t\t\t\t\n\n\t\t\t\t\t\t<\/div>\n\n\t\t\t\t\t\n\t\t\t<\/div>\n\n\t\t<\/div>\n\n\t<\/div>\n\n<\/section><\/div><\/div>\n\n\n\n<div style=\"height:100px\" aria-hidden=\"true\" class=\"wp-block-spacer\"><\/div>\n\n\n<section class=\"contact\">\n\t\n\t<div class=\"container\">\n\n\t\t<div class=\"row\">\n\n\t\t\t<div class=\"col-lg-5 info_half\">\n\n\t\t\t\t<h2>N&rsquo;h\u00e9sitez pas \u00e0 <strong>nous contacter \u00e0 tout moment!<\/strong><\/h2>\n<p>Que ce soit chez un particulier, dans un restaurant ou un commerce, nous intervenons rapidement, efficacement et sans complications administratives inutiles. Contactez-nous si vous soup\u00e7onnez une infestation de mouches. Nous serons ravis de vous conseiller et de trouver une solution durable.<\/p>\n\n\t\t\t\t<span><i class=\"fas fa-map-marker-alt\"><\/i>&nbsp;Buschstr. 34, 52146 W\u00fcrselen<\/span>\n\n\t\t\t\t<span><a href=\"tel:+49 171 103 2222\"><i class=\"fas fa-phone-alt\"><\/i>&nbsp;+49 171 103 2222<\/a><\/span>\n\n\t\t\t\t<span><a href=\"mailto:info@schaedlingsbekaempfung-euregio.de\"><i class=\"fas fa-envelope\"><\/i>&nbsp;info@schaedlingsbekaempfung-euregio.de<\/a><\/span>\n\n\t\t\t<\/div>\n\n\t\t\t<div class=\"col-lg-7\">\n\n\t\t\t\t\n<div class=\"wpcf7 no-js\" id=\"wpcf7-f1058-o1\" lang=\"fr-FR\" dir=\"ltr\" data-wpcf7-id=\"1058\">\n<div class=\"screen-reader-response\"><p role=\"status\" aria-live=\"polite\" aria-atomic=\"true\"><\/p> <ul><\/ul><\/div>\n<form action=\"\/fr\/wp-json\/wp\/v2\/pages\/517#wpcf7-f1058-o1\" method=\"post\" class=\"wpcf7-form init\" aria-label=\"Formulaire de contact\" novalidate=\"novalidate\" data-status=\"init\">\n<fieldset class=\"hidden-fields-container\"><input type=\"hidden\" name=\"_wpcf7\" value=\"1058\" \/><input type=\"hidden\" name=\"_wpcf7_version\" value=\"6.1.5\" \/><input type=\"hidden\" name=\"_wpcf7_locale\" value=\"fr_FR\" \/><input type=\"hidden\" name=\"_wpcf7_unit_tag\" value=\"wpcf7-f1058-o1\" \/><input type=\"hidden\" name=\"_wpcf7_container_post\" value=\"0\" \/><input type=\"hidden\" name=\"_wpcf7_posted_data_hash\" value=\"\" \/>\n<\/fieldset>\n<div class=\"container p-0\">\n\t<div class=\"row\">\n\t\t<div class=\"formfield col-md-6\">\n\t\t\t<p><span class=\"wpcf7-form-control-wrap\" data-name=\"full-name\"><input size=\"40\" maxlength=\"400\" class=\"wpcf7-form-control wpcf7-text wpcf7-validates-as-required\" aria-required=\"true\" aria-invalid=\"false\" placeholder=\"Nom *\" value=\"\" type=\"text\" name=\"full-name\" \/><\/span>\n\t\t\t<\/p>\n\t\t<\/div>\n\t\t<div class=\"formfield col-md-6\">\n\t\t\t<p><span class=\"wpcf7-form-control-wrap\" data-name=\"email\"><input size=\"40\" maxlength=\"400\" class=\"wpcf7-form-control wpcf7-email wpcf7-validates-as-required wpcf7-text wpcf7-validates-as-email\" aria-required=\"true\" aria-invalid=\"false\" placeholder=\"E-Mail *\" value=\"\" type=\"email\" name=\"email\" \/><\/span>\n\t\t\t<\/p>\n\t\t<\/div>\n\t\t<div class=\"formfield col-md-6\">\n\t\t\t<p><span class=\"wpcf7-form-control-wrap\" data-name=\"phone\"><input size=\"40\" maxlength=\"400\" class=\"wpcf7-form-control wpcf7-tel wpcf7-validates-as-required wpcf7-text wpcf7-validates-as-tel\" aria-required=\"true\" aria-invalid=\"false\" placeholder=\"T\u00e9l\u00e9phone *\" value=\"\" type=\"tel\" name=\"phone\" \/><\/span>\n\t\t\t<\/p>\n\t\t<\/div>\n\t\t<div class=\"formfield col-md-6\">\n\t\t\t<p><span class=\"wpcf7-form-control-wrap\" data-name=\"company\"><input size=\"40\" maxlength=\"400\" class=\"wpcf7-form-control wpcf7-text\" aria-invalid=\"false\" placeholder=\"Entreprise\" value=\"\" type=\"text\" name=\"company\" \/><\/span>\n\t\t\t<\/p>\n\t\t<\/div>\n\t\t<div class=\"formfield col-md-12\">\n\t\t\t<p><span class=\"wpcf7-form-control-wrap\" data-name=\"message\"><textarea cols=\"40\" rows=\"10\" maxlength=\"2000\" class=\"wpcf7-form-control wpcf7-textarea wpcf7-validates-as-required\" aria-required=\"true\" aria-invalid=\"false\" placeholder=\"Message *\" name=\"message\"><\/textarea><\/span>\n\t\t\t<\/p>\n\t\t<\/div>\n\t\t<div class=\"formfield col-md-12\">\n\t\t\t<p><span class=\"wpcf7-form-control-wrap\" data-name=\"privacy\"><span class=\"wpcf7-form-control wpcf7-acceptance\"><span class=\"wpcf7-list-item\"><label><input type=\"checkbox\" name=\"privacy\" value=\"1\" aria-invalid=\"false\" \/><span class=\"wpcf7-list-item-label\">J&rsquo;ai lu la politique de confidentialit\u00e9. *<\/span><\/label><\/span><\/span><\/span>\n\t\t\t<\/p>\n\t\t<\/div>\n\t\t<div class=\"formfield col-md-12\">\n\t\t\t<p><input class=\"wpcf7-form-control wpcf7-submit has-spinner\" type=\"submit\" value=\"Envoyer un message\" \/>\n\t\t\t<\/p>\n\t\t<\/div>\n\t<\/div>\n<\/div><div class=\"wpcf7-response-output\" aria-hidden=\"true\"><\/div>\n<\/form>\n<\/div>\n\n\t\t\t<\/div>\n\n\t\t<\/div>\n\n\t<\/div>\n\n<\/section>\n\n\n<div style=\"height:100px\" aria-hidden=\"true\" class=\"wp-block-spacer\"><\/div>\n","protected":false},"excerpt":{"rendered":"","protected":false},"author":1,"featured_media":0,"parent":616,"menu_order":0,"comment_status":"closed","ping_status":"closed","template":"","meta":{"_acf_changed":false,"footnotes":""},"class_list":["post-517","page","type-page","status-publish","hentry"],"acf":[],"yoast_head":"<!-- This site is optimized with the Yoast SEO plugin v27.4 - https:\/\/yoast.com\/product\/yoast-seo-wordpress\/ -->\n<title>Mouches - Sch\u00e4dlingsbek\u00e4mpfung Kutsch<\/title>\n<meta name=\"robots\" content=\"index, follow, max-snippet:-1, max-image-preview:large, max-video-preview:-1\" \/>\n<link rel=\"canonical\" href=\"https:\/\/schaedlingsbekaempfung-euregio.de\/fr\/services\/mouches\/\" \/>\n<meta property=\"og:locale\" content=\"fr_FR\" \/>\n<meta property=\"og:type\" content=\"article\" \/>\n<meta property=\"og:title\" content=\"Mouches - Sch\u00e4dlingsbek\u00e4mpfung Kutsch\" \/>\n<meta property=\"og:url\" content=\"https:\/\/schaedlingsbekaempfung-euregio.de\/fr\/services\/mouches\/\" \/>\n<meta property=\"og:site_name\" content=\"Sch\u00e4dlingsbek\u00e4mpfung Kutsch\" \/>\n<meta property=\"article:modified_time\" content=\"2026-02-09T06:19:44+00:00\" \/>\n<meta name=\"twitter:card\" content=\"summary_large_image\" \/>\n<script type=\"application\/ld+json\" class=\"yoast-schema-graph\">{\"@context\":\"https:\\\/\\\/schema.org\",\"@graph\":[{\"@type\":\"WebPage\",\"@id\":\"https:\\\/\\\/schaedlingsbekaempfung-euregio.de\\\/fr\\\/services\\\/mouches\\\/\",\"url\":\"https:\\\/\\\/schaedlingsbekaempfung-euregio.de\\\/fr\\\/services\\\/mouches\\\/\",\"name\":\"Mouches - Sch\u00e4dlingsbek\u00e4mpfung Kutsch\",\"isPartOf\":{\"@id\":\"https:\\\/\\\/schaedlingsbekaempfung-euregio.de\\\/fr\\\/#website\"},\"datePublished\":\"2026-01-19T13:50:53+00:00\",\"dateModified\":\"2026-02-09T06:19:44+00:00\",\"breadcrumb\":{\"@id\":\"https:\\\/\\\/schaedlingsbekaempfung-euregio.de\\\/fr\\\/services\\\/mouches\\\/#breadcrumb\"},\"inLanguage\":\"fr-FR\",\"potentialAction\":[{\"@type\":\"ReadAction\",\"target\":[\"https:\\\/\\\/schaedlingsbekaempfung-euregio.de\\\/fr\\\/services\\\/mouches\\\/\"]}]},{\"@type\":\"BreadcrumbList\",\"@id\":\"https:\\\/\\\/schaedlingsbekaempfung-euregio.de\\\/fr\\\/services\\\/mouches\\\/#breadcrumb\",\"itemListElement\":[{\"@type\":\"ListItem\",\"position\":1,\"name\":\"Start\",\"item\":\"https:\\\/\\\/schaedlingsbekaempfung-euregio.de\\\/fr\\\/\"},{\"@type\":\"ListItem\",\"position\":2,\"name\":\"Services\",\"item\":\"https:\\\/\\\/schaedlingsbekaempfung-euregio.de\\\/fr\\\/services\\\/\"},{\"@type\":\"ListItem\",\"position\":3,\"name\":\"Mouches\"}]},{\"@type\":\"WebSite\",\"@id\":\"https:\\\/\\\/schaedlingsbekaempfung-euregio.de\\\/fr\\\/#website\",\"url\":\"https:\\\/\\\/schaedlingsbekaempfung-euregio.de\\\/fr\\\/\",\"name\":\"Sch\u00e4dlingsbek\u00e4mpfung Henry Kutsch\",\"description\":\"\",\"publisher\":{\"@id\":\"https:\\\/\\\/schaedlingsbekaempfung-euregio.de\\\/fr\\\/#organization\"},\"potentialAction\":[{\"@type\":\"SearchAction\",\"target\":{\"@type\":\"EntryPoint\",\"urlTemplate\":\"https:\\\/\\\/schaedlingsbekaempfung-euregio.de\\\/fr\\\/?s={search_term_string}\"},\"query-input\":{\"@type\":\"PropertyValueSpecification\",\"valueRequired\":true,\"valueName\":\"search_term_string\"}}],\"inLanguage\":\"fr-FR\"},{\"@type\":\"Organization\",\"@id\":\"https:\\\/\\\/schaedlingsbekaempfung-euregio.de\\\/fr\\\/#organization\",\"name\":\"Sch\u00e4dlingsbek\u00e4mpfung Henry Kutsch\",\"url\":\"https:\\\/\\\/schaedlingsbekaempfung-euregio.de\\\/fr\\\/\",\"logo\":{\"@type\":\"ImageObject\",\"inLanguage\":\"fr-FR\",\"@id\":\"https:\\\/\\\/schaedlingsbekaempfung-euregio.de\\\/fr\\\/#\\\/schema\\\/logo\\\/image\\\/\",\"url\":\"https:\\\/\\\/schaedlingsbekaempfung-euregio.de\\\/wp-content\\\/uploads\\\/2026\\\/02\\\/logo_white-bg.svg\",\"contentUrl\":\"https:\\\/\\\/schaedlingsbekaempfung-euregio.de\\\/wp-content\\\/uploads\\\/2026\\\/02\\\/logo_white-bg.svg\",\"width\":1,\"height\":1,\"caption\":\"Sch\u00e4dlingsbek\u00e4mpfung Henry Kutsch\"},\"image\":{\"@id\":\"https:\\\/\\\/schaedlingsbekaempfung-euregio.de\\\/fr\\\/#\\\/schema\\\/logo\\\/image\\\/\"}}]}<\/script>\n<!-- \/ Yoast SEO plugin. -->","yoast_head_json":{"title":"Mouches - Sch\u00e4dlingsbek\u00e4mpfung Kutsch","robots":{"index":"index","follow":"follow","max-snippet":"max-snippet:-1","max-image-preview":"max-image-preview:large","max-video-preview":"max-video-preview:-1"},"canonical":"https:\/\/schaedlingsbekaempfung-euregio.de\/fr\/services\/mouches\/","og_locale":"fr_FR","og_type":"article","og_title":"Mouches - Sch\u00e4dlingsbek\u00e4mpfung Kutsch","og_url":"https:\/\/schaedlingsbekaempfung-euregio.de\/fr\/services\/mouches\/","og_site_name":"Sch\u00e4dlingsbek\u00e4mpfung Kutsch","article_modified_time":"2026-02-09T06:19:44+00:00","twitter_card":"summary_large_image","schema":{"@context":"https:\/\/schema.org","@graph":[{"@type":"WebPage","@id":"https:\/\/schaedlingsbekaempfung-euregio.de\/fr\/services\/mouches\/","url":"https:\/\/schaedlingsbekaempfung-euregio.de\/fr\/services\/mouches\/","name":"Mouches - Sch\u00e4dlingsbek\u00e4mpfung Kutsch","isPartOf":{"@id":"https:\/\/schaedlingsbekaempfung-euregio.de\/fr\/#website"},"datePublished":"2026-01-19T13:50:53+00:00","dateModified":"2026-02-09T06:19:44+00:00","breadcrumb":{"@id":"https:\/\/schaedlingsbekaempfung-euregio.de\/fr\/services\/mouches\/#breadcrumb"},"inLanguage":"fr-FR","potentialAction":[{"@type":"ReadAction","target":["https:\/\/schaedlingsbekaempfung-euregio.de\/fr\/services\/mouches\/"]}]},{"@type":"BreadcrumbList","@id":"https:\/\/schaedlingsbekaempfung-euregio.de\/fr\/services\/mouches\/#breadcrumb","itemListElement":[{"@type":"ListItem","position":1,"name":"Start","item":"https:\/\/schaedlingsbekaempfung-euregio.de\/fr\/"},{"@type":"ListItem","position":2,"name":"Services","item":"https:\/\/schaedlingsbekaempfung-euregio.de\/fr\/services\/"},{"@type":"ListItem","position":3,"name":"Mouches"}]},{"@type":"WebSite","@id":"https:\/\/schaedlingsbekaempfung-euregio.de\/fr\/#website","url":"https:\/\/schaedlingsbekaempfung-euregio.de\/fr\/","name":"Sch\u00e4dlingsbek\u00e4mpfung Henry Kutsch","description":"","publisher":{"@id":"https:\/\/schaedlingsbekaempfung-euregio.de\/fr\/#organization"},"potentialAction":[{"@type":"SearchAction","target":{"@type":"EntryPoint","urlTemplate":"https:\/\/schaedlingsbekaempfung-euregio.de\/fr\/?s={search_term_string}"},"query-input":{"@type":"PropertyValueSpecification","valueRequired":true,"valueName":"search_term_string"}}],"inLanguage":"fr-FR"},{"@type":"Organization","@id":"https:\/\/schaedlingsbekaempfung-euregio.de\/fr\/#organization","name":"Sch\u00e4dlingsbek\u00e4mpfung Henry Kutsch","url":"https:\/\/schaedlingsbekaempfung-euregio.de\/fr\/","logo":{"@type":"ImageObject","inLanguage":"fr-FR","@id":"https:\/\/schaedlingsbekaempfung-euregio.de\/fr\/#\/schema\/logo\/image\/","url":"https:\/\/schaedlingsbekaempfung-euregio.de\/wp-content\/uploads\/2026\/02\/logo_white-bg.svg","contentUrl":"https:\/\/schaedlingsbekaempfung-euregio.de\/wp-content\/uploads\/2026\/02\/logo_white-bg.svg","width":1,"height":1,"caption":"Sch\u00e4dlingsbek\u00e4mpfung Henry Kutsch"},"image":{"@id":"https:\/\/schaedlingsbekaempfung-euregio.de\/fr\/#\/schema\/logo\/image\/"}}]}},"_links":{"self":[{"href":"https:\/\/schaedlingsbekaempfung-euregio.de\/fr\/wp-json\/wp\/v2\/pages\/517","targetHints":{"allow":["GET"]}}],"collection":[{"href":"https:\/\/schaedlingsbekaempfung-euregio.de\/fr\/wp-json\/wp\/v2\/pages"}],"about":[{"href":"https:\/\/schaedlingsbekaempfung-euregio.de\/fr\/wp-json\/wp\/v2\/types\/page"}],"author":[{"embeddable":true,"href":"https:\/\/schaedlingsbekaempfung-euregio.de\/fr\/wp-json\/wp\/v2\/users\/1"}],"replies":[{"embeddable":true,"href":"https:\/\/schaedlingsbekaempfung-euregio.de\/fr\/wp-json\/wp\/v2\/comments?post=517"}],"version-history":[{"count":2,"href":"https:\/\/schaedlingsbekaempfung-euregio.de\/fr\/wp-json\/wp\/v2\/pages\/517\/revisions"}],"predecessor-version":[{"id":1239,"href":"https:\/\/schaedlingsbekaempfung-euregio.de\/fr\/wp-json\/wp\/v2\/pages\/517\/revisions\/1239"}],"up":[{"embeddable":true,"href":"https:\/\/schaedlingsbekaempfung-euregio.de\/fr\/wp-json\/wp\/v2\/pages\/616"}],"wp:attachment":[{"href":"https:\/\/schaedlingsbekaempfung-euregio.de\/fr\/wp-json\/wp\/v2\/media?parent=517"}],"curies":[{"name":"wp","href":"https:\/\/api.w.org\/{rel}","templated":true}]}}