{"id":505,"date":"2026-01-19T14:51:15","date_gmt":"2026-01-19T13:51:15","guid":{"rendered":"https:\/\/schaedlingsbekaempfung-euregio.de\/tauben\/"},"modified":"2026-02-09T07:19:49","modified_gmt":"2026-02-09T06:19:49","slug":"pigeons","status":"publish","type":"page","link":"https:\/\/schaedlingsbekaempfung-euregio.de\/fr\/services\/pigeons\/","title":{"rendered":"Pigeons"},"content":{"rendered":"<section class=\"banner\">\n\n\t<img decoding=\"async\" src=\"https:\/\/schaedlingsbekaempfung-euregio.de\/wp-content\/uploads\/2026\/01\/doug-bagg-hQ4qByMF9zM-unsplash.jpg\" alt=\"Taube\">\n\n\t<div class=\"banner_overlay\">\n\n\t\t<div class=\"container\">\n\n\t\t\t<div class=\"row\">\n\n\t\t\t\t<div class=\"col-lg-6 col-md-8 banner_text\">\n\n\t\t\t\t\t<h1>Pigeons<\/h1>\n<p>La pr\u00e9sence de pigeons dans votre maison ou vos locaux professionnels est non seulement une nuisance, mais peut aussi causer des d\u00e9g\u00e2ts importants aux b\u00e2timents (salissures, nidification, d\u00e9jections) et pr\u00e9senter un risque sanitaire. Nous vous aidons rapidement et efficacement \u00e0 \u00e9loigner ces oiseaux et \u00e0 pr\u00e9server votre propri\u00e9t\u00e9 des pigeons.<\/p>\n \n\t\t\t\t<\/div>\n\n\t\t\t<\/div>\n\n\t\t<\/div>\n\n\t<\/div>\n\n<\/section>\n\n\n<div style=\"height:100px\" aria-hidden=\"true\" class=\"wp-block-spacer\"><\/div>\n\n\n<section class=\"text\">\n\t\n\t<div class=\"container\">\n\n\t\t<div class=\"row\">\n\n\t\t\t<div class=\"col-lg-12\">\n\n\t\t\t\t<h2 style=\"text-align: center;\">Notre offre de <strong>services est ax\u00e9e sur: <em>la lutte contre les pigeons<\/em><\/strong><\/h2>\n<p style=\"text-align: center;\" data-start=\"233\" data-end=\"811\">Les pigeons sont fr\u00e9quents en ville, mais en grand nombre, ils peuvent causer des d\u00e9g\u00e2ts importants et des probl\u00e8mes d&rsquo;hygi\u00e8ne. Leurs d\u00e9jections sont tr\u00e8s corrosives et s&rsquo;attaquent aux fa\u00e7ades, aux toitures et aux v\u00e9hicules. Elles peuvent \u00e9galement contenir des agents pathog\u00e8nes, des parasites et des champignons qui pr\u00e9sentent un risque pour la sant\u00e9 humaine. Sur les combles, les balcons et les corniches, les pigeons provoquent d&rsquo;importantes salissures, des nuisances sonores et des d\u00e9g\u00e2ts mat\u00e9riels. Sans mesures appropri\u00e9es, le probl\u00e8me s&rsquo;aggrave souvent rapidement. Pour pr\u00e9venir d&rsquo;autres d\u00e9g\u00e2ts, une r\u00e9gulation cibl\u00e9e et respectueuse des pigeons est essentielle.<\/p>\n\n\t\t\t<\/div>\n\n\t\t<\/div>\n\n\t<\/div>\n\n<\/section>\n\n\n<div style=\"height:100px\" aria-hidden=\"true\" class=\"wp-block-spacer\"><\/div>\n\n\n\n<div class=\"wp-block-group has-white-color has-text-color has-background has-link-color wp-elements-f96ac3bc927df87d2bc5fad57ef99362\" style=\"background-color:#021132\"><div class=\"wp-block-group__inner-container is-layout-constrained wp-block-group-is-layout-constrained\"><section class=\"accordion\">\n\t\n\t<div class=\"container\">\n\n\t\t<div class=\"row\">\n\n\t\t\t\n\t\t\t\t<div class=\"col-lg-12 introduction\">\n\n\t\t\t\t\t<h2>Toutes les informations importantes<\/h2>\n\n\t\t\t\t<\/div>\n\n\t\t\t\n\t\t\t<div class=\"col-lg-12\">\n\n\t\t\t\t\n\t\t\t\t\t\t<div class=\"accordion_single\">\n\n\t\t\t\t\t\t\t<div class=\"accordion_title\">\n\n\t\t\t\t\t\t\t\t<h3>Comment reconna\u00eetre une possible infestation de pigeons<\/h3>\n\n\t\t\t\t\t\t\t\t<i class=\"fas fa-chevron-down\"><\/i>\n\n\t\t\t\t\t\t\t<\/div>\n\n\t\t\t\t\t\t\t<div class=\"accordion_content\">\n\n\t\t\t\t\t\t\t\t<p data-start=\"862\" data-end=\"1364\">Un probl\u00e8me de pigeons est g\u00e9n\u00e9ralement assez \u00e9vident. Les signes typiques incluent des fientes sur les fa\u00e7ades, les balcons ou les rebords de fen\u00eatres\u00a0; des mat\u00e9riaux de nidification, des plumes ou des \u0153ufs dans des endroits abrit\u00e9s\u00a0; et du bruit et des battements d&rsquo;ailes, surtout t\u00f4t le matin. Des goutti\u00e8res et des conduits de ventilation endommag\u00e9s ou obstru\u00e9s par les nids sont \u00e9galement des indicateurs fr\u00e9quents. Comme les pigeons sont tr\u00e8s attach\u00e9s \u00e0 leurs lieux de nidification et y reviennent toujours, il est important d&rsquo;agir rapidement avant que des colonies permanentes ne se forment.<\/p>\n\n\t\t\t\t\t\t\t\t\n\t\t\t\t\t\t\t<\/div>\t\t\t\t\t\t\t\n\n\t\t\t\t\t\t<\/div>\n\n\t\t\t\t\t\n\t\t\t\t\t\t<div class=\"accordion_single\">\n\n\t\t\t\t\t\t\t<div class=\"accordion_title\">\n\n\t\t\t\t\t\t\t\t<h3>Pourquoi l&rsquo;aide professionnelle est importante<\/h3>\n\n\t\t\t\t\t\t\t\t<i class=\"fas fa-chevron-down\"><\/i>\n\n\t\t\t\t\t\t\t<\/div>\n\n\t\t\t\t\t\t\t<div class=\"accordion_content\">\n\n\t\t\t\t\t\t\t\t<p data-start=\"1366\" data-end=\"1726\">Chasser les pigeons ne suffit pas. Ils reviennent g\u00e9n\u00e9ralement vite \u00e0 leur emplacement habituel. Un service professionnel de lutte contre les pigeons permet d&rsquo;\u00e9viter leur installation et leur nidification. Seules des solutions respectueuses des animaux et durables sont utilis\u00e9es\u00a0; elles ne leur nuisent pas et sont efficaces sur le long terme.<\/p>\n\n\t\t\t\t\t\t\t\t\n\t\t\t\t\t\t\t<\/div>\t\t\t\t\t\t\t\n\n\t\t\t\t\t\t<\/div>\n\n\t\t\t\t\t\n\t\t\t\t\t\t<div class=\"accordion_single\">\n\n\t\t\t\t\t\t\t<div class=\"accordion_title\">\n\n\t\t\t\t\t\t\t\t<h3>Notre approche<\/h3>\n\n\t\t\t\t\t\t\t\t<i class=\"fas fa-chevron-down\"><\/i>\n\n\t\t\t\t\t\t\t<\/div>\n\n\t\t\t\t\t\t\t<div class=\"accordion_content\">\n\n\t\t\t\t\t\t\t\t<p>Experts certifi\u00e9s en lutte antiparasitaire (IHK), nous sommes votre interlocuteur privil\u00e9gi\u00e9 pour la gestion professionnelle des pigeons \u00e0 Aix-la-Chapelle et ses environs. Nous commen\u00e7ons par inspecter les zones concern\u00e9es et analyser la situation. Nous s\u00e9lectionnons ensuite les syst\u00e8mes de dissuasion adapt\u00e9s, tels que pics, filets, fils tendus ou autres solutions \u00e9prouv\u00e9es. L&rsquo;installation est r\u00e9alis\u00e9e par un personnel qualifi\u00e9. Nous vous conseillons \u00e9galement sur les mesures pr\u00e9ventives \u00e0 adopter pour \u00e9viter toute infestation future. Tous nos syst\u00e8mes sont durables, discrets et s&rsquo;int\u00e8grent harmonieusement \u00e0 l&rsquo;esth\u00e9tique de votre b\u00e2timent.<\/p>\n<p>Toitures, balcons, \u00e9glises, sites industriels ou b\u00e2timents publics\u00a0: nous garantissons l&rsquo;absence de d\u00e9g\u00e2ts caus\u00e9s par les pigeons. Contactez-nous rapidement. Nous vous proposons une solution personnalis\u00e9e, durable et respectueuse des animaux pour votre propri\u00e9t\u00e9.<\/p>\n\n\t\t\t\t\t\t\t\t\n\t\t\t\t\t\t\t<\/div>\t\t\t\t\t\t\t\n\n\t\t\t\t\t\t<\/div>\n\n\t\t\t\t\t\n\t\t\t<\/div>\n\n\t\t<\/div>\n\n\t<\/div>\n\n<\/section><\/div><\/div>\n\n\n\n<div style=\"height:100px\" aria-hidden=\"true\" class=\"wp-block-spacer\"><\/div>\n\n\n<section class=\"contact\">\n\t\n\t<div class=\"container\">\n\n\t\t<div class=\"row\">\n\n\t\t\t<div class=\"col-lg-5 info_half\">\n\n\t\t\t\t<h2>N&rsquo;h\u00e9sitez pas \u00e0 <strong>nous contacter \u00e0 tout moment!<\/strong><\/h2>\n<p>Que ce soit pour une maison, un restaurant ou un commerce, nous intervenons rapidement, efficacement et sans complications administratives inutiles. Contactez-nous si vous soup\u00e7onnez une infestation de pigeons. Nous serons ravis de vous conseiller et de trouver une solution durable.<\/p>\n\n\t\t\t\t<span><i class=\"fas fa-map-marker-alt\"><\/i>&nbsp;Buschstr. 34, 52146 W\u00fcrselen<\/span>\n\n\t\t\t\t<span><a href=\"tel:+49 171 103 2222\"><i class=\"fas fa-phone-alt\"><\/i>&nbsp;+49 171 103 2222<\/a><\/span>\n\n\t\t\t\t<span><a href=\"mailto:info@schaedlingsbekaempfung-euregio.de\"><i class=\"fas fa-envelope\"><\/i>&nbsp;info@schaedlingsbekaempfung-euregio.de<\/a><\/span>\n\n\t\t\t<\/div>\n\n\t\t\t<div class=\"col-lg-7\">\n\n\t\t\t\t\n<div class=\"wpcf7 no-js\" id=\"wpcf7-f1058-o1\" lang=\"fr-FR\" dir=\"ltr\" data-wpcf7-id=\"1058\">\n<div class=\"screen-reader-response\"><p role=\"status\" aria-live=\"polite\" aria-atomic=\"true\"><\/p> <ul><\/ul><\/div>\n<form action=\"\/fr\/wp-json\/wp\/v2\/pages\/505#wpcf7-f1058-o1\" method=\"post\" class=\"wpcf7-form init\" aria-label=\"Formulaire de contact\" novalidate=\"novalidate\" data-status=\"init\">\n<fieldset class=\"hidden-fields-container\"><input type=\"hidden\" name=\"_wpcf7\" value=\"1058\" \/><input type=\"hidden\" name=\"_wpcf7_version\" value=\"6.1.5\" \/><input type=\"hidden\" name=\"_wpcf7_locale\" value=\"fr_FR\" \/><input type=\"hidden\" name=\"_wpcf7_unit_tag\" value=\"wpcf7-f1058-o1\" \/><input type=\"hidden\" name=\"_wpcf7_container_post\" value=\"0\" \/><input type=\"hidden\" name=\"_wpcf7_posted_data_hash\" value=\"\" \/>\n<\/fieldset>\n<div class=\"container p-0\">\n\t<div class=\"row\">\n\t\t<div class=\"formfield col-md-6\">\n\t\t\t<p><span class=\"wpcf7-form-control-wrap\" data-name=\"full-name\"><input size=\"40\" maxlength=\"400\" class=\"wpcf7-form-control wpcf7-text wpcf7-validates-as-required\" aria-required=\"true\" aria-invalid=\"false\" placeholder=\"Nom *\" value=\"\" type=\"text\" name=\"full-name\" \/><\/span>\n\t\t\t<\/p>\n\t\t<\/div>\n\t\t<div class=\"formfield col-md-6\">\n\t\t\t<p><span class=\"wpcf7-form-control-wrap\" data-name=\"email\"><input size=\"40\" maxlength=\"400\" class=\"wpcf7-form-control wpcf7-email wpcf7-validates-as-required wpcf7-text wpcf7-validates-as-email\" aria-required=\"true\" aria-invalid=\"false\" placeholder=\"E-Mail *\" value=\"\" type=\"email\" name=\"email\" \/><\/span>\n\t\t\t<\/p>\n\t\t<\/div>\n\t\t<div class=\"formfield col-md-6\">\n\t\t\t<p><span class=\"wpcf7-form-control-wrap\" data-name=\"phone\"><input size=\"40\" maxlength=\"400\" class=\"wpcf7-form-control wpcf7-tel wpcf7-validates-as-required wpcf7-text wpcf7-validates-as-tel\" aria-required=\"true\" aria-invalid=\"false\" placeholder=\"T\u00e9l\u00e9phone *\" value=\"\" type=\"tel\" name=\"phone\" \/><\/span>\n\t\t\t<\/p>\n\t\t<\/div>\n\t\t<div class=\"formfield col-md-6\">\n\t\t\t<p><span class=\"wpcf7-form-control-wrap\" data-name=\"company\"><input size=\"40\" maxlength=\"400\" class=\"wpcf7-form-control wpcf7-text\" aria-invalid=\"false\" placeholder=\"Entreprise\" value=\"\" type=\"text\" name=\"company\" \/><\/span>\n\t\t\t<\/p>\n\t\t<\/div>\n\t\t<div class=\"formfield col-md-12\">\n\t\t\t<p><span class=\"wpcf7-form-control-wrap\" data-name=\"message\"><textarea cols=\"40\" rows=\"10\" maxlength=\"2000\" class=\"wpcf7-form-control wpcf7-textarea wpcf7-validates-as-required\" aria-required=\"true\" aria-invalid=\"false\" placeholder=\"Message *\" name=\"message\"><\/textarea><\/span>\n\t\t\t<\/p>\n\t\t<\/div>\n\t\t<div class=\"formfield col-md-12\">\n\t\t\t<p><span class=\"wpcf7-form-control-wrap\" data-name=\"privacy\"><span class=\"wpcf7-form-control wpcf7-acceptance\"><span class=\"wpcf7-list-item\"><label><input type=\"checkbox\" name=\"privacy\" value=\"1\" aria-invalid=\"false\" \/><span class=\"wpcf7-list-item-label\">J&rsquo;ai lu la politique de confidentialit\u00e9. *<\/span><\/label><\/span><\/span><\/span>\n\t\t\t<\/p>\n\t\t<\/div>\n\t\t<div class=\"formfield col-md-12\">\n\t\t\t<p><input class=\"wpcf7-form-control wpcf7-submit has-spinner\" type=\"submit\" value=\"Envoyer un message\" \/>\n\t\t\t<\/p>\n\t\t<\/div>\n\t<\/div>\n<\/div><div class=\"wpcf7-response-output\" aria-hidden=\"true\"><\/div>\n<\/form>\n<\/div>\n\n\t\t\t<\/div>\n\n\t\t<\/div>\n\n\t<\/div>\n\n<\/section>\n\n\n<div style=\"height:100px\" aria-hidden=\"true\" class=\"wp-block-spacer\"><\/div>\n","protected":false},"excerpt":{"rendered":"","protected":false},"author":1,"featured_media":0,"parent":616,"menu_order":0,"comment_status":"closed","ping_status":"closed","template":"","meta":{"_acf_changed":false,"footnotes":""},"class_list":["post-505","page","type-page","status-publish","hentry"],"acf":[],"yoast_head":"<!-- This site is optimized with the Yoast SEO plugin v27.4 - https:\/\/yoast.com\/product\/yoast-seo-wordpress\/ -->\n<title>Pigeons - Sch\u00e4dlingsbek\u00e4mpfung Kutsch<\/title>\n<meta name=\"robots\" content=\"index, follow, max-snippet:-1, max-image-preview:large, max-video-preview:-1\" \/>\n<link rel=\"canonical\" href=\"https:\/\/schaedlingsbekaempfung-euregio.de\/fr\/services\/pigeons\/\" \/>\n<meta property=\"og:locale\" content=\"fr_FR\" \/>\n<meta property=\"og:type\" content=\"article\" \/>\n<meta property=\"og:title\" content=\"Pigeons - Sch\u00e4dlingsbek\u00e4mpfung Kutsch\" \/>\n<meta property=\"og:url\" content=\"https:\/\/schaedlingsbekaempfung-euregio.de\/fr\/services\/pigeons\/\" \/>\n<meta property=\"og:site_name\" content=\"Sch\u00e4dlingsbek\u00e4mpfung Kutsch\" \/>\n<meta property=\"article:modified_time\" content=\"2026-02-09T06:19:49+00:00\" \/>\n<meta name=\"twitter:card\" content=\"summary_large_image\" \/>\n<script type=\"application\/ld+json\" class=\"yoast-schema-graph\">{\"@context\":\"https:\\\/\\\/schema.org\",\"@graph\":[{\"@type\":\"WebPage\",\"@id\":\"https:\\\/\\\/schaedlingsbekaempfung-euregio.de\\\/fr\\\/services\\\/pigeons\\\/\",\"url\":\"https:\\\/\\\/schaedlingsbekaempfung-euregio.de\\\/fr\\\/services\\\/pigeons\\\/\",\"name\":\"Pigeons - Sch\u00e4dlingsbek\u00e4mpfung Kutsch\",\"isPartOf\":{\"@id\":\"https:\\\/\\\/schaedlingsbekaempfung-euregio.de\\\/fr\\\/#website\"},\"datePublished\":\"2026-01-19T13:51:15+00:00\",\"dateModified\":\"2026-02-09T06:19:49+00:00\",\"breadcrumb\":{\"@id\":\"https:\\\/\\\/schaedlingsbekaempfung-euregio.de\\\/fr\\\/services\\\/pigeons\\\/#breadcrumb\"},\"inLanguage\":\"fr-FR\",\"potentialAction\":[{\"@type\":\"ReadAction\",\"target\":[\"https:\\\/\\\/schaedlingsbekaempfung-euregio.de\\\/fr\\\/services\\\/pigeons\\\/\"]}]},{\"@type\":\"BreadcrumbList\",\"@id\":\"https:\\\/\\\/schaedlingsbekaempfung-euregio.de\\\/fr\\\/services\\\/pigeons\\\/#breadcrumb\",\"itemListElement\":[{\"@type\":\"ListItem\",\"position\":1,\"name\":\"Start\",\"item\":\"https:\\\/\\\/schaedlingsbekaempfung-euregio.de\\\/fr\\\/\"},{\"@type\":\"ListItem\",\"position\":2,\"name\":\"Services\",\"item\":\"https:\\\/\\\/schaedlingsbekaempfung-euregio.de\\\/fr\\\/services\\\/\"},{\"@type\":\"ListItem\",\"position\":3,\"name\":\"Pigeons\"}]},{\"@type\":\"WebSite\",\"@id\":\"https:\\\/\\\/schaedlingsbekaempfung-euregio.de\\\/fr\\\/#website\",\"url\":\"https:\\\/\\\/schaedlingsbekaempfung-euregio.de\\\/fr\\\/\",\"name\":\"Sch\u00e4dlingsbek\u00e4mpfung Henry Kutsch\",\"description\":\"\",\"publisher\":{\"@id\":\"https:\\\/\\\/schaedlingsbekaempfung-euregio.de\\\/fr\\\/#organization\"},\"potentialAction\":[{\"@type\":\"SearchAction\",\"target\":{\"@type\":\"EntryPoint\",\"urlTemplate\":\"https:\\\/\\\/schaedlingsbekaempfung-euregio.de\\\/fr\\\/?s={search_term_string}\"},\"query-input\":{\"@type\":\"PropertyValueSpecification\",\"valueRequired\":true,\"valueName\":\"search_term_string\"}}],\"inLanguage\":\"fr-FR\"},{\"@type\":\"Organization\",\"@id\":\"https:\\\/\\\/schaedlingsbekaempfung-euregio.de\\\/fr\\\/#organization\",\"name\":\"Sch\u00e4dlingsbek\u00e4mpfung Henry Kutsch\",\"url\":\"https:\\\/\\\/schaedlingsbekaempfung-euregio.de\\\/fr\\\/\",\"logo\":{\"@type\":\"ImageObject\",\"inLanguage\":\"fr-FR\",\"@id\":\"https:\\\/\\\/schaedlingsbekaempfung-euregio.de\\\/fr\\\/#\\\/schema\\\/logo\\\/image\\\/\",\"url\":\"https:\\\/\\\/schaedlingsbekaempfung-euregio.de\\\/wp-content\\\/uploads\\\/2026\\\/02\\\/logo_white-bg.svg\",\"contentUrl\":\"https:\\\/\\\/schaedlingsbekaempfung-euregio.de\\\/wp-content\\\/uploads\\\/2026\\\/02\\\/logo_white-bg.svg\",\"width\":1,\"height\":1,\"caption\":\"Sch\u00e4dlingsbek\u00e4mpfung Henry Kutsch\"},\"image\":{\"@id\":\"https:\\\/\\\/schaedlingsbekaempfung-euregio.de\\\/fr\\\/#\\\/schema\\\/logo\\\/image\\\/\"}}]}<\/script>\n<!-- \/ Yoast SEO plugin. -->","yoast_head_json":{"title":"Pigeons - Sch\u00e4dlingsbek\u00e4mpfung Kutsch","robots":{"index":"index","follow":"follow","max-snippet":"max-snippet:-1","max-image-preview":"max-image-preview:large","max-video-preview":"max-video-preview:-1"},"canonical":"https:\/\/schaedlingsbekaempfung-euregio.de\/fr\/services\/pigeons\/","og_locale":"fr_FR","og_type":"article","og_title":"Pigeons - Sch\u00e4dlingsbek\u00e4mpfung Kutsch","og_url":"https:\/\/schaedlingsbekaempfung-euregio.de\/fr\/services\/pigeons\/","og_site_name":"Sch\u00e4dlingsbek\u00e4mpfung Kutsch","article_modified_time":"2026-02-09T06:19:49+00:00","twitter_card":"summary_large_image","schema":{"@context":"https:\/\/schema.org","@graph":[{"@type":"WebPage","@id":"https:\/\/schaedlingsbekaempfung-euregio.de\/fr\/services\/pigeons\/","url":"https:\/\/schaedlingsbekaempfung-euregio.de\/fr\/services\/pigeons\/","name":"Pigeons - Sch\u00e4dlingsbek\u00e4mpfung Kutsch","isPartOf":{"@id":"https:\/\/schaedlingsbekaempfung-euregio.de\/fr\/#website"},"datePublished":"2026-01-19T13:51:15+00:00","dateModified":"2026-02-09T06:19:49+00:00","breadcrumb":{"@id":"https:\/\/schaedlingsbekaempfung-euregio.de\/fr\/services\/pigeons\/#breadcrumb"},"inLanguage":"fr-FR","potentialAction":[{"@type":"ReadAction","target":["https:\/\/schaedlingsbekaempfung-euregio.de\/fr\/services\/pigeons\/"]}]},{"@type":"BreadcrumbList","@id":"https:\/\/schaedlingsbekaempfung-euregio.de\/fr\/services\/pigeons\/#breadcrumb","itemListElement":[{"@type":"ListItem","position":1,"name":"Start","item":"https:\/\/schaedlingsbekaempfung-euregio.de\/fr\/"},{"@type":"ListItem","position":2,"name":"Services","item":"https:\/\/schaedlingsbekaempfung-euregio.de\/fr\/services\/"},{"@type":"ListItem","position":3,"name":"Pigeons"}]},{"@type":"WebSite","@id":"https:\/\/schaedlingsbekaempfung-euregio.de\/fr\/#website","url":"https:\/\/schaedlingsbekaempfung-euregio.de\/fr\/","name":"Sch\u00e4dlingsbek\u00e4mpfung Henry Kutsch","description":"","publisher":{"@id":"https:\/\/schaedlingsbekaempfung-euregio.de\/fr\/#organization"},"potentialAction":[{"@type":"SearchAction","target":{"@type":"EntryPoint","urlTemplate":"https:\/\/schaedlingsbekaempfung-euregio.de\/fr\/?s={search_term_string}"},"query-input":{"@type":"PropertyValueSpecification","valueRequired":true,"valueName":"search_term_string"}}],"inLanguage":"fr-FR"},{"@type":"Organization","@id":"https:\/\/schaedlingsbekaempfung-euregio.de\/fr\/#organization","name":"Sch\u00e4dlingsbek\u00e4mpfung Henry Kutsch","url":"https:\/\/schaedlingsbekaempfung-euregio.de\/fr\/","logo":{"@type":"ImageObject","inLanguage":"fr-FR","@id":"https:\/\/schaedlingsbekaempfung-euregio.de\/fr\/#\/schema\/logo\/image\/","url":"https:\/\/schaedlingsbekaempfung-euregio.de\/wp-content\/uploads\/2026\/02\/logo_white-bg.svg","contentUrl":"https:\/\/schaedlingsbekaempfung-euregio.de\/wp-content\/uploads\/2026\/02\/logo_white-bg.svg","width":1,"height":1,"caption":"Sch\u00e4dlingsbek\u00e4mpfung Henry Kutsch"},"image":{"@id":"https:\/\/schaedlingsbekaempfung-euregio.de\/fr\/#\/schema\/logo\/image\/"}}]}},"_links":{"self":[{"href":"https:\/\/schaedlingsbekaempfung-euregio.de\/fr\/wp-json\/wp\/v2\/pages\/505","targetHints":{"allow":["GET"]}}],"collection":[{"href":"https:\/\/schaedlingsbekaempfung-euregio.de\/fr\/wp-json\/wp\/v2\/pages"}],"about":[{"href":"https:\/\/schaedlingsbekaempfung-euregio.de\/fr\/wp-json\/wp\/v2\/types\/page"}],"author":[{"embeddable":true,"href":"https:\/\/schaedlingsbekaempfung-euregio.de\/fr\/wp-json\/wp\/v2\/users\/1"}],"replies":[{"embeddable":true,"href":"https:\/\/schaedlingsbekaempfung-euregio.de\/fr\/wp-json\/wp\/v2\/comments?post=505"}],"version-history":[{"count":3,"href":"https:\/\/schaedlingsbekaempfung-euregio.de\/fr\/wp-json\/wp\/v2\/pages\/505\/revisions"}],"predecessor-version":[{"id":1267,"href":"https:\/\/schaedlingsbekaempfung-euregio.de\/fr\/wp-json\/wp\/v2\/pages\/505\/revisions\/1267"}],"up":[{"embeddable":true,"href":"https:\/\/schaedlingsbekaempfung-euregio.de\/fr\/wp-json\/wp\/v2\/pages\/616"}],"wp:attachment":[{"href":"https:\/\/schaedlingsbekaempfung-euregio.de\/fr\/wp-json\/wp\/v2\/media?parent=505"}],"curies":[{"name":"wp","href":"https:\/\/api.w.org\/{rel}","templated":true}]}}