{"id":499,"date":"2026-01-19T15:08:30","date_gmt":"2026-01-19T14:08:30","guid":{"rendered":"https:\/\/schaedlingsbekaempfung-euregio.de\/ratten\/"},"modified":"2026-02-09T07:20:10","modified_gmt":"2026-02-09T06:20:10","slug":"rats","status":"publish","type":"page","link":"https:\/\/schaedlingsbekaempfung-euregio.de\/fr\/services\/rats\/","title":{"rendered":"Rats"},"content":{"rendered":"<section class=\"banner\">\n\n\t<img decoding=\"async\" src=\"https:\/\/schaedlingsbekaempfung-euregio.de\/wp-content\/uploads\/2026\/01\/Rectangle-4545.jpg\" alt=\"Ratte\">\n\n\t<div class=\"banner_overlay\">\n\n\t\t<div class=\"container\">\n\n\t\t\t<div class=\"row\">\n\n\t\t\t\t<div class=\"col-lg-6 col-md-8 banner_text\">\n\n\t\t\t\t\t<h1>Rats<\/h1>\n<p>La pr\u00e9sence de rats dans votre maison ou votre entreprise est non seulement une nuisance, mais peut aussi causer des d\u00e9g\u00e2ts importants aux b\u00e2timents, aux canalisations et aux stocks, tout en pr\u00e9sentant un risque sanitaire majeur. Nous vous aidons rapidement et efficacement \u00e0 lutter contre les infestations et \u00e0 d\u00e9barrasser d\u00e9finitivement votre propri\u00e9t\u00e9 des rats.<\/p>\n \n\t\t\t\t<\/div>\n\n\t\t\t<\/div>\n\n\t\t<\/div>\n\n\t<\/div>\n\n<\/section>\n\n\n<div style=\"height:100px\" aria-hidden=\"true\" class=\"wp-block-spacer\"><\/div>\n\n\n<section class=\"text\">\n\t\n\t<div class=\"container\">\n\n\t\t<div class=\"row\">\n\n\t\t\t<div class=\"col-lg-12\">\n\n\t\t\t\t<h2 style=\"text-align: center;\">Notre offre de <strong>services est ax\u00e9e sur <em>la lutte contre les rats<\/em><\/strong><\/h2>\n<p style=\"text-align: center;\" data-start=\"233\" data-end=\"811\">Les rats figurent parmi les nuisibles les plus dangereux et repr\u00e9sentent un risque s\u00e9rieux pour les personnes et les b\u00e2timents. Extr\u00eamement adaptables, ils prosp\u00e8rent partout o\u00f9 ils trouvent nourriture et abri. Le rat brun, en particulier, est tr\u00e8s r\u00e9pandu dans de nombreuses villes, notamment \u00e0 Aix-la-Chapelle et dans ses environs. Les rats peuvent transmettre des maladies telles que la leptospirose et la salmonellose, et leurs importants travaux de rongement peuvent causer des d\u00e9g\u00e2ts consid\u00e9rables aux b\u00e2timents, aux canalisations et aux c\u00e2bles. Une infestation de rats doit donc toujours \u00eatre prise au s\u00e9rieux et trait\u00e9e rapidement.<\/p>\n\n\t\t\t<\/div>\n\n\t\t<\/div>\n\n\t<\/div>\n\n<\/section>\n\n\n<div style=\"height:100px\" aria-hidden=\"true\" class=\"wp-block-spacer\"><\/div>\n\n\n\n<div class=\"wp-block-group has-white-color has-text-color has-background has-link-color wp-elements-da7eaea1ae0ec2ed15db09bc289fa55d\" style=\"background-color:#021132\"><div class=\"wp-block-group__inner-container is-layout-constrained wp-block-group-is-layout-constrained\"><section class=\"accordion\">\n\t\n\t<div class=\"container\">\n\n\t\t<div class=\"row\">\n\n\t\t\t\n\t\t\t\t<div class=\"col-lg-12 introduction\">\n\n\t\t\t\t\t<h2>Toutes les informations importantes<\/h2>\n\n\t\t\t\t<\/div>\n\n\t\t\t\n\t\t\t<div class=\"col-lg-12\">\n\n\t\t\t\t\n\t\t\t\t\t\t<div class=\"accordion_single\">\n\n\t\t\t\t\t\t\t<div class=\"accordion_title\">\n\n\t\t\t\t\t\t\t\t<h3>Comment reconna\u00eetre une possible infestation de rats<\/h3>\n\n\t\t\t\t\t\t\t\t<i class=\"fas fa-chevron-down\"><\/i>\n\n\t\t\t\t\t\t\t<\/div>\n\n\t\t\t\t\t\t\t<div class=\"accordion_content\">\n\n\t\t\t\t\t\t\t\t<p data-start=\"1098\" data-end=\"1548\">Une infestation de rats passe rarement inaper\u00e7ue. De nombreuses personnes touch\u00e9es signalent des bruits inhabituels, surtout la nuit, ou des signes visibles de leur pr\u00e9sence. Si vous remarquez une activit\u00e9 inhabituelle ou soup\u00e7onnez la pr\u00e9sence de rats, n&rsquo;attendez pas. Une intervention rapide est essentielle pour \u00e9viter toute propagation. Nous \u00e9valuerons la situation avec professionnalisme et discr\u00e9tion et mettrons en \u0153uvre les mesures n\u00e9cessaires.<\/p>\n\n\t\t\t\t\t\t\t\t\n\t\t\t\t\t\t\t<\/div>\t\t\t\t\t\t\t\n\n\t\t\t\t\t\t<\/div>\n\n\t\t\t\t\t\n\t\t\t\t\t\t<div class=\"accordion_single\">\n\n\t\t\t\t\t\t\t<div class=\"accordion_title\">\n\n\t\t\t\t\t\t\t\t<h3>Pourquoi l&rsquo;aide professionnelle est importante<\/h3>\n\n\t\t\t\t\t\t\t\t<i class=\"fas fa-chevron-down\"><\/i>\n\n\t\t\t\t\t\t\t<\/div>\n\n\t\t\t\t\t\t\t<div class=\"accordion_content\">\n\n\t\t\t\t\t\t\t\t<p data-start=\"1285\" data-end=\"1682\">Les rats sont tr\u00e8s intelligents et m\u00e9fiants. C&rsquo;est pourquoi les pi\u00e8ges et app\u00e2ts du commerce sont rarement efficaces. Une lutte antiparasitaire efficace exige exp\u00e9rience, savoir-faire et m\u00e9thodes professionnelles. Nous garantissons l&rsquo;\u00e9limination des infestations de mani\u00e8re s\u00fbre et durable, gr\u00e2ce \u00e0 des m\u00e9thodes efficaces, s\u00fbres et respectueuses de l&rsquo;environnement.<\/p>\n\n\t\t\t\t\t\t\t\t\n\t\t\t\t\t\t\t<\/div>\t\t\t\t\t\t\t\n\n\t\t\t\t\t\t<\/div>\n\n\t\t\t\t\t\n\t\t\t\t\t\t<div class=\"accordion_single\">\n\n\t\t\t\t\t\t\t<div class=\"accordion_title\">\n\n\t\t\t\t\t\t\t\t<h3>Notre approche<\/h3>\n\n\t\t\t\t\t\t\t\t<i class=\"fas fa-chevron-down\"><\/i>\n\n\t\t\t\t\t\t\t<\/div>\n\n\t\t\t\t\t\t\t<div class=\"accordion_content\">\n\n\t\t\t\t\t\t\t\t<p>Experts certifi\u00e9s en lutte antiparasitaire (IHK), nous proposons des services professionnels de d\u00e9ratisation \u00e0 Aix-la-Chapelle et ses environs. Notre intervention commence par une analyse approfondie de l&rsquo;infestation et l&rsquo;identification des points d&rsquo;entr\u00e9e potentiels. Nous mettons ensuite en \u0153uvre des mesures de contr\u00f4le cibl\u00e9es et adapt\u00e9es. Enfin, nous effectuons des inspections de suivi et mettons en place des mesures pr\u00e9ventives pour \u00e9viter toute r\u00e9infestation. La s\u00e9curit\u00e9 des personnes, des animaux domestiques et de l&rsquo;environnement est notre priorit\u00e9 absolue, et nous op\u00e9rons toujours dans le respect de la r\u00e9glementation en vigueur.<\/p>\n<p>Si vous constatez des signes d&rsquo;infestation de rats ou si vous avez le moindre soup\u00e7on, nous sommes l\u00e0 pour vous aider rapidement, efficacement et discr\u00e8tement. Contactez-nous sans tarder. Nous vous garantissons une solution durable et s\u00fbre pour d\u00e9barrasser votre maison ou votre entreprise des rats.<\/p>\n\n\t\t\t\t\t\t\t\t\n\t\t\t\t\t\t\t<\/div>\t\t\t\t\t\t\t\n\n\t\t\t\t\t\t<\/div>\n\n\t\t\t\t\t\n\t\t\t<\/div>\n\n\t\t<\/div>\n\n\t<\/div>\n\n<\/section><\/div><\/div>\n\n\n\n<div style=\"height:100px\" aria-hidden=\"true\" class=\"wp-block-spacer\"><\/div>\n\n\n<section class=\"contact\">\n\t\n\t<div class=\"container\">\n\n\t\t<div class=\"row\">\n\n\t\t\t<div class=\"col-lg-5 info_half\">\n\n\t\t\t\t<h2>N&rsquo;h\u00e9sitez pas \u00e0 <strong>nous contacter \u00e0 tout moment!<\/strong><\/h2>\n<p>Que ce soit chez un particulier, dans un restaurant ou un commerce, nous intervenons rapidement, efficacement et sans complications administratives inutiles. Contactez-nous si vous soup\u00e7onnez une infestation de rats. Nous serons ravis de vous conseiller et de trouver une solution durable.<\/p>\n\n\t\t\t\t<span><i class=\"fas fa-map-marker-alt\"><\/i>&nbsp;Buschstr. 34, 52146 W\u00fcrselen<\/span>\n\n\t\t\t\t<span><a href=\"tel:+49 171 103 2222\"><i class=\"fas fa-phone-alt\"><\/i>&nbsp;+49 171 103 2222<\/a><\/span>\n\n\t\t\t\t<span><a href=\"mailto:info@schaedlingsbekaempfung-euregio.de\"><i class=\"fas fa-envelope\"><\/i>&nbsp;info@schaedlingsbekaempfung-euregio.de<\/a><\/span>\n\n\t\t\t<\/div>\n\n\t\t\t<div class=\"col-lg-7\">\n\n\t\t\t\t\n<div class=\"wpcf7 no-js\" id=\"wpcf7-f1058-o1\" lang=\"fr-FR\" dir=\"ltr\" data-wpcf7-id=\"1058\">\n<div class=\"screen-reader-response\"><p role=\"status\" aria-live=\"polite\" aria-atomic=\"true\"><\/p> <ul><\/ul><\/div>\n<form action=\"\/fr\/wp-json\/wp\/v2\/pages\/499#wpcf7-f1058-o1\" method=\"post\" class=\"wpcf7-form init\" aria-label=\"Formulaire de contact\" novalidate=\"novalidate\" data-status=\"init\">\n<fieldset class=\"hidden-fields-container\"><input type=\"hidden\" name=\"_wpcf7\" value=\"1058\" \/><input type=\"hidden\" name=\"_wpcf7_version\" value=\"6.1.5\" \/><input type=\"hidden\" name=\"_wpcf7_locale\" value=\"fr_FR\" \/><input type=\"hidden\" name=\"_wpcf7_unit_tag\" value=\"wpcf7-f1058-o1\" \/><input type=\"hidden\" name=\"_wpcf7_container_post\" value=\"0\" \/><input type=\"hidden\" name=\"_wpcf7_posted_data_hash\" value=\"\" \/>\n<\/fieldset>\n<div class=\"container p-0\">\n\t<div class=\"row\">\n\t\t<div class=\"formfield col-md-6\">\n\t\t\t<p><span class=\"wpcf7-form-control-wrap\" data-name=\"full-name\"><input size=\"40\" maxlength=\"400\" class=\"wpcf7-form-control wpcf7-text wpcf7-validates-as-required\" aria-required=\"true\" aria-invalid=\"false\" placeholder=\"Nom *\" value=\"\" type=\"text\" name=\"full-name\" \/><\/span>\n\t\t\t<\/p>\n\t\t<\/div>\n\t\t<div class=\"formfield col-md-6\">\n\t\t\t<p><span class=\"wpcf7-form-control-wrap\" data-name=\"email\"><input size=\"40\" maxlength=\"400\" class=\"wpcf7-form-control wpcf7-email wpcf7-validates-as-required wpcf7-text wpcf7-validates-as-email\" aria-required=\"true\" aria-invalid=\"false\" placeholder=\"E-Mail *\" value=\"\" type=\"email\" name=\"email\" \/><\/span>\n\t\t\t<\/p>\n\t\t<\/div>\n\t\t<div class=\"formfield col-md-6\">\n\t\t\t<p><span class=\"wpcf7-form-control-wrap\" data-name=\"phone\"><input size=\"40\" maxlength=\"400\" class=\"wpcf7-form-control wpcf7-tel wpcf7-validates-as-required wpcf7-text wpcf7-validates-as-tel\" aria-required=\"true\" aria-invalid=\"false\" placeholder=\"T\u00e9l\u00e9phone *\" value=\"\" type=\"tel\" name=\"phone\" \/><\/span>\n\t\t\t<\/p>\n\t\t<\/div>\n\t\t<div class=\"formfield col-md-6\">\n\t\t\t<p><span class=\"wpcf7-form-control-wrap\" data-name=\"company\"><input size=\"40\" maxlength=\"400\" class=\"wpcf7-form-control wpcf7-text\" aria-invalid=\"false\" placeholder=\"Entreprise\" value=\"\" type=\"text\" name=\"company\" \/><\/span>\n\t\t\t<\/p>\n\t\t<\/div>\n\t\t<div class=\"formfield col-md-12\">\n\t\t\t<p><span class=\"wpcf7-form-control-wrap\" data-name=\"message\"><textarea cols=\"40\" rows=\"10\" maxlength=\"2000\" class=\"wpcf7-form-control wpcf7-textarea wpcf7-validates-as-required\" aria-required=\"true\" aria-invalid=\"false\" placeholder=\"Message *\" name=\"message\"><\/textarea><\/span>\n\t\t\t<\/p>\n\t\t<\/div>\n\t\t<div class=\"formfield col-md-12\">\n\t\t\t<p><span class=\"wpcf7-form-control-wrap\" data-name=\"privacy\"><span class=\"wpcf7-form-control wpcf7-acceptance\"><span class=\"wpcf7-list-item\"><label><input type=\"checkbox\" name=\"privacy\" value=\"1\" aria-invalid=\"false\" \/><span class=\"wpcf7-list-item-label\">J&rsquo;ai lu la politique de confidentialit\u00e9. *<\/span><\/label><\/span><\/span><\/span>\n\t\t\t<\/p>\n\t\t<\/div>\n\t\t<div class=\"formfield col-md-12\">\n\t\t\t<p><input class=\"wpcf7-form-control wpcf7-submit has-spinner\" type=\"submit\" value=\"Envoyer un message\" \/>\n\t\t\t<\/p>\n\t\t<\/div>\n\t<\/div>\n<\/div><div class=\"wpcf7-response-output\" aria-hidden=\"true\"><\/div>\n<\/form>\n<\/div>\n\n\t\t\t<\/div>\n\n\t\t<\/div>\n\n\t<\/div>\n\n<\/section>\n\n\n<div style=\"height:100px\" aria-hidden=\"true\" class=\"wp-block-spacer\"><\/div>\n","protected":false},"excerpt":{"rendered":"","protected":false},"author":1,"featured_media":0,"parent":616,"menu_order":0,"comment_status":"closed","ping_status":"closed","template":"","meta":{"_acf_changed":false,"footnotes":""},"class_list":["post-499","page","type-page","status-publish","hentry"],"acf":[],"yoast_head":"<!-- This site is optimized with the Yoast SEO plugin v27.4 - https:\/\/yoast.com\/product\/yoast-seo-wordpress\/ -->\n<title>Rats - Sch\u00e4dlingsbek\u00e4mpfung Kutsch<\/title>\n<meta name=\"robots\" content=\"index, follow, max-snippet:-1, max-image-preview:large, max-video-preview:-1\" \/>\n<link rel=\"canonical\" href=\"https:\/\/schaedlingsbekaempfung-euregio.de\/fr\/services\/rats\/\" \/>\n<meta property=\"og:locale\" content=\"fr_FR\" \/>\n<meta property=\"og:type\" content=\"article\" \/>\n<meta property=\"og:title\" content=\"Rats - Sch\u00e4dlingsbek\u00e4mpfung Kutsch\" \/>\n<meta property=\"og:url\" content=\"https:\/\/schaedlingsbekaempfung-euregio.de\/fr\/services\/rats\/\" \/>\n<meta property=\"og:site_name\" content=\"Sch\u00e4dlingsbek\u00e4mpfung Kutsch\" \/>\n<meta property=\"article:modified_time\" content=\"2026-02-09T06:20:10+00:00\" \/>\n<meta name=\"twitter:card\" content=\"summary_large_image\" \/>\n<script type=\"application\/ld+json\" class=\"yoast-schema-graph\">{\"@context\":\"https:\\\/\\\/schema.org\",\"@graph\":[{\"@type\":\"WebPage\",\"@id\":\"https:\\\/\\\/schaedlingsbekaempfung-euregio.de\\\/fr\\\/services\\\/rats\\\/\",\"url\":\"https:\\\/\\\/schaedlingsbekaempfung-euregio.de\\\/fr\\\/services\\\/rats\\\/\",\"name\":\"Rats - Sch\u00e4dlingsbek\u00e4mpfung Kutsch\",\"isPartOf\":{\"@id\":\"https:\\\/\\\/schaedlingsbekaempfung-euregio.de\\\/fr\\\/#website\"},\"datePublished\":\"2026-01-19T14:08:30+00:00\",\"dateModified\":\"2026-02-09T06:20:10+00:00\",\"breadcrumb\":{\"@id\":\"https:\\\/\\\/schaedlingsbekaempfung-euregio.de\\\/fr\\\/services\\\/rats\\\/#breadcrumb\"},\"inLanguage\":\"fr-FR\",\"potentialAction\":[{\"@type\":\"ReadAction\",\"target\":[\"https:\\\/\\\/schaedlingsbekaempfung-euregio.de\\\/fr\\\/services\\\/rats\\\/\"]}]},{\"@type\":\"BreadcrumbList\",\"@id\":\"https:\\\/\\\/schaedlingsbekaempfung-euregio.de\\\/fr\\\/services\\\/rats\\\/#breadcrumb\",\"itemListElement\":[{\"@type\":\"ListItem\",\"position\":1,\"name\":\"Start\",\"item\":\"https:\\\/\\\/schaedlingsbekaempfung-euregio.de\\\/fr\\\/\"},{\"@type\":\"ListItem\",\"position\":2,\"name\":\"Services\",\"item\":\"https:\\\/\\\/schaedlingsbekaempfung-euregio.de\\\/fr\\\/services\\\/\"},{\"@type\":\"ListItem\",\"position\":3,\"name\":\"Rats\"}]},{\"@type\":\"WebSite\",\"@id\":\"https:\\\/\\\/schaedlingsbekaempfung-euregio.de\\\/fr\\\/#website\",\"url\":\"https:\\\/\\\/schaedlingsbekaempfung-euregio.de\\\/fr\\\/\",\"name\":\"Sch\u00e4dlingsbek\u00e4mpfung Henry Kutsch\",\"description\":\"\",\"publisher\":{\"@id\":\"https:\\\/\\\/schaedlingsbekaempfung-euregio.de\\\/fr\\\/#organization\"},\"potentialAction\":[{\"@type\":\"SearchAction\",\"target\":{\"@type\":\"EntryPoint\",\"urlTemplate\":\"https:\\\/\\\/schaedlingsbekaempfung-euregio.de\\\/fr\\\/?s={search_term_string}\"},\"query-input\":{\"@type\":\"PropertyValueSpecification\",\"valueRequired\":true,\"valueName\":\"search_term_string\"}}],\"inLanguage\":\"fr-FR\"},{\"@type\":\"Organization\",\"@id\":\"https:\\\/\\\/schaedlingsbekaempfung-euregio.de\\\/fr\\\/#organization\",\"name\":\"Sch\u00e4dlingsbek\u00e4mpfung Henry Kutsch\",\"url\":\"https:\\\/\\\/schaedlingsbekaempfung-euregio.de\\\/fr\\\/\",\"logo\":{\"@type\":\"ImageObject\",\"inLanguage\":\"fr-FR\",\"@id\":\"https:\\\/\\\/schaedlingsbekaempfung-euregio.de\\\/fr\\\/#\\\/schema\\\/logo\\\/image\\\/\",\"url\":\"https:\\\/\\\/schaedlingsbekaempfung-euregio.de\\\/wp-content\\\/uploads\\\/2026\\\/02\\\/logo_white-bg.svg\",\"contentUrl\":\"https:\\\/\\\/schaedlingsbekaempfung-euregio.de\\\/wp-content\\\/uploads\\\/2026\\\/02\\\/logo_white-bg.svg\",\"width\":1,\"height\":1,\"caption\":\"Sch\u00e4dlingsbek\u00e4mpfung Henry Kutsch\"},\"image\":{\"@id\":\"https:\\\/\\\/schaedlingsbekaempfung-euregio.de\\\/fr\\\/#\\\/schema\\\/logo\\\/image\\\/\"}}]}<\/script>\n<!-- \/ Yoast SEO plugin. -->","yoast_head_json":{"title":"Rats - Sch\u00e4dlingsbek\u00e4mpfung Kutsch","robots":{"index":"index","follow":"follow","max-snippet":"max-snippet:-1","max-image-preview":"max-image-preview:large","max-video-preview":"max-video-preview:-1"},"canonical":"https:\/\/schaedlingsbekaempfung-euregio.de\/fr\/services\/rats\/","og_locale":"fr_FR","og_type":"article","og_title":"Rats - Sch\u00e4dlingsbek\u00e4mpfung Kutsch","og_url":"https:\/\/schaedlingsbekaempfung-euregio.de\/fr\/services\/rats\/","og_site_name":"Sch\u00e4dlingsbek\u00e4mpfung Kutsch","article_modified_time":"2026-02-09T06:20:10+00:00","twitter_card":"summary_large_image","schema":{"@context":"https:\/\/schema.org","@graph":[{"@type":"WebPage","@id":"https:\/\/schaedlingsbekaempfung-euregio.de\/fr\/services\/rats\/","url":"https:\/\/schaedlingsbekaempfung-euregio.de\/fr\/services\/rats\/","name":"Rats - Sch\u00e4dlingsbek\u00e4mpfung Kutsch","isPartOf":{"@id":"https:\/\/schaedlingsbekaempfung-euregio.de\/fr\/#website"},"datePublished":"2026-01-19T14:08:30+00:00","dateModified":"2026-02-09T06:20:10+00:00","breadcrumb":{"@id":"https:\/\/schaedlingsbekaempfung-euregio.de\/fr\/services\/rats\/#breadcrumb"},"inLanguage":"fr-FR","potentialAction":[{"@type":"ReadAction","target":["https:\/\/schaedlingsbekaempfung-euregio.de\/fr\/services\/rats\/"]}]},{"@type":"BreadcrumbList","@id":"https:\/\/schaedlingsbekaempfung-euregio.de\/fr\/services\/rats\/#breadcrumb","itemListElement":[{"@type":"ListItem","position":1,"name":"Start","item":"https:\/\/schaedlingsbekaempfung-euregio.de\/fr\/"},{"@type":"ListItem","position":2,"name":"Services","item":"https:\/\/schaedlingsbekaempfung-euregio.de\/fr\/services\/"},{"@type":"ListItem","position":3,"name":"Rats"}]},{"@type":"WebSite","@id":"https:\/\/schaedlingsbekaempfung-euregio.de\/fr\/#website","url":"https:\/\/schaedlingsbekaempfung-euregio.de\/fr\/","name":"Sch\u00e4dlingsbek\u00e4mpfung Henry Kutsch","description":"","publisher":{"@id":"https:\/\/schaedlingsbekaempfung-euregio.de\/fr\/#organization"},"potentialAction":[{"@type":"SearchAction","target":{"@type":"EntryPoint","urlTemplate":"https:\/\/schaedlingsbekaempfung-euregio.de\/fr\/?s={search_term_string}"},"query-input":{"@type":"PropertyValueSpecification","valueRequired":true,"valueName":"search_term_string"}}],"inLanguage":"fr-FR"},{"@type":"Organization","@id":"https:\/\/schaedlingsbekaempfung-euregio.de\/fr\/#organization","name":"Sch\u00e4dlingsbek\u00e4mpfung Henry Kutsch","url":"https:\/\/schaedlingsbekaempfung-euregio.de\/fr\/","logo":{"@type":"ImageObject","inLanguage":"fr-FR","@id":"https:\/\/schaedlingsbekaempfung-euregio.de\/fr\/#\/schema\/logo\/image\/","url":"https:\/\/schaedlingsbekaempfung-euregio.de\/wp-content\/uploads\/2026\/02\/logo_white-bg.svg","contentUrl":"https:\/\/schaedlingsbekaempfung-euregio.de\/wp-content\/uploads\/2026\/02\/logo_white-bg.svg","width":1,"height":1,"caption":"Sch\u00e4dlingsbek\u00e4mpfung Henry Kutsch"},"image":{"@id":"https:\/\/schaedlingsbekaempfung-euregio.de\/fr\/#\/schema\/logo\/image\/"}}]}},"_links":{"self":[{"href":"https:\/\/schaedlingsbekaempfung-euregio.de\/fr\/wp-json\/wp\/v2\/pages\/499","targetHints":{"allow":["GET"]}}],"collection":[{"href":"https:\/\/schaedlingsbekaempfung-euregio.de\/fr\/wp-json\/wp\/v2\/pages"}],"about":[{"href":"https:\/\/schaedlingsbekaempfung-euregio.de\/fr\/wp-json\/wp\/v2\/types\/page"}],"author":[{"embeddable":true,"href":"https:\/\/schaedlingsbekaempfung-euregio.de\/fr\/wp-json\/wp\/v2\/users\/1"}],"replies":[{"embeddable":true,"href":"https:\/\/schaedlingsbekaempfung-euregio.de\/fr\/wp-json\/wp\/v2\/comments?post=499"}],"version-history":[{"count":2,"href":"https:\/\/schaedlingsbekaempfung-euregio.de\/fr\/wp-json\/wp\/v2\/pages\/499\/revisions"}],"predecessor-version":[{"id":1250,"href":"https:\/\/schaedlingsbekaempfung-euregio.de\/fr\/wp-json\/wp\/v2\/pages\/499\/revisions\/1250"}],"up":[{"embeddable":true,"href":"https:\/\/schaedlingsbekaempfung-euregio.de\/fr\/wp-json\/wp\/v2\/pages\/616"}],"wp:attachment":[{"href":"https:\/\/schaedlingsbekaempfung-euregio.de\/fr\/wp-json\/wp\/v2\/media?parent=499"}],"curies":[{"name":"wp","href":"https:\/\/api.w.org\/{rel}","templated":true}]}}